{"id":269,"date":"2025-08-15T08:50:06","date_gmt":"2025-08-15T07:50:06","guid":{"rendered":"https:\/\/www.urologie-mallorca.eu\/cookie-policy\/"},"modified":"2026-04-13T11:27:57","modified_gmt":"2026-04-13T10:27:57","slug":"politica-de-cookies","status":"publish","type":"page","link":"https:\/\/www.urologie-mallorca.eu\/es\/politica-de-cookies\/","title":{"rendered":"Pol\u00edtica de cookies"},"content":{"rendered":"\n<p>Conforme a lo dispuesto en el art\u00edculo 22.2 de la Ley 34\/2002, de 11 de julio, de Servicios de la Sociedad de la Informaci\u00f3n y de Comercio Electr\u00f3nico (LSSI-CE) vigente, Urologie Mallorca debe cumplir con la obligaci\u00f3n de informar sobre las cookies que utiliza y sus finalidades.<\/p>\n\n\n\n<p>Este sitio web utiliza cookies y\/o tecnolog\u00edas similares que almacenan y recuperan informaci\u00f3n cuando navegas. Las cookies permiten a una p\u00e1gina web, entre otras cosas, almacenar y recuperar informaci\u00f3n sobre los h\u00e1bitos de navegaci\u00f3n de un Usuario o de su equipo y, dependiendo de la informaci\u00f3n que contenga y de la forma en que utilice su equipo, pueden utilizarse para reconocer al Usuario.<\/p>\n\n\n\n<p>Las cookies son esenciales para el funcionamiento de internet, aportando innumerables ventajas en la prestaci\u00f3n de servicios interactivos, facilit\u00e1ndole al Usuario la navegaci\u00f3n y usabilidad de nuestra web.<\/p>\n\n\n\n<p>La informaci\u00f3n que le proporcionamos a continuaci\u00f3n le ayudar\u00e1 a comprender los diferentes tipos de cookies:<\/p>\n\n\n\n<h2 class=\"wp-block-heading\">Tipos de cookies<\/h2>\n\n\n\n<h3 class=\"wp-block-heading\">Seg\u00fan la entidad que las gestione<\/h3>\n\n\n\n<ul class=\"wp-block-list\">\n<li>COOKIES PROPIAS: Son aquellas que se env\u00edan al equipo terminal del usuario desde un equipo o dominio gestionado por el propio editor y desde el que se presta el servicio solicitado por el usuario.<\/li>\n\n\n\n<li>COOKIES DE TERCERO: Son aquellas que se env\u00edan al equipo terminal del usuario desde un equipo o dominio que no es gestionado por el editor, sino por otra entidad que trata los datos obtenidos a trav\u00e9s de las cookies.<\/li>\n<\/ul>\n\n\n\n<h3 class=\"wp-block-heading\">Seg\u00fan el plazo de tiempo que permanezcan activadas<\/h3>\n\n\n\n<ul class=\"wp-block-list\">\n<li>COOKIES DE SESI\u00d3N: Son aquellas dise\u00f1adas para recabar y almacenar datos mientras el usuario accede a una p\u00e1gina web. Se suelen emplear para almacenar informaci\u00f3n que solo interesa conservar para la prestaci\u00f3n del servicio solicitado por el usuario en una sola ocasi\u00f3n (por ejemplo, una lista de productos adquiridos) y desaparecen al terminar la sesi\u00f3n.<\/li>\n\n\n\n<li>COOKIES PERSISTENTES Son aquellas en las que los datos siguen almacenados en el terminal y pueden ser accedidos y tratados durante un periodo definido por el responsable de la cookie, y que puede ir de unos minutos a varios a\u00f1os.<\/li>\n<\/ul>\n\n\n\n<h3 class=\"wp-block-heading\">Seg\u00fan su finalidad<\/h3>\n\n\n\n<ul class=\"wp-block-list\">\n<li>COOKIES T\u00c9CNICAS: Son aquellas que permiten al usuario la navegaci\u00f3n a trav\u00e9s de una p\u00e1gina web, plataforma o aplicaci\u00f3n y la utilizaci\u00f3n de las diferentes opciones o servicios que en ella existan<\/li>\n\n\n\n<li>COOKIES DE PERSONALIZACI\u00d3N: Permiten aplicar caracter\u00edsticas propias para la navegaci\u00f3n del usuario por el website (Ej. idioma).<\/li>\n\n\n\n<li>COOKIES DE AN\u00c1LISIS: Son aquellas que permiten al responsable de estas el seguimiento y an\u00e1lisis del comportamiento de los usuarios de los sitios web a los que est\u00e1n vinculadas, incluida la cuantificaci\u00f3n de los impactos de los anuncios. La informaci\u00f3n recogida mediante este tipo de cookies se utiliza en la medici\u00f3n de la actividad de los sitios web, aplicaci\u00f3n o plataforma, con el fin de introducir mejoras en funci\u00f3n del an\u00e1lisis de los datos de uso que hacen los usuarios del servicio.<\/li>\n\n\n\n<li>COOKIES PUBLICITARIAS: Permiten al editor incluir en la p\u00e1gina web espacios publicitarios, seg\u00fan el contenido de la propia web.<\/li>\n\n\n\n<li>COOKIES DE PUBLICIDAD COMPORTAMENTAL: Son aquellas que almacenan informaci\u00f3n del comportamiento de los usuarios obtenida a trav\u00e9s de la observaci\u00f3n continuada de sus h\u00e1bitos de navegaci\u00f3n, lo que permite desarrollar un perfil espec\u00edfico para mostrar publicidad en funci\u00f3n del mismo.<\/li>\n<\/ul>\n\n\n\n<p>Adicionalmente, Urologie Mallorca informa de manera m\u00e1s detallada de las cookies que utiliza sus titulares, el uso o finalidad concreta, los plazos de conservaci\u00f3n, as\u00ed como de las posibles Transferencias Internacionales de datos de cada una de ellas utilizadas en nuestra p\u00e1gina web:<\/p>\n\n\n\n<figure class=\"wp-block-table\"><table class=\"has-fixed-layout\"><tbody><tr><td>CookieID<br>(ID de la cookie y como aparece en la cach\u00e9 del navegador)<\/td><td>Tipo<br>(Propia o de terceros)<\/td><td>Expiraci\u00f3n\/Duraci\u00f3n<br>(Fecha de caducidad\/Duraci\u00f3n&nbsp; de la cookie una vez instalada)<\/td><td>Dominio<br>(Con qu\u00e9 dominio se asocia la cookie)<\/td><td>Descripci\u00f3n<br>(Funcionamiento y finalidad de la cookie)<\/td><\/tr><tr><td>wp-wpml_current_language<\/td><td>Propia<\/td><td>Sesision<\/td><td>urologie-mallorca.eu<\/td><td>ESTRICTAMENTE NECESARIA<\/td><\/tr><tr><td>cmplz_banner-status<\/td><td>Propia<\/td><td>Persistente. Caducidad\/Duraci\u00f3n: 1 a\u00f1o<\/td><td>.urologie-mallorca.eu.com<\/td><td>ESTRICTAMENTE NECESARIA<\/td><\/tr><tr><td>cmplz_consented_services<\/td><td>Propia<\/td><td>Persistente. Caducidad\/Duraci\u00f3n: 1 a\u00f1o<\/td><td>urologie-mallorca.eu<\/td><td>ESTRICTAMENTE NECESARIA<\/td><\/tr><tr><td>cmplz_functional<\/td><td>Propia<\/td><td>Persistente. Caducidad\/Duraci\u00f3n: 1 a\u00f1o<\/td><td>urologie-mallorca.eu<\/td><td>ESTRICTAMENTE NECESARIA<\/td><\/tr><tr><td>cmplz_marketing<\/td><td>Propia<\/td><td>Persistente. Caducidad\/Duraci\u00f3n: 1 a\u00f1o<\/td><td>urologie-mallorca.eu<\/td><td>ESTRICTAMENTE NECESARIA<\/td><\/tr><tr><td>cmplz_policy_id<\/td><td>Propia<\/td><td>Persistente. Caducidad\/Duraci\u00f3n: 1 a\u00f1o<\/td><td>urologie-mallorca.eu<\/td><td>ESTRICTAMENTE NECESARIA<\/td><\/tr><tr><td>cmplz_preferences<\/td><td>Propia<\/td><td>Persistente. Caducidad\/Duraci\u00f3n: 1 a\u00f1o<\/td><td>urologie-mallorca.eu<\/td><td>ESTRICTAMENTE NECESARIA<\/td><\/tr><tr><td>cmplz_statistics<\/td><td>Propia<\/td><td>Persistente. Caducidad\/Duraci\u00f3n: 1 a\u00f1o<\/td><td>urologie-mallorca.eu<\/td><td>ESTRICTAMENTE NECESARIA<\/td><\/tr><\/tbody><\/table><\/figure>\n\n\n\n<p>T\u00e9ngase en cuenta que, si acepta las cookies de terceros, deber\u00e1 eliminarlas desde las opciones del navegador o desde el sistema ofrecido por el propio tercero.<\/p>\n\n\n\n<p>A continuaci\u00f3n, le proporcionamos los enlaces de diversos navegadores, a trav\u00e9s de los cuales podr\u00e1 modificar la configuraci\u00f3n de su navegador sobre el uso de cookies:<\/p>\n\n\n\n<ul class=\"wp-block-list\">\n<li><strong>Chrome:<\/strong>&nbsp;<a href=\"http:\/\/support.google.com\/chrome\/bin\/answer.py?hl=es&amp;answer=95647\">http:\/\/support.google.com\/chrome\/bin\/answer.py?hl=es&amp;answer=95647<\/a><\/li>\n\n\n\n<li><strong>Microsoft Edge:&nbsp;<\/strong><a href=\"https:\/\/support.microsoft.com\/es-es\/microsoft-edge\/eliminar-las-cookies-en-%20microsoft-edge-63947406-40ac-c3b8-57b9-2a946a29ae09\">https:\/\/support.microsoft.com\/es-es\/microsoft-edge\/eliminar-las-cookies-en- microsoft-edge-63947406-40ac-c3b8-57b9-2a946a29ae09<\/a><\/li>\n\n\n\n<li><strong>Firefox:<\/strong>&nbsp;<a href=\"https:\/\/support.mozilla.org\/es\/kb\/cookies-informacion-que-los-sitios-web-guardan-en-\">https:\/\/support.mozilla.org\/es\/kb\/cookies-informacion-que-los-sitios-web-guardan-en-<\/a><\/li>\n\n\n\n<li><strong>Safari:<\/strong>&nbsp;<a href=\"https:\/\/support.apple.com\/kb\/ph17191?locale=es_ES\">https:\/\/support.apple.com\/kb\/ph17191?locale=es_ES<\/a><\/li>\n\n\n\n<li><strong>Opera:<\/strong>&nbsp;<a href=\"https:\/\/help.opera.com\/en\/latest\/web-preferences\/#cookies\">https:\/\/help.opera.com\/en\/latest\/web-preferences\/#cookies<\/a><\/li>\n<\/ul>\n\n\n\n<p>Para conocer m\u00e1s informaci\u00f3n sobre el tratamiento de datos personales, le recomendamos visitar nuestro apartado \u201cPol\u00edtica de Privacidad\u201d.<\/p>\n\n\n\n<p>\u00daltima actualizaci\u00f3n: 15 de abril de 2026<\/p>\n","protected":false},"excerpt":{"rendered":"<p>Conforme a lo dispuesto en el art\u00edculo 22.2 de la Ley 34\/2002, de 11 de julio, de Servicios de la Sociedad de la Informaci\u00f3n y de Comercio Electr\u00f3nico (LSSI-CE) vigente, Urologie Mallorca debe cumplir con la obligaci\u00f3n de informar sobre las cookies que utiliza y sus finalidades. Este sitio web utiliza cookies y\/o tecnolog\u00edas similares [&hellip;]<\/p>\n","protected":false},"author":1,"featured_media":0,"parent":0,"menu_order":0,"comment_status":"closed","ping_status":"closed","template":"","meta":{"footnotes":""},"class_list":["post-269","page","type-page","status-publish","hentry"],"yoast_head":"<!-- This site is optimized with the Yoast SEO plugin v27.3 - https:\/\/yoast.com\/product\/yoast-seo-wordpress\/ -->\n<title>Pol\u00edtica de cookies | Urologie Mallorca<\/title>\n<meta name=\"description\" content=\"Descubre c\u00f3mo utilizamos las cookies para mejorar tu experiencia en nuestro sitio web.\" \/>\n<meta name=\"robots\" content=\"index, follow, max-snippet:-1, max-image-preview:large, max-video-preview:-1\" \/>\n<link rel=\"canonical\" href=\"https:\/\/www.urologie-mallorca.eu\/es\/politica-de-cookies\/\" \/>\n<meta property=\"og:locale\" content=\"es_ES\" \/>\n<meta property=\"og:type\" content=\"article\" \/>\n<meta property=\"og:title\" content=\"Pol\u00edtica de cookies | Urologie Mallorca\" \/>\n<meta property=\"og:description\" content=\"Descubre c\u00f3mo utilizamos las cookies para mejorar tu experiencia en nuestro sitio web.\" \/>\n<meta property=\"og:url\" content=\"https:\/\/www.urologie-mallorca.eu\/es\/politica-de-cookies\/\" \/>\n<meta property=\"og:site_name\" content=\"Urologie Mallorca\" \/>\n<meta property=\"article:modified_time\" content=\"2026-04-13T10:27:57+00:00\" \/>\n<meta property=\"og:image\" content=\"https:\/\/www.urologie-mallorca.eu\/wp-content\/uploads\/2025\/07\/urologie-social-card.png\" \/>\n\t<meta property=\"og:image:width\" content=\"880\" \/>\n\t<meta property=\"og:image:height\" content=\"660\" \/>\n\t<meta property=\"og:image:type\" content=\"image\/png\" \/>\n<meta name=\"twitter:card\" content=\"summary_large_image\" \/>\n<meta name=\"twitter:label1\" content=\"Tiempo de lectura\" \/>\n\t<meta name=\"twitter:data1\" content=\"4 minutos\" \/>\n<script type=\"application\/ld+json\" class=\"yoast-schema-graph\">{\"@context\":\"https:\\\/\\\/schema.org\",\"@graph\":[{\"@type\":\"WebPage\",\"@id\":\"https:\\\/\\\/www.urologie-mallorca.eu\\\/es\\\/politica-de-cookies\\\/\",\"url\":\"https:\\\/\\\/www.urologie-mallorca.eu\\\/es\\\/politica-de-cookies\\\/\",\"name\":\"Pol\u00edtica de cookies | Urologie Mallorca\",\"isPartOf\":{\"@id\":\"https:\\\/\\\/www.urologie-mallorca.eu\\\/es\\\/#website\"},\"datePublished\":\"2025-08-15T07:50:06+00:00\",\"dateModified\":\"2026-04-13T10:27:57+00:00\",\"description\":\"Descubre c\u00f3mo utilizamos las cookies para mejorar tu experiencia en nuestro sitio web.\",\"breadcrumb\":{\"@id\":\"https:\\\/\\\/www.urologie-mallorca.eu\\\/es\\\/politica-de-cookies\\\/#breadcrumb\"},\"inLanguage\":\"es\",\"potentialAction\":[{\"@type\":\"ReadAction\",\"target\":[\"https:\\\/\\\/www.urologie-mallorca.eu\\\/es\\\/politica-de-cookies\\\/\"]}]},{\"@type\":\"BreadcrumbList\",\"@id\":\"https:\\\/\\\/www.urologie-mallorca.eu\\\/es\\\/politica-de-cookies\\\/#breadcrumb\",\"itemListElement\":[{\"@type\":\"ListItem\",\"position\":1,\"name\":\"Home\",\"item\":\"https:\\\/\\\/www.urologie-mallorca.eu\\\/es\\\/homepage\\\/\"},{\"@type\":\"ListItem\",\"position\":2,\"name\":\"Pol\u00edtica de cookies\"}]},{\"@type\":\"WebSite\",\"@id\":\"https:\\\/\\\/www.urologie-mallorca.eu\\\/es\\\/#website\",\"url\":\"https:\\\/\\\/www.urologie-mallorca.eu\\\/es\\\/\",\"name\":\"Urologie Mallorca\",\"description\":\"\",\"publisher\":{\"@id\":\"https:\\\/\\\/www.urologie-mallorca.eu\\\/es\\\/#organization\"},\"potentialAction\":[{\"@type\":\"SearchAction\",\"target\":{\"@type\":\"EntryPoint\",\"urlTemplate\":\"https:\\\/\\\/www.urologie-mallorca.eu\\\/es\\\/?s={search_term_string}\"},\"query-input\":{\"@type\":\"PropertyValueSpecification\",\"valueRequired\":true,\"valueName\":\"search_term_string\"}}],\"inLanguage\":\"es\"},{\"@type\":\"Organization\",\"@id\":\"https:\\\/\\\/www.urologie-mallorca.eu\\\/es\\\/#organization\",\"name\":\"Urologie Mallorca\",\"url\":\"https:\\\/\\\/www.urologie-mallorca.eu\\\/es\\\/\",\"logo\":{\"@type\":\"ImageObject\",\"inLanguage\":\"es\",\"@id\":\"https:\\\/\\\/www.urologie-mallorca.eu\\\/es\\\/#\\\/schema\\\/logo\\\/image\\\/\",\"url\":\"https:\\\/\\\/www.urologie-mallorca.eu\\\/wp-content\\\/uploads\\\/2025\\\/07\\\/urologie-social-card.png\",\"contentUrl\":\"https:\\\/\\\/www.urologie-mallorca.eu\\\/wp-content\\\/uploads\\\/2025\\\/07\\\/urologie-social-card.png\",\"width\":880,\"height\":660,\"caption\":\"Urologie Mallorca\"},\"image\":{\"@id\":\"https:\\\/\\\/www.urologie-mallorca.eu\\\/es\\\/#\\\/schema\\\/logo\\\/image\\\/\"}}]}<\/script>\n<!-- \/ Yoast SEO plugin. -->","yoast_head_json":{"title":"Pol\u00edtica de cookies | Urologie Mallorca","description":"Descubre c\u00f3mo utilizamos las cookies para mejorar tu experiencia en nuestro sitio web.","robots":{"index":"index","follow":"follow","max-snippet":"max-snippet:-1","max-image-preview":"max-image-preview:large","max-video-preview":"max-video-preview:-1"},"canonical":"https:\/\/www.urologie-mallorca.eu\/es\/politica-de-cookies\/","og_locale":"es_ES","og_type":"article","og_title":"Pol\u00edtica de cookies | Urologie Mallorca","og_description":"Descubre c\u00f3mo utilizamos las cookies para mejorar tu experiencia en nuestro sitio web.","og_url":"https:\/\/www.urologie-mallorca.eu\/es\/politica-de-cookies\/","og_site_name":"Urologie Mallorca","article_modified_time":"2026-04-13T10:27:57+00:00","og_image":[{"width":880,"height":660,"url":"https:\/\/www.urologie-mallorca.eu\/wp-content\/uploads\/2025\/07\/urologie-social-card.png","type":"image\/png"}],"twitter_card":"summary_large_image","twitter_misc":{"Tiempo de lectura":"4 minutos"},"schema":{"@context":"https:\/\/schema.org","@graph":[{"@type":"WebPage","@id":"https:\/\/www.urologie-mallorca.eu\/es\/politica-de-cookies\/","url":"https:\/\/www.urologie-mallorca.eu\/es\/politica-de-cookies\/","name":"Pol\u00edtica de cookies | Urologie Mallorca","isPartOf":{"@id":"https:\/\/www.urologie-mallorca.eu\/es\/#website"},"datePublished":"2025-08-15T07:50:06+00:00","dateModified":"2026-04-13T10:27:57+00:00","description":"Descubre c\u00f3mo utilizamos las cookies para mejorar tu experiencia en nuestro sitio web.","breadcrumb":{"@id":"https:\/\/www.urologie-mallorca.eu\/es\/politica-de-cookies\/#breadcrumb"},"inLanguage":"es","potentialAction":[{"@type":"ReadAction","target":["https:\/\/www.urologie-mallorca.eu\/es\/politica-de-cookies\/"]}]},{"@type":"BreadcrumbList","@id":"https:\/\/www.urologie-mallorca.eu\/es\/politica-de-cookies\/#breadcrumb","itemListElement":[{"@type":"ListItem","position":1,"name":"Home","item":"https:\/\/www.urologie-mallorca.eu\/es\/homepage\/"},{"@type":"ListItem","position":2,"name":"Pol\u00edtica de cookies"}]},{"@type":"WebSite","@id":"https:\/\/www.urologie-mallorca.eu\/es\/#website","url":"https:\/\/www.urologie-mallorca.eu\/es\/","name":"Urologie Mallorca","description":"","publisher":{"@id":"https:\/\/www.urologie-mallorca.eu\/es\/#organization"},"potentialAction":[{"@type":"SearchAction","target":{"@type":"EntryPoint","urlTemplate":"https:\/\/www.urologie-mallorca.eu\/es\/?s={search_term_string}"},"query-input":{"@type":"PropertyValueSpecification","valueRequired":true,"valueName":"search_term_string"}}],"inLanguage":"es"},{"@type":"Organization","@id":"https:\/\/www.urologie-mallorca.eu\/es\/#organization","name":"Urologie Mallorca","url":"https:\/\/www.urologie-mallorca.eu\/es\/","logo":{"@type":"ImageObject","inLanguage":"es","@id":"https:\/\/www.urologie-mallorca.eu\/es\/#\/schema\/logo\/image\/","url":"https:\/\/www.urologie-mallorca.eu\/wp-content\/uploads\/2025\/07\/urologie-social-card.png","contentUrl":"https:\/\/www.urologie-mallorca.eu\/wp-content\/uploads\/2025\/07\/urologie-social-card.png","width":880,"height":660,"caption":"Urologie Mallorca"},"image":{"@id":"https:\/\/www.urologie-mallorca.eu\/es\/#\/schema\/logo\/image\/"}}]}},"_links":{"self":[{"href":"https:\/\/www.urologie-mallorca.eu\/es\/wp-json\/wp\/v2\/pages\/269","targetHints":{"allow":["GET"]}}],"collection":[{"href":"https:\/\/www.urologie-mallorca.eu\/es\/wp-json\/wp\/v2\/pages"}],"about":[{"href":"https:\/\/www.urologie-mallorca.eu\/es\/wp-json\/wp\/v2\/types\/page"}],"author":[{"embeddable":true,"href":"https:\/\/www.urologie-mallorca.eu\/es\/wp-json\/wp\/v2\/users\/1"}],"replies":[{"embeddable":true,"href":"https:\/\/www.urologie-mallorca.eu\/es\/wp-json\/wp\/v2\/comments?post=269"}],"version-history":[{"count":2,"href":"https:\/\/www.urologie-mallorca.eu\/es\/wp-json\/wp\/v2\/pages\/269\/revisions"}],"predecessor-version":[{"id":274,"href":"https:\/\/www.urologie-mallorca.eu\/es\/wp-json\/wp\/v2\/pages\/269\/revisions\/274"}],"wp:attachment":[{"href":"https:\/\/www.urologie-mallorca.eu\/es\/wp-json\/wp\/v2\/media?parent=269"}],"curies":[{"name":"wp","href":"https:\/\/api.w.org\/{rel}","templated":true}]}}