{"id":234,"date":"2025-08-15T08:37:41","date_gmt":"2025-08-15T07:37:41","guid":{"rendered":"https:\/\/www.urologie-mallorca.eu\/legal-note\/"},"modified":"2026-04-13T10:57:39","modified_gmt":"2026-04-13T09:57:39","slug":"aviso-legal","status":"publish","type":"page","link":"https:\/\/www.urologie-mallorca.eu\/es\/aviso-legal\/","title":{"rendered":"Aviso legal"},"content":{"rendered":"\n<h2 class=\"wp-block-heading\"><strong>Introducci\u00f3n<\/strong><strong><\/strong><\/h2>\n\n\n\n<p>En cumplimiento de la Ley 34\/2002, de 11 de julio, de Servicios de la Sociedad de la Informaci\u00f3n y de Comercio Electr\u00f3nico (LSSI-CE), Urologie Mallorca informa que es titular del sitio web. De acuerdo con la exigencia del art\u00edculo 10 de la citada Ley, Urologie Mallorca informa de los siguientes datos:<\/p>\n\n\n\n<figure class=\"wp-block-table\"><table class=\"has-fixed-layout\"><tbody><tr><td><strong>REPRESENTANTE LEGAL<\/strong><strong><\/strong><\/td><td>Stefan Kamp<\/td><\/tr><tr><td><strong>NIF<\/strong><strong><\/strong><\/td><td>X7590143M<\/td><\/tr><tr><td><strong>DOMINIO<\/strong><strong><\/strong><\/td><td><a href=\"https:\/\/www.urologie-mallorca.eu\/es\/\" target=\"_blank\" rel=\"noreferrer noopener\">urologie-mallorca.eu<\/a><\/td><\/tr><tr><td><strong>DIRECCI\u00d3N POSTAL<\/strong><strong><\/strong><\/td><td>Cam\u00ed dels Reis, 308, Edificio 3A, Norte, 07011 Palma<\/td><\/tr><tr><td><strong>DIRECCI\u00d3N ELECTR\u00d3NICA<\/strong><strong><\/strong><\/td><td><a href=\"mailto:urology@palma-clinic.com\">urology@palma-clinic.com<\/a><\/td><\/tr><tr><td><strong>TEL\u00c9FONOS<\/strong><strong><\/strong><\/td><td>(+34) 971 905 202<\/td><\/tr><\/tbody><\/table><\/figure>\n\n\n\n<h2 class=\"wp-block-heading\"><strong>Usuario y r\u00e9gimen de responsabilidades<\/strong><strong><\/strong><\/h2>\n\n\n\n<p>La navegaci\u00f3n, acceso y uso por el sitio web de Urologie Mallorca confiere la condici\u00f3n de usuario.<\/p>\n\n\n\n<p>El sitio web de Urologie Mallorca proporciona gran diversidad de informaci\u00f3n, servicios y datos. El usuario asume su responsabilidad en el uso correcto del sitio web. Esta responsabilidad se extender\u00e1 a:<\/p>\n\n\n\n<ul class=\"wp-block-list\">\n<li>La veracidad y licitud de las informaciones aportadas por el usuario en los formularios extendidos por Urologie Mallorca para el acceso a ciertos contenidos o servicios ofrecidos por el web.<\/li>\n\n\n\n<li>El uso de la informaci\u00f3n, servicios y datos ofrecidos por Urologie Mallorca contrariamente a lo dispuesto por las presentes condiciones, la Ley, la moral, las buenas costumbres o el orden p\u00fablico, o que de cualquier otro modo puedan suponer lesi\u00f3n de los derechos de terceros o del mismo funcionamiento del sitio web.<\/li>\n<\/ul>\n\n\n\n<h2 class=\"wp-block-heading\"><strong>Pol\u00edtica de enlaces y exenciones de responsabilidad<\/strong><strong><\/strong><\/h2>\n\n\n\n<p>Urologie Mallorca no se hace responsable del contenido de los sitios web a los que el usuario pueda acceder a trav\u00e9s de los enlaces establecidos en su sitio web, siempre que no tenga conocimiento efectivo de que la actividad o la informaci\u00f3n a la que remite o recomienda es il\u00edcita o de que lesiona bienes o derechos de un tercero susceptibles de indemnizaci\u00f3n, o, en caso de tenerlo, act\u00fae con diligencia para suprimir o inutilizar el enlace correspondiente.<\/p>\n\n\n\n<p>Se entender\u00e1 que Urologie Mallorca tiene el conocimiento efectivo a que se refiere el p\u00e1rrafo anterior cuando un \u00f3rgano competente haya declarado la ilicitud de los datos, ordenado su retirada o que se imposibilite el acceso a los mismos, o se hubiera declarado la existencia de la lesi\u00f3n, y Urologie Mallorca conociera la correspondiente resoluci\u00f3n, sin perjuicio de los procedimientos de detecci\u00f3n y retirada de contenidos que Urologie Mallorca aplique en virtud de acuerdos voluntarios y de otros medios de conocimiento efectivo que pudieran establecerse.<\/p>\n\n\n\n<p>Urologie Mallorca declara haber adoptado todas las medidas necesarias para evitar cualquier da\u00f1o a los usuarios de su sitio web, que pudieran derivarse de la navegaci\u00f3n por su sitio web. En consecuencia, Urologie Mallorca no se hace responsable, en ning\u00fan caso, de los eventuales da\u00f1os que por la navegaci\u00f3n por Internet pudiera sufrir el usuario. Asimismo, tampoco garantizar\u00e1 la disponibilidad t\u00e9cnica, exactitud, veracidad, validez o legalidad de sitios ajenos a su propiedad a los que se pueda acceder por medio de los enlaces.<\/p>\n\n\n\n<h2 class=\"wp-block-heading\"><strong>Modificaciones<\/strong><strong><\/strong><\/h2>\n\n\n\n<p>Urologie Mallorca se reserva el derecho a realizar las modificaciones que considere oportunas, sin aviso previo, en el contenido de su sitio web. Tanto en lo referente a los contenidos del sitio web, como en las condiciones de uso del mismo, o en las condiciones generales de contrataci\u00f3n. Los cambios a los que hace referencia este apartado, no afectar\u00e1n a las contrataciones realizadas con fecha anterior a la fecha de publicaci\u00f3n de los mismos.<\/p>\n\n\n\n<p>Dichas modificaciones podr\u00e1n realizarse a trav\u00e9s de su sitio web por cualquier forma admisible en derecho y ser\u00e1n de obligado cumplimiento durante el tiempo en que se encuentren publicadas en el web y hasta que no sean modificadas v\u00e1lidamente por otras posteriores.<\/p>\n\n\n\n<h2 class=\"wp-block-heading\"><strong>Indicaci\u00f3n de precios<\/strong><strong><\/strong><\/h2>\n\n\n\n<p>En caso de que se muestren precios de productos y\/o servicios, los indicados en pantalla ser\u00e1n los vigentes en cada momento. Los precios ser\u00e1n indicados en euros y tendr\u00e1n incorporado el Impuesto sobre el Valor A\u00f1adido (IVA). En caso de que no se incorpore el IVA en el precio, se indicar\u00e1 de manera expresa y se permitir\u00e1 al usuario visualizar el precio final completo.<\/p>\n\n\n\n<p>Asimismo, si fuera aplicable cualquier otro impuesto, as\u00ed se indicar\u00eda, incluyendo, en su caso, el importe de los incrementos o descuentos que sean de aplicaci\u00f3n a la oferta y los gastos adicionales que puedan repercutir al consumidor o usuario.<\/p>\n\n\n\n<h2 class=\"wp-block-heading\"><strong>Propiedad intelectual e industrial<\/strong><strong><\/strong><\/h2>\n\n\n\n<p>Urologie Mallorca por s\u00ed misma o como cesionaria, es titular de todos los derechos de propiedad intelectual e industrial de su p\u00e1gina web, as\u00ed como de los elementos contenidos en la misma (a t\u00edtulo enunciativo, im\u00e1genes, sonido, audio, v\u00eddeo, software o textos; marcas o logotipos, combinaciones de colores, estructura y dise\u00f1o, selecci\u00f3n de materiales usados, programas de ordenador necesarios para su funcionamiento, acceso y uso, etc.), titularidad de Urologie Mallorca. Ser\u00e1n, por consiguiente, obras protegidas como propiedad intelectual por el ordenamiento jur\u00eddico espa\u00f1ol, si\u00e9ndoles aplicables tanto la normativa espa\u00f1ola y comunitaria en este campo, como los tratados internacionales relativos a la materia y suscritos por Espa\u00f1a.<\/p>\n\n\n\n<p>Todos los derechos reservados. En virtud de lo dispuesto en la Ley de Propiedad Intelectual, quedan expresamente prohibidas la reproducci\u00f3n, la distribuci\u00f3n y la comunicaci\u00f3n p\u00fablica, incluida su modalidad de puesta a disposici\u00f3n, de la totalidad o parte de los contenidos de esta p\u00e1gina web, con fines comerciales, en cualquier soporte y por cualquier medio t\u00e9cnico, sin la autorizaci\u00f3n de Urologie Mallorca.<\/p>\n\n\n\n<p>El usuario se compromete a respetar los derechos de Propiedad Intelectual e Industrial titularidad de Urologie Mallorca. Podr\u00e1 visualizar los elementos del portal e incluso imprimirlos, copiarlos y almacenarlos en el disco duro de su ordenador o en cualquier otro soporte f\u00edsico siempre y cuando sea, \u00fanica y exclusivamente, para su uso personal y privado. El usuario deber\u00e1 abstenerse de suprimir, alterar,<\/p>\n\n\n\n<p>eludir o manipular cualquier dispositivo de protecci\u00f3n o sistema de seguridad que estuviera instalado en las p\u00e1ginas de Urologie Mallorca.<\/p>\n\n\n\n<h2 class=\"wp-block-heading\">Acciones legales, legislaci\u00f3n aplicable y jurisdicci\u00f3n<\/h2>\n\n\n\n<p>Si el usuario desea presentar una reclamaci\u00f3n, deber\u00e1 contactar mediante el correo electr\u00f3nico <a href=\"mailto:urology@palma-clinic.com\">urology@palma-clinic.com<\/a>.\u00a0Asimismo, Urologie Mallorca dispone de hojas oficiales de reclamaci\u00f3n a disposici\u00f3n de los consumidores y usuarios.<\/p>\n\n\n\n<p>Urologie Mallorca se reserva la facultad de presentar las acciones civiles o penales que considere oportunas por la utilizaci\u00f3n indebida de su sitio web y contenidos, o por el incumplimiento de las presentes condiciones.<\/p>\n\n\n\n<p>La relaci\u00f3n entre el usuario y el prestador se regir\u00e1 por la normativa vigente y de aplicaci\u00f3n en el territorio espa\u00f1ol. De surgir cualquier controversia las partes podr\u00e1n someter sus conflictos a arbitraje o acudir a la jurisdicci\u00f3n ordinaria cumpliendo con las normas sobre jurisdicci\u00f3n y competencia al respecto. Urologie Mallorca tiene su domicilio en ILLES BALEARS, Espa\u00f1a.<\/p>\n","protected":false},"excerpt":{"rendered":"<p>Introducci\u00f3n En cumplimiento de la Ley 34\/2002, de 11 de julio, de Servicios de la Sociedad de la Informaci\u00f3n y de Comercio Electr\u00f3nico (LSSI-CE), Urologie Mallorca informa que es titular del sitio web. De acuerdo con la exigencia del art\u00edculo 10 de la citada Ley, Urologie Mallorca informa de los siguientes datos: REPRESENTANTE LEGAL Stefan [&hellip;]<\/p>\n","protected":false},"author":1,"featured_media":0,"parent":0,"menu_order":0,"comment_status":"closed","ping_status":"closed","template":"","meta":{"footnotes":""},"class_list":["post-234","page","type-page","status-publish","hentry"],"yoast_head":"<!-- This site is optimized with the Yoast SEO plugin v27.3 - https:\/\/yoast.com\/product\/yoast-seo-wordpress\/ -->\n<title>Aviso legal | Urologie Mallorca<\/title>\n<meta name=\"description\" content=\"Conozca nuestros t\u00e9rminos de uso, pol\u00edtica de privacidad y condiciones de servicio. Informaci\u00f3n legal clara y transparente para su confianza.\" \/>\n<meta name=\"robots\" content=\"index, follow, max-snippet:-1, max-image-preview:large, max-video-preview:-1\" \/>\n<link rel=\"canonical\" href=\"https:\/\/www.urologie-mallorca.eu\/es\/aviso-legal\/\" \/>\n<meta property=\"og:locale\" content=\"es_ES\" \/>\n<meta property=\"og:type\" content=\"article\" \/>\n<meta property=\"og:title\" content=\"Aviso legal | Urologie Mallorca\" \/>\n<meta property=\"og:description\" content=\"Conozca nuestros t\u00e9rminos de uso, pol\u00edtica de privacidad y condiciones de servicio. Informaci\u00f3n legal clara y transparente para su confianza.\" \/>\n<meta property=\"og:url\" content=\"https:\/\/www.urologie-mallorca.eu\/es\/aviso-legal\/\" \/>\n<meta property=\"og:site_name\" content=\"Urologie Mallorca\" \/>\n<meta property=\"article:modified_time\" content=\"2026-04-13T09:57:39+00:00\" \/>\n<meta property=\"og:image\" content=\"https:\/\/www.urologie-mallorca.eu\/wp-content\/uploads\/2025\/07\/urologie-social-card.png\" \/>\n\t<meta property=\"og:image:width\" content=\"880\" \/>\n\t<meta property=\"og:image:height\" content=\"660\" \/>\n\t<meta property=\"og:image:type\" content=\"image\/png\" \/>\n<meta name=\"twitter:card\" content=\"summary_large_image\" \/>\n<meta name=\"twitter:label1\" content=\"Tiempo de lectura\" \/>\n\t<meta name=\"twitter:data1\" content=\"5 minutos\" \/>\n<script type=\"application\/ld+json\" class=\"yoast-schema-graph\">{\"@context\":\"https:\\\/\\\/schema.org\",\"@graph\":[{\"@type\":\"WebPage\",\"@id\":\"https:\\\/\\\/www.urologie-mallorca.eu\\\/es\\\/aviso-legal\\\/\",\"url\":\"https:\\\/\\\/www.urologie-mallorca.eu\\\/es\\\/aviso-legal\\\/\",\"name\":\"Aviso legal | Urologie Mallorca\",\"isPartOf\":{\"@id\":\"https:\\\/\\\/www.urologie-mallorca.eu\\\/es\\\/#website\"},\"datePublished\":\"2025-08-15T07:37:41+00:00\",\"dateModified\":\"2026-04-13T09:57:39+00:00\",\"description\":\"Conozca nuestros t\u00e9rminos de uso, pol\u00edtica de privacidad y condiciones de servicio. Informaci\u00f3n legal clara y transparente para su confianza.\",\"breadcrumb\":{\"@id\":\"https:\\\/\\\/www.urologie-mallorca.eu\\\/es\\\/aviso-legal\\\/#breadcrumb\"},\"inLanguage\":\"es\",\"potentialAction\":[{\"@type\":\"ReadAction\",\"target\":[\"https:\\\/\\\/www.urologie-mallorca.eu\\\/es\\\/aviso-legal\\\/\"]}]},{\"@type\":\"BreadcrumbList\",\"@id\":\"https:\\\/\\\/www.urologie-mallorca.eu\\\/es\\\/aviso-legal\\\/#breadcrumb\",\"itemListElement\":[{\"@type\":\"ListItem\",\"position\":1,\"name\":\"Home\",\"item\":\"https:\\\/\\\/www.urologie-mallorca.eu\\\/es\\\/homepage\\\/\"},{\"@type\":\"ListItem\",\"position\":2,\"name\":\"Aviso legal\"}]},{\"@type\":\"WebSite\",\"@id\":\"https:\\\/\\\/www.urologie-mallorca.eu\\\/es\\\/#website\",\"url\":\"https:\\\/\\\/www.urologie-mallorca.eu\\\/es\\\/\",\"name\":\"Urologie Mallorca\",\"description\":\"\",\"publisher\":{\"@id\":\"https:\\\/\\\/www.urologie-mallorca.eu\\\/es\\\/#organization\"},\"potentialAction\":[{\"@type\":\"SearchAction\",\"target\":{\"@type\":\"EntryPoint\",\"urlTemplate\":\"https:\\\/\\\/www.urologie-mallorca.eu\\\/es\\\/?s={search_term_string}\"},\"query-input\":{\"@type\":\"PropertyValueSpecification\",\"valueRequired\":true,\"valueName\":\"search_term_string\"}}],\"inLanguage\":\"es\"},{\"@type\":\"Organization\",\"@id\":\"https:\\\/\\\/www.urologie-mallorca.eu\\\/es\\\/#organization\",\"name\":\"Urologie Mallorca\",\"url\":\"https:\\\/\\\/www.urologie-mallorca.eu\\\/es\\\/\",\"logo\":{\"@type\":\"ImageObject\",\"inLanguage\":\"es\",\"@id\":\"https:\\\/\\\/www.urologie-mallorca.eu\\\/es\\\/#\\\/schema\\\/logo\\\/image\\\/\",\"url\":\"https:\\\/\\\/www.urologie-mallorca.eu\\\/wp-content\\\/uploads\\\/2025\\\/07\\\/urologie-social-card.png\",\"contentUrl\":\"https:\\\/\\\/www.urologie-mallorca.eu\\\/wp-content\\\/uploads\\\/2025\\\/07\\\/urologie-social-card.png\",\"width\":880,\"height\":660,\"caption\":\"Urologie Mallorca\"},\"image\":{\"@id\":\"https:\\\/\\\/www.urologie-mallorca.eu\\\/es\\\/#\\\/schema\\\/logo\\\/image\\\/\"}}]}<\/script>\n<!-- \/ Yoast SEO plugin. -->","yoast_head_json":{"title":"Aviso legal | Urologie Mallorca","description":"Conozca nuestros t\u00e9rminos de uso, pol\u00edtica de privacidad y condiciones de servicio. Informaci\u00f3n legal clara y transparente para su confianza.","robots":{"index":"index","follow":"follow","max-snippet":"max-snippet:-1","max-image-preview":"max-image-preview:large","max-video-preview":"max-video-preview:-1"},"canonical":"https:\/\/www.urologie-mallorca.eu\/es\/aviso-legal\/","og_locale":"es_ES","og_type":"article","og_title":"Aviso legal | Urologie Mallorca","og_description":"Conozca nuestros t\u00e9rminos de uso, pol\u00edtica de privacidad y condiciones de servicio. Informaci\u00f3n legal clara y transparente para su confianza.","og_url":"https:\/\/www.urologie-mallorca.eu\/es\/aviso-legal\/","og_site_name":"Urologie Mallorca","article_modified_time":"2026-04-13T09:57:39+00:00","og_image":[{"width":880,"height":660,"url":"https:\/\/www.urologie-mallorca.eu\/wp-content\/uploads\/2025\/07\/urologie-social-card.png","type":"image\/png"}],"twitter_card":"summary_large_image","twitter_misc":{"Tiempo de lectura":"5 minutos"},"schema":{"@context":"https:\/\/schema.org","@graph":[{"@type":"WebPage","@id":"https:\/\/www.urologie-mallorca.eu\/es\/aviso-legal\/","url":"https:\/\/www.urologie-mallorca.eu\/es\/aviso-legal\/","name":"Aviso legal | Urologie Mallorca","isPartOf":{"@id":"https:\/\/www.urologie-mallorca.eu\/es\/#website"},"datePublished":"2025-08-15T07:37:41+00:00","dateModified":"2026-04-13T09:57:39+00:00","description":"Conozca nuestros t\u00e9rminos de uso, pol\u00edtica de privacidad y condiciones de servicio. Informaci\u00f3n legal clara y transparente para su confianza.","breadcrumb":{"@id":"https:\/\/www.urologie-mallorca.eu\/es\/aviso-legal\/#breadcrumb"},"inLanguage":"es","potentialAction":[{"@type":"ReadAction","target":["https:\/\/www.urologie-mallorca.eu\/es\/aviso-legal\/"]}]},{"@type":"BreadcrumbList","@id":"https:\/\/www.urologie-mallorca.eu\/es\/aviso-legal\/#breadcrumb","itemListElement":[{"@type":"ListItem","position":1,"name":"Home","item":"https:\/\/www.urologie-mallorca.eu\/es\/homepage\/"},{"@type":"ListItem","position":2,"name":"Aviso legal"}]},{"@type":"WebSite","@id":"https:\/\/www.urologie-mallorca.eu\/es\/#website","url":"https:\/\/www.urologie-mallorca.eu\/es\/","name":"Urologie Mallorca","description":"","publisher":{"@id":"https:\/\/www.urologie-mallorca.eu\/es\/#organization"},"potentialAction":[{"@type":"SearchAction","target":{"@type":"EntryPoint","urlTemplate":"https:\/\/www.urologie-mallorca.eu\/es\/?s={search_term_string}"},"query-input":{"@type":"PropertyValueSpecification","valueRequired":true,"valueName":"search_term_string"}}],"inLanguage":"es"},{"@type":"Organization","@id":"https:\/\/www.urologie-mallorca.eu\/es\/#organization","name":"Urologie Mallorca","url":"https:\/\/www.urologie-mallorca.eu\/es\/","logo":{"@type":"ImageObject","inLanguage":"es","@id":"https:\/\/www.urologie-mallorca.eu\/es\/#\/schema\/logo\/image\/","url":"https:\/\/www.urologie-mallorca.eu\/wp-content\/uploads\/2025\/07\/urologie-social-card.png","contentUrl":"https:\/\/www.urologie-mallorca.eu\/wp-content\/uploads\/2025\/07\/urologie-social-card.png","width":880,"height":660,"caption":"Urologie Mallorca"},"image":{"@id":"https:\/\/www.urologie-mallorca.eu\/es\/#\/schema\/logo\/image\/"}}]}},"_links":{"self":[{"href":"https:\/\/www.urologie-mallorca.eu\/es\/wp-json\/wp\/v2\/pages\/234","targetHints":{"allow":["GET"]}}],"collection":[{"href":"https:\/\/www.urologie-mallorca.eu\/es\/wp-json\/wp\/v2\/pages"}],"about":[{"href":"https:\/\/www.urologie-mallorca.eu\/es\/wp-json\/wp\/v2\/types\/page"}],"author":[{"embeddable":true,"href":"https:\/\/www.urologie-mallorca.eu\/es\/wp-json\/wp\/v2\/users\/1"}],"replies":[{"embeddable":true,"href":"https:\/\/www.urologie-mallorca.eu\/es\/wp-json\/wp\/v2\/comments?post=234"}],"version-history":[{"count":1,"href":"https:\/\/www.urologie-mallorca.eu\/es\/wp-json\/wp\/v2\/pages\/234\/revisions"}],"predecessor-version":[{"id":236,"href":"https:\/\/www.urologie-mallorca.eu\/es\/wp-json\/wp\/v2\/pages\/234\/revisions\/236"}],"wp:attachment":[{"href":"https:\/\/www.urologie-mallorca.eu\/es\/wp-json\/wp\/v2\/media?parent=234"}],"curies":[{"name":"wp","href":"https:\/\/api.w.org\/{rel}","templated":true}]}}