{"id":154,"date":"2026-03-31T09:32:43","date_gmt":"2026-03-31T08:32:43","guid":{"rendered":"https:\/\/www.bidari.es\/customers\/urologie\/about-us\/"},"modified":"2026-04-13T10:40:40","modified_gmt":"2026-04-13T09:40:40","slug":"sobre-nosotros","status":"publish","type":"page","link":"https:\/\/www.urologie-mallorca.eu\/es\/sobre-nosotros\/","title":{"rendered":"Sobre nosotros"},"content":{"rendered":"\n<p>Dr. Kamp and his team specialize in gentle, so-called <strong>minimal-invasive surgical techniques<\/strong> from benign to malignant diseases of the kidney, ureter, bladder, prostate, and the urethra. He is especially experienced in the potency preserving <strong>endoscopic surgery<\/strong> of the prostate cancer and the organ-sparing surgical procedures in the treatment of <strong>kidney cancer<\/strong>.<\/p>\n\n<p>Further areas of focus are the laser-supported treatment of the benign <strong>prostate hyperplasia<\/strong> and of <strong>renal and ureteral calculi<\/strong>, all the gentle methods for the treatment of <strong>bladder weakness<\/strong>, the medical treatment of tumour diseases, the treatment of infertility as well as the treatment of age-related <strong>hormonal imbalance<\/strong>.<\/p>\n\n<p>Due to his long experience in General and Cardiac Surgery, his specialized education at the Urological University Hospital in Mannheim, and his work as Head Physician, Dr. Kamp can look back on <strong>20 years of clinical experience<\/strong> and a broad spectrum of medicine. He has thereby performed more than 2,000 surgeries and has medically treated more than 4,000 patients.<\/p>\n\n<p>He is a member of different international professional associations and has participated as a coordinator in numerous <strong>scientific studies<\/strong> in the field of cancer therapy. Dr. Kamp also worked as a specialist for the treatment of the <strong>prostate carcinoma<\/strong> for the EUrology Academy. He is a member of the European Board of Urology, the European Association of Urology, the German Society for Urology, and the Mannheim-Harvard-Medical-Education Alliance.<\/p>\n\n<figure class=\"wp-block-gallery has-nested-images columns-default is-cropped wp-block-gallery-1 is-layout-flex wp-block-gallery-is-layout-flex\">\n<figure data-wp-context=\"{&quot;imageId&quot;:&quot;69dcefeeb4929&quot;}\" data-wp-interactive=\"core\/image\" data-wp-key=\"69dcefeeb4929\" class=\"wp-block-image size-large wp-lightbox-container\"><img loading=\"lazy\" decoding=\"async\" width=\"1024\" height=\"682\" data-wp-class--hide=\"state.isContentHidden\" data-wp-class--show=\"state.isContentVisible\" data-wp-init=\"callbacks.setButtonStyles\" data-wp-on--click=\"actions.showLightbox\" data-wp-on--load=\"callbacks.setButtonStyles\" data-wp-on-window--resize=\"callbacks.setButtonStyles\" data-id=\"61\" src=\"https:\/\/www.urologie-mallorca.eu\/wp-content\/uploads\/2025\/08\/urologie-mallorca-clinic-1-1024x682.jpg\" alt=\"\" class=\"wp-image-61\" srcset=\"https:\/\/www.urologie-mallorca.eu\/wp-content\/uploads\/2025\/08\/urologie-mallorca-clinic-1-1024x682.jpg 1024w, https:\/\/www.urologie-mallorca.eu\/wp-content\/uploads\/2025\/08\/urologie-mallorca-clinic-1-300x200.jpg 300w, https:\/\/www.urologie-mallorca.eu\/wp-content\/uploads\/2025\/08\/urologie-mallorca-clinic-1-768x512.jpg 768w, https:\/\/www.urologie-mallorca.eu\/wp-content\/uploads\/2025\/08\/urologie-mallorca-clinic-1-1536x1023.jpg 1536w, https:\/\/www.urologie-mallorca.eu\/wp-content\/uploads\/2025\/08\/urologie-mallorca-clinic-1-1568x1045.jpg 1568w, https:\/\/www.urologie-mallorca.eu\/wp-content\/uploads\/2025\/08\/urologie-mallorca-clinic-1-414x276.jpg 414w, https:\/\/www.urologie-mallorca.eu\/wp-content\/uploads\/2025\/08\/urologie-mallorca-clinic-1-828x552.jpg 828w, https:\/\/www.urologie-mallorca.eu\/wp-content\/uploads\/2025\/08\/urologie-mallorca-clinic-1-1440x959.jpg 1440w, https:\/\/www.urologie-mallorca.eu\/wp-content\/uploads\/2025\/08\/urologie-mallorca-clinic-1.jpg 1600w\" sizes=\"auto, (max-width: 1024px) 100vw, 1024px\" \/><button\n\t\t\tclass=\"lightbox-trigger\"\n\t\t\ttype=\"button\"\n\t\t\taria-haspopup=\"dialog\"\n\t\t\taria-label=\"Agrandar\"\n\t\t\tdata-wp-init=\"callbacks.initTriggerButton\"\n\t\t\tdata-wp-on--click=\"actions.showLightbox\"\n\t\t\tdata-wp-style--right=\"state.imageButtonRight\"\n\t\t\tdata-wp-style--top=\"state.imageButtonTop\"\n\t\t>\n\t\t\t<svg xmlns=\"http:\/\/www.w3.org\/2000\/svg\" width=\"12\" height=\"12\" fill=\"none\" viewBox=\"0 0 12 12\">\n\t\t\t\t<path fill=\"#fff\" d=\"M2 0a2 2 0 0 0-2 2v2h1.5V2a.5.5 0 0 1 .5-.5h2V0H2Zm2 10.5H2a.5.5 0 0 1-.5-.5V8H0v2a2 2 0 0 0 2 2h2v-1.5ZM8 12v-1.5h2a.5.5 0 0 0 .5-.5V8H12v2a2 2 0 0 1-2 2H8Zm2-12a2 2 0 0 1 2 2v2h-1.5V2a.5.5 0 0 0-.5-.5H8V0h2Z\" \/>\n\t\t\t<\/svg>\n\t\t<\/button><\/figure>\n\n\n\n<figure data-wp-context=\"{&quot;imageId&quot;:&quot;69dcefeeb4f9a&quot;}\" data-wp-interactive=\"core\/image\" data-wp-key=\"69dcefeeb4f9a\" class=\"wp-block-image size-large wp-lightbox-container\"><img loading=\"lazy\" decoding=\"async\" width=\"1024\" height=\"599\" data-wp-class--hide=\"state.isContentHidden\" data-wp-class--show=\"state.isContentVisible\" data-wp-init=\"callbacks.setButtonStyles\" data-wp-on--click=\"actions.showLightbox\" data-wp-on--load=\"callbacks.setButtonStyles\" data-wp-on-window--resize=\"callbacks.setButtonStyles\" data-id=\"62\" src=\"https:\/\/www.urologie-mallorca.eu\/wp-content\/uploads\/2025\/08\/urologie-mallorca-clinic-3-1024x599.jpg\" alt=\"\" class=\"wp-image-62\" srcset=\"https:\/\/www.urologie-mallorca.eu\/wp-content\/uploads\/2025\/08\/urologie-mallorca-clinic-3-1024x599.jpg 1024w, https:\/\/www.urologie-mallorca.eu\/wp-content\/uploads\/2025\/08\/urologie-mallorca-clinic-3-300x176.jpg 300w, https:\/\/www.urologie-mallorca.eu\/wp-content\/uploads\/2025\/08\/urologie-mallorca-clinic-3-768x449.jpg 768w, https:\/\/www.urologie-mallorca.eu\/wp-content\/uploads\/2025\/08\/urologie-mallorca-clinic-3-1536x899.jpg 1536w, https:\/\/www.urologie-mallorca.eu\/wp-content\/uploads\/2025\/08\/urologie-mallorca-clinic-3-1568x917.jpg 1568w, https:\/\/www.urologie-mallorca.eu\/wp-content\/uploads\/2025\/08\/urologie-mallorca-clinic-3-414x242.jpg 414w, https:\/\/www.urologie-mallorca.eu\/wp-content\/uploads\/2025\/08\/urologie-mallorca-clinic-3-828x484.jpg 828w, https:\/\/www.urologie-mallorca.eu\/wp-content\/uploads\/2025\/08\/urologie-mallorca-clinic-3-1440x842.jpg 1440w, https:\/\/www.urologie-mallorca.eu\/wp-content\/uploads\/2025\/08\/urologie-mallorca-clinic-3.jpg 1600w\" sizes=\"auto, (max-width: 1024px) 100vw, 1024px\" \/><button\n\t\t\tclass=\"lightbox-trigger\"\n\t\t\ttype=\"button\"\n\t\t\taria-haspopup=\"dialog\"\n\t\t\taria-label=\"Agrandar\"\n\t\t\tdata-wp-init=\"callbacks.initTriggerButton\"\n\t\t\tdata-wp-on--click=\"actions.showLightbox\"\n\t\t\tdata-wp-style--right=\"state.imageButtonRight\"\n\t\t\tdata-wp-style--top=\"state.imageButtonTop\"\n\t\t>\n\t\t\t<svg xmlns=\"http:\/\/www.w3.org\/2000\/svg\" width=\"12\" height=\"12\" fill=\"none\" viewBox=\"0 0 12 12\">\n\t\t\t\t<path fill=\"#fff\" d=\"M2 0a2 2 0 0 0-2 2v2h1.5V2a.5.5 0 0 1 .5-.5h2V0H2Zm2 10.5H2a.5.5 0 0 1-.5-.5V8H0v2a2 2 0 0 0 2 2h2v-1.5ZM8 12v-1.5h2a.5.5 0 0 0 .5-.5V8H12v2a2 2 0 0 1-2 2H8Zm2-12a2 2 0 0 1 2 2v2h-1.5V2a.5.5 0 0 0-.5-.5H8V0h2Z\" \/>\n\t\t\t<\/svg>\n\t\t<\/button><\/figure>\n\n\n\n<figure data-wp-context=\"{&quot;imageId&quot;:&quot;69dcefeeb566e&quot;}\" data-wp-interactive=\"core\/image\" data-wp-key=\"69dcefeeb566e\" class=\"wp-block-image size-large wp-lightbox-container\"><img loading=\"lazy\" decoding=\"async\" width=\"1024\" height=\"663\" data-wp-class--hide=\"state.isContentHidden\" data-wp-class--show=\"state.isContentVisible\" data-wp-init=\"callbacks.setButtonStyles\" data-wp-on--click=\"actions.showLightbox\" data-wp-on--load=\"callbacks.setButtonStyles\" data-wp-on-window--resize=\"callbacks.setButtonStyles\" data-id=\"63\" src=\"https:\/\/www.urologie-mallorca.eu\/wp-content\/uploads\/2025\/08\/urologie-mallorca-clinic-4-1024x663.jpg\" alt=\"\" class=\"wp-image-63\" srcset=\"https:\/\/www.urologie-mallorca.eu\/wp-content\/uploads\/2025\/08\/urologie-mallorca-clinic-4-1024x663.jpg 1024w, https:\/\/www.urologie-mallorca.eu\/wp-content\/uploads\/2025\/08\/urologie-mallorca-clinic-4-300x194.jpg 300w, https:\/\/www.urologie-mallorca.eu\/wp-content\/uploads\/2025\/08\/urologie-mallorca-clinic-4-768x497.jpg 768w, https:\/\/www.urologie-mallorca.eu\/wp-content\/uploads\/2025\/08\/urologie-mallorca-clinic-4-1536x995.jpg 1536w, https:\/\/www.urologie-mallorca.eu\/wp-content\/uploads\/2025\/08\/urologie-mallorca-clinic-4-1568x1015.jpg 1568w, https:\/\/www.urologie-mallorca.eu\/wp-content\/uploads\/2025\/08\/urologie-mallorca-clinic-4-414x268.jpg 414w, https:\/\/www.urologie-mallorca.eu\/wp-content\/uploads\/2025\/08\/urologie-mallorca-clinic-4-828x536.jpg 828w, https:\/\/www.urologie-mallorca.eu\/wp-content\/uploads\/2025\/08\/urologie-mallorca-clinic-4-1440x932.jpg 1440w, https:\/\/www.urologie-mallorca.eu\/wp-content\/uploads\/2025\/08\/urologie-mallorca-clinic-4.jpg 1600w\" sizes=\"auto, (max-width: 1024px) 100vw, 1024px\" \/><button\n\t\t\tclass=\"lightbox-trigger\"\n\t\t\ttype=\"button\"\n\t\t\taria-haspopup=\"dialog\"\n\t\t\taria-label=\"Agrandar\"\n\t\t\tdata-wp-init=\"callbacks.initTriggerButton\"\n\t\t\tdata-wp-on--click=\"actions.showLightbox\"\n\t\t\tdata-wp-style--right=\"state.imageButtonRight\"\n\t\t\tdata-wp-style--top=\"state.imageButtonTop\"\n\t\t>\n\t\t\t<svg xmlns=\"http:\/\/www.w3.org\/2000\/svg\" width=\"12\" height=\"12\" fill=\"none\" viewBox=\"0 0 12 12\">\n\t\t\t\t<path fill=\"#fff\" d=\"M2 0a2 2 0 0 0-2 2v2h1.5V2a.5.5 0 0 1 .5-.5h2V0H2Zm2 10.5H2a.5.5 0 0 1-.5-.5V8H0v2a2 2 0 0 0 2 2h2v-1.5ZM8 12v-1.5h2a.5.5 0 0 0 .5-.5V8H12v2a2 2 0 0 1-2 2H8Zm2-12a2 2 0 0 1 2 2v2h-1.5V2a.5.5 0 0 0-.5-.5H8V0h2Z\" \/>\n\t\t\t<\/svg>\n\t\t<\/button><\/figure>\n\n\n\n<figure data-wp-context=\"{&quot;imageId&quot;:&quot;69dcefeeb5cb3&quot;}\" data-wp-interactive=\"core\/image\" data-wp-key=\"69dcefeeb5cb3\" class=\"wp-block-image size-large wp-lightbox-container\"><img loading=\"lazy\" decoding=\"async\" width=\"1024\" height=\"650\" data-wp-class--hide=\"state.isContentHidden\" data-wp-class--show=\"state.isContentVisible\" data-wp-init=\"callbacks.setButtonStyles\" data-wp-on--click=\"actions.showLightbox\" data-wp-on--load=\"callbacks.setButtonStyles\" data-wp-on-window--resize=\"callbacks.setButtonStyles\" data-id=\"64\" src=\"https:\/\/www.urologie-mallorca.eu\/wp-content\/uploads\/2025\/08\/urologie-mallorca-clinic-5-1024x650.jpg\" alt=\"\" class=\"wp-image-64\" srcset=\"https:\/\/www.urologie-mallorca.eu\/wp-content\/uploads\/2025\/08\/urologie-mallorca-clinic-5-1024x650.jpg 1024w, https:\/\/www.urologie-mallorca.eu\/wp-content\/uploads\/2025\/08\/urologie-mallorca-clinic-5-300x191.jpg 300w, https:\/\/www.urologie-mallorca.eu\/wp-content\/uploads\/2025\/08\/urologie-mallorca-clinic-5-768x488.jpg 768w, https:\/\/www.urologie-mallorca.eu\/wp-content\/uploads\/2025\/08\/urologie-mallorca-clinic-5-1536x975.jpg 1536w, https:\/\/www.urologie-mallorca.eu\/wp-content\/uploads\/2025\/08\/urologie-mallorca-clinic-5-1568x996.jpg 1568w, https:\/\/www.urologie-mallorca.eu\/wp-content\/uploads\/2025\/08\/urologie-mallorca-clinic-5-414x263.jpg 414w, https:\/\/www.urologie-mallorca.eu\/wp-content\/uploads\/2025\/08\/urologie-mallorca-clinic-5-828x526.jpg 828w, https:\/\/www.urologie-mallorca.eu\/wp-content\/uploads\/2025\/08\/urologie-mallorca-clinic-5-1440x914.jpg 1440w, https:\/\/www.urologie-mallorca.eu\/wp-content\/uploads\/2025\/08\/urologie-mallorca-clinic-5.jpg 1600w\" sizes=\"auto, (max-width: 1024px) 100vw, 1024px\" \/><button\n\t\t\tclass=\"lightbox-trigger\"\n\t\t\ttype=\"button\"\n\t\t\taria-haspopup=\"dialog\"\n\t\t\taria-label=\"Agrandar\"\n\t\t\tdata-wp-init=\"callbacks.initTriggerButton\"\n\t\t\tdata-wp-on--click=\"actions.showLightbox\"\n\t\t\tdata-wp-style--right=\"state.imageButtonRight\"\n\t\t\tdata-wp-style--top=\"state.imageButtonTop\"\n\t\t>\n\t\t\t<svg xmlns=\"http:\/\/www.w3.org\/2000\/svg\" width=\"12\" height=\"12\" fill=\"none\" viewBox=\"0 0 12 12\">\n\t\t\t\t<path fill=\"#fff\" d=\"M2 0a2 2 0 0 0-2 2v2h1.5V2a.5.5 0 0 1 .5-.5h2V0H2Zm2 10.5H2a.5.5 0 0 1-.5-.5V8H0v2a2 2 0 0 0 2 2h2v-1.5ZM8 12v-1.5h2a.5.5 0 0 0 .5-.5V8H12v2a2 2 0 0 1-2 2H8Zm2-12a2 2 0 0 1 2 2v2h-1.5V2a.5.5 0 0 0-.5-.5H8V0h2Z\" \/>\n\t\t\t<\/svg>\n\t\t<\/button><\/figure>\n\n\n\n<figure data-wp-context=\"{&quot;imageId&quot;:&quot;69dcefeeb6359&quot;}\" data-wp-interactive=\"core\/image\" data-wp-key=\"69dcefeeb6359\" class=\"wp-block-image size-large wp-lightbox-container\"><img loading=\"lazy\" decoding=\"async\" width=\"1024\" height=\"682\" data-wp-class--hide=\"state.isContentHidden\" data-wp-class--show=\"state.isContentVisible\" data-wp-init=\"callbacks.setButtonStyles\" data-wp-on--click=\"actions.showLightbox\" data-wp-on--load=\"callbacks.setButtonStyles\" data-wp-on-window--resize=\"callbacks.setButtonStyles\" data-id=\"67\" src=\"https:\/\/www.urologie-mallorca.eu\/wp-content\/uploads\/2025\/08\/urologie-mallorca-clinic-6-1024x682.jpg\" alt=\"\" class=\"wp-image-67\" srcset=\"https:\/\/www.urologie-mallorca.eu\/wp-content\/uploads\/2025\/08\/urologie-mallorca-clinic-6-1024x682.jpg 1024w, https:\/\/www.urologie-mallorca.eu\/wp-content\/uploads\/2025\/08\/urologie-mallorca-clinic-6-300x200.jpg 300w, https:\/\/www.urologie-mallorca.eu\/wp-content\/uploads\/2025\/08\/urologie-mallorca-clinic-6-768x512.jpg 768w, https:\/\/www.urologie-mallorca.eu\/wp-content\/uploads\/2025\/08\/urologie-mallorca-clinic-6-1536x1023.jpg 1536w, https:\/\/www.urologie-mallorca.eu\/wp-content\/uploads\/2025\/08\/urologie-mallorca-clinic-6-1568x1045.jpg 1568w, https:\/\/www.urologie-mallorca.eu\/wp-content\/uploads\/2025\/08\/urologie-mallorca-clinic-6-414x276.jpg 414w, https:\/\/www.urologie-mallorca.eu\/wp-content\/uploads\/2025\/08\/urologie-mallorca-clinic-6-828x552.jpg 828w, https:\/\/www.urologie-mallorca.eu\/wp-content\/uploads\/2025\/08\/urologie-mallorca-clinic-6-1440x959.jpg 1440w, https:\/\/www.urologie-mallorca.eu\/wp-content\/uploads\/2025\/08\/urologie-mallorca-clinic-6.jpg 1600w\" sizes=\"auto, (max-width: 1024px) 100vw, 1024px\" \/><button\n\t\t\tclass=\"lightbox-trigger\"\n\t\t\ttype=\"button\"\n\t\t\taria-haspopup=\"dialog\"\n\t\t\taria-label=\"Agrandar\"\n\t\t\tdata-wp-init=\"callbacks.initTriggerButton\"\n\t\t\tdata-wp-on--click=\"actions.showLightbox\"\n\t\t\tdata-wp-style--right=\"state.imageButtonRight\"\n\t\t\tdata-wp-style--top=\"state.imageButtonTop\"\n\t\t>\n\t\t\t<svg xmlns=\"http:\/\/www.w3.org\/2000\/svg\" width=\"12\" height=\"12\" fill=\"none\" viewBox=\"0 0 12 12\">\n\t\t\t\t<path fill=\"#fff\" d=\"M2 0a2 2 0 0 0-2 2v2h1.5V2a.5.5 0 0 1 .5-.5h2V0H2Zm2 10.5H2a.5.5 0 0 1-.5-.5V8H0v2a2 2 0 0 0 2 2h2v-1.5ZM8 12v-1.5h2a.5.5 0 0 0 .5-.5V8H12v2a2 2 0 0 1-2 2H8Zm2-12a2 2 0 0 1 2 2v2h-1.5V2a.5.5 0 0 0-.5-.5H8V0h2Z\" \/>\n\t\t\t<\/svg>\n\t\t<\/button><\/figure>\n<\/figure>\n","protected":false},"excerpt":{"rendered":"<p>Dr. Kamp and his team specialize in gentle, so-called minimal-invasive surgical techniques from benign to malignant diseases of the kidney, ureter, bladder, prostate, and the urethra. He is especially experienced in the potency preserving endoscopic surgery of the prostate cancer and the organ-sparing surgical procedures in the treatment of kidney cancer. Further areas of focus [&hellip;]<\/p>\n","protected":false},"author":1,"featured_media":121,"parent":0,"menu_order":0,"comment_status":"closed","ping_status":"closed","template":"page-templates\/page_company.php","meta":{"footnotes":""},"class_list":["post-154","page","type-page","status-publish","has-post-thumbnail","hentry"],"yoast_head":"<!-- This site is optimized with the Yoast SEO plugin v27.3 - https:\/\/yoast.com\/product\/yoast-seo-wordpress\/ -->\n<title>Sobre nosotros | Urologie Mallorca<\/title>\n<meta name=\"description\" content=\"Especialista en urolog\u00eda y cirug\u00eda m\u00ednimamente invasiva. El Dr. Kamp trata c\u00e1ncer de pr\u00f3stata, ri\u00f1\u00f3n e incontinencia con t\u00e9cnicas avanzadas y l\u00e1ser.\" \/>\n<meta name=\"robots\" content=\"index, follow, max-snippet:-1, max-image-preview:large, max-video-preview:-1\" \/>\n<link rel=\"canonical\" href=\"https:\/\/www.urologie-mallorca.eu\/es\/sobre-nosotros\/\" \/>\n<meta property=\"og:locale\" content=\"es_ES\" \/>\n<meta property=\"og:type\" content=\"article\" \/>\n<meta property=\"og:title\" content=\"Sobre nosotros | Urologie Mallorca\" \/>\n<meta property=\"og:description\" content=\"Especialista en urolog\u00eda y cirug\u00eda m\u00ednimamente invasiva. El Dr. Kamp trata c\u00e1ncer de pr\u00f3stata, ri\u00f1\u00f3n e incontinencia con t\u00e9cnicas avanzadas y l\u00e1ser.\" \/>\n<meta property=\"og:url\" content=\"https:\/\/www.urologie-mallorca.eu\/es\/sobre-nosotros\/\" \/>\n<meta property=\"og:site_name\" content=\"Urologie Mallorca\" \/>\n<meta property=\"article:modified_time\" content=\"2026-04-13T09:40:40+00:00\" \/>\n<meta property=\"og:image\" content=\"https:\/\/www.urologie-mallorca.eu\/wp-content\/uploads\/2025\/08\/urologie-mallorca-clinic-2.jpg\" \/>\n\t<meta property=\"og:image:width\" content=\"1600\" \/>\n\t<meta property=\"og:image:height\" content=\"936\" \/>\n\t<meta property=\"og:image:type\" content=\"image\/jpeg\" \/>\n<meta name=\"twitter:card\" content=\"summary_large_image\" \/>\n<meta name=\"twitter:label1\" content=\"Tiempo de lectura\" \/>\n\t<meta name=\"twitter:data1\" content=\"3 minutos\" \/>\n<script type=\"application\/ld+json\" class=\"yoast-schema-graph\">{\"@context\":\"https:\\\/\\\/schema.org\",\"@graph\":[{\"@type\":\"WebPage\",\"@id\":\"https:\\\/\\\/www.urologie-mallorca.eu\\\/es\\\/sobre-nosotros\\\/\",\"url\":\"https:\\\/\\\/www.urologie-mallorca.eu\\\/es\\\/sobre-nosotros\\\/\",\"name\":\"Sobre nosotros | Urologie Mallorca\",\"isPartOf\":{\"@id\":\"https:\\\/\\\/www.urologie-mallorca.eu\\\/es\\\/#website\"},\"primaryImageOfPage\":{\"@id\":\"https:\\\/\\\/www.urologie-mallorca.eu\\\/es\\\/sobre-nosotros\\\/#primaryimage\"},\"image\":{\"@id\":\"https:\\\/\\\/www.urologie-mallorca.eu\\\/es\\\/sobre-nosotros\\\/#primaryimage\"},\"thumbnailUrl\":\"https:\\\/\\\/www.urologie-mallorca.eu\\\/wp-content\\\/uploads\\\/2025\\\/08\\\/urologie-mallorca-clinic-2.jpg\",\"datePublished\":\"2026-03-31T08:32:43+00:00\",\"dateModified\":\"2026-04-13T09:40:40+00:00\",\"description\":\"Especialista en urolog\u00eda y cirug\u00eda m\u00ednimamente invasiva. El Dr. Kamp trata c\u00e1ncer de pr\u00f3stata, ri\u00f1\u00f3n e incontinencia con t\u00e9cnicas avanzadas y l\u00e1ser.\",\"breadcrumb\":{\"@id\":\"https:\\\/\\\/www.urologie-mallorca.eu\\\/es\\\/sobre-nosotros\\\/#breadcrumb\"},\"inLanguage\":\"es\",\"potentialAction\":[{\"@type\":\"ReadAction\",\"target\":[\"https:\\\/\\\/www.urologie-mallorca.eu\\\/es\\\/sobre-nosotros\\\/\"]}]},{\"@type\":\"ImageObject\",\"inLanguage\":\"es\",\"@id\":\"https:\\\/\\\/www.urologie-mallorca.eu\\\/es\\\/sobre-nosotros\\\/#primaryimage\",\"url\":\"https:\\\/\\\/www.urologie-mallorca.eu\\\/wp-content\\\/uploads\\\/2025\\\/08\\\/urologie-mallorca-clinic-2.jpg\",\"contentUrl\":\"https:\\\/\\\/www.urologie-mallorca.eu\\\/wp-content\\\/uploads\\\/2025\\\/08\\\/urologie-mallorca-clinic-2.jpg\",\"width\":1600,\"height\":936},{\"@type\":\"BreadcrumbList\",\"@id\":\"https:\\\/\\\/www.urologie-mallorca.eu\\\/es\\\/sobre-nosotros\\\/#breadcrumb\",\"itemListElement\":[{\"@type\":\"ListItem\",\"position\":1,\"name\":\"Home\",\"item\":\"https:\\\/\\\/www.urologie-mallorca.eu\\\/es\\\/homepage\\\/\"},{\"@type\":\"ListItem\",\"position\":2,\"name\":\"Sobre nosotros\"}]},{\"@type\":\"WebSite\",\"@id\":\"https:\\\/\\\/www.urologie-mallorca.eu\\\/es\\\/#website\",\"url\":\"https:\\\/\\\/www.urologie-mallorca.eu\\\/es\\\/\",\"name\":\"Urologie Mallorca\",\"description\":\"\",\"publisher\":{\"@id\":\"https:\\\/\\\/www.urologie-mallorca.eu\\\/es\\\/#organization\"},\"potentialAction\":[{\"@type\":\"SearchAction\",\"target\":{\"@type\":\"EntryPoint\",\"urlTemplate\":\"https:\\\/\\\/www.urologie-mallorca.eu\\\/es\\\/?s={search_term_string}\"},\"query-input\":{\"@type\":\"PropertyValueSpecification\",\"valueRequired\":true,\"valueName\":\"search_term_string\"}}],\"inLanguage\":\"es\"},{\"@type\":\"Organization\",\"@id\":\"https:\\\/\\\/www.urologie-mallorca.eu\\\/es\\\/#organization\",\"name\":\"Urologie Mallorca\",\"url\":\"https:\\\/\\\/www.urologie-mallorca.eu\\\/es\\\/\",\"logo\":{\"@type\":\"ImageObject\",\"inLanguage\":\"es\",\"@id\":\"https:\\\/\\\/www.urologie-mallorca.eu\\\/es\\\/#\\\/schema\\\/logo\\\/image\\\/\",\"url\":\"https:\\\/\\\/www.urologie-mallorca.eu\\\/wp-content\\\/uploads\\\/2025\\\/07\\\/urologie-social-card.png\",\"contentUrl\":\"https:\\\/\\\/www.urologie-mallorca.eu\\\/wp-content\\\/uploads\\\/2025\\\/07\\\/urologie-social-card.png\",\"width\":880,\"height\":660,\"caption\":\"Urologie Mallorca\"},\"image\":{\"@id\":\"https:\\\/\\\/www.urologie-mallorca.eu\\\/es\\\/#\\\/schema\\\/logo\\\/image\\\/\"}}]}<\/script>\n<!-- \/ Yoast SEO plugin. -->","yoast_head_json":{"title":"Sobre nosotros | Urologie Mallorca","description":"Especialista en urolog\u00eda y cirug\u00eda m\u00ednimamente invasiva. El Dr. Kamp trata c\u00e1ncer de pr\u00f3stata, ri\u00f1\u00f3n e incontinencia con t\u00e9cnicas avanzadas y l\u00e1ser.","robots":{"index":"index","follow":"follow","max-snippet":"max-snippet:-1","max-image-preview":"max-image-preview:large","max-video-preview":"max-video-preview:-1"},"canonical":"https:\/\/www.urologie-mallorca.eu\/es\/sobre-nosotros\/","og_locale":"es_ES","og_type":"article","og_title":"Sobre nosotros | Urologie Mallorca","og_description":"Especialista en urolog\u00eda y cirug\u00eda m\u00ednimamente invasiva. El Dr. Kamp trata c\u00e1ncer de pr\u00f3stata, ri\u00f1\u00f3n e incontinencia con t\u00e9cnicas avanzadas y l\u00e1ser.","og_url":"https:\/\/www.urologie-mallorca.eu\/es\/sobre-nosotros\/","og_site_name":"Urologie Mallorca","article_modified_time":"2026-04-13T09:40:40+00:00","og_image":[{"width":1600,"height":936,"url":"https:\/\/www.urologie-mallorca.eu\/wp-content\/uploads\/2025\/08\/urologie-mallorca-clinic-2.jpg","type":"image\/jpeg"}],"twitter_card":"summary_large_image","twitter_misc":{"Tiempo de lectura":"3 minutos"},"schema":{"@context":"https:\/\/schema.org","@graph":[{"@type":"WebPage","@id":"https:\/\/www.urologie-mallorca.eu\/es\/sobre-nosotros\/","url":"https:\/\/www.urologie-mallorca.eu\/es\/sobre-nosotros\/","name":"Sobre nosotros | Urologie Mallorca","isPartOf":{"@id":"https:\/\/www.urologie-mallorca.eu\/es\/#website"},"primaryImageOfPage":{"@id":"https:\/\/www.urologie-mallorca.eu\/es\/sobre-nosotros\/#primaryimage"},"image":{"@id":"https:\/\/www.urologie-mallorca.eu\/es\/sobre-nosotros\/#primaryimage"},"thumbnailUrl":"https:\/\/www.urologie-mallorca.eu\/wp-content\/uploads\/2025\/08\/urologie-mallorca-clinic-2.jpg","datePublished":"2026-03-31T08:32:43+00:00","dateModified":"2026-04-13T09:40:40+00:00","description":"Especialista en urolog\u00eda y cirug\u00eda m\u00ednimamente invasiva. El Dr. Kamp trata c\u00e1ncer de pr\u00f3stata, ri\u00f1\u00f3n e incontinencia con t\u00e9cnicas avanzadas y l\u00e1ser.","breadcrumb":{"@id":"https:\/\/www.urologie-mallorca.eu\/es\/sobre-nosotros\/#breadcrumb"},"inLanguage":"es","potentialAction":[{"@type":"ReadAction","target":["https:\/\/www.urologie-mallorca.eu\/es\/sobre-nosotros\/"]}]},{"@type":"ImageObject","inLanguage":"es","@id":"https:\/\/www.urologie-mallorca.eu\/es\/sobre-nosotros\/#primaryimage","url":"https:\/\/www.urologie-mallorca.eu\/wp-content\/uploads\/2025\/08\/urologie-mallorca-clinic-2.jpg","contentUrl":"https:\/\/www.urologie-mallorca.eu\/wp-content\/uploads\/2025\/08\/urologie-mallorca-clinic-2.jpg","width":1600,"height":936},{"@type":"BreadcrumbList","@id":"https:\/\/www.urologie-mallorca.eu\/es\/sobre-nosotros\/#breadcrumb","itemListElement":[{"@type":"ListItem","position":1,"name":"Home","item":"https:\/\/www.urologie-mallorca.eu\/es\/homepage\/"},{"@type":"ListItem","position":2,"name":"Sobre nosotros"}]},{"@type":"WebSite","@id":"https:\/\/www.urologie-mallorca.eu\/es\/#website","url":"https:\/\/www.urologie-mallorca.eu\/es\/","name":"Urologie Mallorca","description":"","publisher":{"@id":"https:\/\/www.urologie-mallorca.eu\/es\/#organization"},"potentialAction":[{"@type":"SearchAction","target":{"@type":"EntryPoint","urlTemplate":"https:\/\/www.urologie-mallorca.eu\/es\/?s={search_term_string}"},"query-input":{"@type":"PropertyValueSpecification","valueRequired":true,"valueName":"search_term_string"}}],"inLanguage":"es"},{"@type":"Organization","@id":"https:\/\/www.urologie-mallorca.eu\/es\/#organization","name":"Urologie Mallorca","url":"https:\/\/www.urologie-mallorca.eu\/es\/","logo":{"@type":"ImageObject","inLanguage":"es","@id":"https:\/\/www.urologie-mallorca.eu\/es\/#\/schema\/logo\/image\/","url":"https:\/\/www.urologie-mallorca.eu\/wp-content\/uploads\/2025\/07\/urologie-social-card.png","contentUrl":"https:\/\/www.urologie-mallorca.eu\/wp-content\/uploads\/2025\/07\/urologie-social-card.png","width":880,"height":660,"caption":"Urologie Mallorca"},"image":{"@id":"https:\/\/www.urologie-mallorca.eu\/es\/#\/schema\/logo\/image\/"}}]}},"_links":{"self":[{"href":"https:\/\/www.urologie-mallorca.eu\/es\/wp-json\/wp\/v2\/pages\/154","targetHints":{"allow":["GET"]}}],"collection":[{"href":"https:\/\/www.urologie-mallorca.eu\/es\/wp-json\/wp\/v2\/pages"}],"about":[{"href":"https:\/\/www.urologie-mallorca.eu\/es\/wp-json\/wp\/v2\/types\/page"}],"author":[{"embeddable":true,"href":"https:\/\/www.urologie-mallorca.eu\/es\/wp-json\/wp\/v2\/users\/1"}],"replies":[{"embeddable":true,"href":"https:\/\/www.urologie-mallorca.eu\/es\/wp-json\/wp\/v2\/comments?post=154"}],"version-history":[{"count":4,"href":"https:\/\/www.urologie-mallorca.eu\/es\/wp-json\/wp\/v2\/pages\/154\/revisions"}],"predecessor-version":[{"id":232,"href":"https:\/\/www.urologie-mallorca.eu\/es\/wp-json\/wp\/v2\/pages\/154\/revisions\/232"}],"wp:featuredmedia":[{"embeddable":true,"href":"https:\/\/www.urologie-mallorca.eu\/es\/wp-json\/wp\/v2\/media\/121"}],"wp:attachment":[{"href":"https:\/\/www.urologie-mallorca.eu\/es\/wp-json\/wp\/v2\/media?parent=154"}],"curies":[{"name":"wp","href":"https:\/\/api.w.org\/{rel}","templated":true}]}}