{"id":108,"date":"2025-02-26T10:57:44","date_gmt":"2025-02-26T10:57:44","guid":{"rendered":"https:\/\/www.bidari.es\/customers\/urologie\/homepage\/"},"modified":"2026-03-31T08:51:07","modified_gmt":"2026-03-31T07:51:07","slug":"homepage","status":"publish","type":"page","link":"https:\/\/www.urologie-mallorca.eu\/es\/","title":{"rendered":"P\u00e1gina de inicio"},"content":{"rendered":"","protected":false},"excerpt":{"rendered":"","protected":false},"author":1,"featured_media":110,"parent":0,"menu_order":0,"comment_status":"closed","ping_status":"closed","template":"","meta":{"footnotes":""},"class_list":["post-108","page","type-page","status-publish","has-post-thumbnail","hentry"],"yoast_head":"<!-- This site is optimized with the Yoast SEO plugin v27.3 - https:\/\/yoast.com\/product\/yoast-seo-wordpress\/ -->\n<title>Urologie Mallorca | Urolog\u00eda con precisi\u00f3n, atenci\u00f3n y experiencia en Mallorca<\/title>\n<meta name=\"description\" content=\"Nos preocupamos por su bienestar urol\u00f3gico, desde la detecci\u00f3n temprana de enfermedades y su tratamiento hasta el cuidado posterior.\" \/>\n<meta name=\"robots\" content=\"index, follow, max-snippet:-1, max-image-preview:large, max-video-preview:-1\" \/>\n<link rel=\"canonical\" href=\"https:\/\/www.urologie-mallorca.eu\/es\/\" \/>\n<meta property=\"og:locale\" content=\"es_ES\" \/>\n<meta property=\"og:type\" content=\"article\" \/>\n<meta property=\"og:title\" content=\"Urologie Mallorca | Urolog\u00eda con precisi\u00f3n, atenci\u00f3n y experiencia en Mallorca\" \/>\n<meta property=\"og:description\" content=\"Nos preocupamos por su bienestar urol\u00f3gico, desde la detecci\u00f3n temprana de enfermedades y su tratamiento hasta el cuidado posterior.\" \/>\n<meta property=\"og:url\" content=\"https:\/\/www.urologie-mallorca.eu\/es\/\" \/>\n<meta property=\"og:site_name\" content=\"Urologie Mallorca\" \/>\n<meta property=\"article:modified_time\" content=\"2026-03-31T07:51:07+00:00\" \/>\n<meta property=\"og:image\" content=\"https:\/\/www.urologie-mallorca.eu\/wp-content\/uploads\/2025\/08\/urologie-mallorca-clinic-0.jpg\" \/>\n\t<meta property=\"og:image:width\" content=\"1600\" \/>\n\t<meta property=\"og:image:height\" content=\"650\" \/>\n\t<meta property=\"og:image:type\" content=\"image\/jpeg\" \/>\n<meta name=\"twitter:card\" content=\"summary_large_image\" \/>\n<meta name=\"twitter:label1\" content=\"Tiempo de lectura\" \/>\n\t<meta name=\"twitter:data1\" content=\"1 minuto\" \/>\n<script type=\"application\/ld+json\" class=\"yoast-schema-graph\">{\"@context\":\"https:\\\/\\\/schema.org\",\"@graph\":[{\"@type\":\"WebPage\",\"@id\":\"https:\\\/\\\/www.urologie-mallorca.eu\\\/es\\\/\",\"url\":\"https:\\\/\\\/www.urologie-mallorca.eu\\\/es\\\/\",\"name\":\"Urologie Mallorca | Urolog\u00eda con precisi\u00f3n, atenci\u00f3n y experiencia en Mallorca\",\"isPartOf\":{\"@id\":\"https:\\\/\\\/www.urologie-mallorca.eu\\\/es\\\/#website\"},\"primaryImageOfPage\":{\"@id\":\"https:\\\/\\\/www.urologie-mallorca.eu\\\/es\\\/#primaryimage\"},\"image\":{\"@id\":\"https:\\\/\\\/www.urologie-mallorca.eu\\\/es\\\/#primaryimage\"},\"thumbnailUrl\":\"https:\\\/\\\/www.urologie-mallorca.eu\\\/wp-content\\\/uploads\\\/2025\\\/08\\\/urologie-mallorca-clinic-0.jpg\",\"datePublished\":\"2025-02-26T10:57:44+00:00\",\"dateModified\":\"2026-03-31T07:51:07+00:00\",\"description\":\"Nos preocupamos por su bienestar urol\u00f3gico, desde la detecci\u00f3n temprana de enfermedades y su tratamiento hasta el cuidado posterior.\",\"breadcrumb\":{\"@id\":\"https:\\\/\\\/www.urologie-mallorca.eu\\\/es\\\/#breadcrumb\"},\"inLanguage\":\"es\",\"potentialAction\":[{\"@type\":\"ReadAction\",\"target\":[\"https:\\\/\\\/www.urologie-mallorca.eu\\\/es\\\/\"]}]},{\"@type\":\"ImageObject\",\"inLanguage\":\"es\",\"@id\":\"https:\\\/\\\/www.urologie-mallorca.eu\\\/es\\\/#primaryimage\",\"url\":\"https:\\\/\\\/www.urologie-mallorca.eu\\\/wp-content\\\/uploads\\\/2025\\\/08\\\/urologie-mallorca-clinic-0.jpg\",\"contentUrl\":\"https:\\\/\\\/www.urologie-mallorca.eu\\\/wp-content\\\/uploads\\\/2025\\\/08\\\/urologie-mallorca-clinic-0.jpg\",\"width\":1600,\"height\":650},{\"@type\":\"BreadcrumbList\",\"@id\":\"https:\\\/\\\/www.urologie-mallorca.eu\\\/es\\\/#breadcrumb\",\"itemListElement\":[{\"@type\":\"ListItem\",\"position\":1,\"name\":\"Home\",\"item\":\"https:\\\/\\\/www.urologie-mallorca.eu\\\/es\\\/homepage\\\/\"},{\"@type\":\"ListItem\",\"position\":2,\"name\":\"P\u00e1gina de inicio\"}]},{\"@type\":\"WebSite\",\"@id\":\"https:\\\/\\\/www.urologie-mallorca.eu\\\/es\\\/#website\",\"url\":\"https:\\\/\\\/www.urologie-mallorca.eu\\\/es\\\/\",\"name\":\"Urologie Mallorca\",\"description\":\"\",\"publisher\":{\"@id\":\"https:\\\/\\\/www.urologie-mallorca.eu\\\/es\\\/#organization\"},\"potentialAction\":[{\"@type\":\"SearchAction\",\"target\":{\"@type\":\"EntryPoint\",\"urlTemplate\":\"https:\\\/\\\/www.urologie-mallorca.eu\\\/es\\\/?s={search_term_string}\"},\"query-input\":{\"@type\":\"PropertyValueSpecification\",\"valueRequired\":true,\"valueName\":\"search_term_string\"}}],\"inLanguage\":\"es\"},{\"@type\":\"Organization\",\"@id\":\"https:\\\/\\\/www.urologie-mallorca.eu\\\/es\\\/#organization\",\"name\":\"Urologie Mallorca\",\"url\":\"https:\\\/\\\/www.urologie-mallorca.eu\\\/es\\\/\",\"logo\":{\"@type\":\"ImageObject\",\"inLanguage\":\"es\",\"@id\":\"https:\\\/\\\/www.urologie-mallorca.eu\\\/es\\\/#\\\/schema\\\/logo\\\/image\\\/\",\"url\":\"https:\\\/\\\/www.urologie-mallorca.eu\\\/wp-content\\\/uploads\\\/2025\\\/07\\\/urologie-social-card.png\",\"contentUrl\":\"https:\\\/\\\/www.urologie-mallorca.eu\\\/wp-content\\\/uploads\\\/2025\\\/07\\\/urologie-social-card.png\",\"width\":880,\"height\":660,\"caption\":\"Urologie Mallorca\"},\"image\":{\"@id\":\"https:\\\/\\\/www.urologie-mallorca.eu\\\/es\\\/#\\\/schema\\\/logo\\\/image\\\/\"}}]}<\/script>\n<!-- \/ Yoast SEO plugin. -->","yoast_head_json":{"title":"Urologie Mallorca | Urolog\u00eda con precisi\u00f3n, atenci\u00f3n y experiencia en Mallorca","description":"Nos preocupamos por su bienestar urol\u00f3gico, desde la detecci\u00f3n temprana de enfermedades y su tratamiento hasta el cuidado posterior.","robots":{"index":"index","follow":"follow","max-snippet":"max-snippet:-1","max-image-preview":"max-image-preview:large","max-video-preview":"max-video-preview:-1"},"canonical":"https:\/\/www.urologie-mallorca.eu\/es\/","og_locale":"es_ES","og_type":"article","og_title":"Urologie Mallorca | Urolog\u00eda con precisi\u00f3n, atenci\u00f3n y experiencia en Mallorca","og_description":"Nos preocupamos por su bienestar urol\u00f3gico, desde la detecci\u00f3n temprana de enfermedades y su tratamiento hasta el cuidado posterior.","og_url":"https:\/\/www.urologie-mallorca.eu\/es\/","og_site_name":"Urologie Mallorca","article_modified_time":"2026-03-31T07:51:07+00:00","og_image":[{"width":1600,"height":650,"url":"https:\/\/www.urologie-mallorca.eu\/wp-content\/uploads\/2025\/08\/urologie-mallorca-clinic-0.jpg","type":"image\/jpeg"}],"twitter_card":"summary_large_image","twitter_misc":{"Tiempo de lectura":"1 minuto"},"schema":{"@context":"https:\/\/schema.org","@graph":[{"@type":"WebPage","@id":"https:\/\/www.urologie-mallorca.eu\/es\/","url":"https:\/\/www.urologie-mallorca.eu\/es\/","name":"Urologie Mallorca | Urolog\u00eda con precisi\u00f3n, atenci\u00f3n y experiencia en Mallorca","isPartOf":{"@id":"https:\/\/www.urologie-mallorca.eu\/es\/#website"},"primaryImageOfPage":{"@id":"https:\/\/www.urologie-mallorca.eu\/es\/#primaryimage"},"image":{"@id":"https:\/\/www.urologie-mallorca.eu\/es\/#primaryimage"},"thumbnailUrl":"https:\/\/www.urologie-mallorca.eu\/wp-content\/uploads\/2025\/08\/urologie-mallorca-clinic-0.jpg","datePublished":"2025-02-26T10:57:44+00:00","dateModified":"2026-03-31T07:51:07+00:00","description":"Nos preocupamos por su bienestar urol\u00f3gico, desde la detecci\u00f3n temprana de enfermedades y su tratamiento hasta el cuidado posterior.","breadcrumb":{"@id":"https:\/\/www.urologie-mallorca.eu\/es\/#breadcrumb"},"inLanguage":"es","potentialAction":[{"@type":"ReadAction","target":["https:\/\/www.urologie-mallorca.eu\/es\/"]}]},{"@type":"ImageObject","inLanguage":"es","@id":"https:\/\/www.urologie-mallorca.eu\/es\/#primaryimage","url":"https:\/\/www.urologie-mallorca.eu\/wp-content\/uploads\/2025\/08\/urologie-mallorca-clinic-0.jpg","contentUrl":"https:\/\/www.urologie-mallorca.eu\/wp-content\/uploads\/2025\/08\/urologie-mallorca-clinic-0.jpg","width":1600,"height":650},{"@type":"BreadcrumbList","@id":"https:\/\/www.urologie-mallorca.eu\/es\/#breadcrumb","itemListElement":[{"@type":"ListItem","position":1,"name":"Home","item":"https:\/\/www.urologie-mallorca.eu\/es\/homepage\/"},{"@type":"ListItem","position":2,"name":"P\u00e1gina de inicio"}]},{"@type":"WebSite","@id":"https:\/\/www.urologie-mallorca.eu\/es\/#website","url":"https:\/\/www.urologie-mallorca.eu\/es\/","name":"Urologie Mallorca","description":"","publisher":{"@id":"https:\/\/www.urologie-mallorca.eu\/es\/#organization"},"potentialAction":[{"@type":"SearchAction","target":{"@type":"EntryPoint","urlTemplate":"https:\/\/www.urologie-mallorca.eu\/es\/?s={search_term_string}"},"query-input":{"@type":"PropertyValueSpecification","valueRequired":true,"valueName":"search_term_string"}}],"inLanguage":"es"},{"@type":"Organization","@id":"https:\/\/www.urologie-mallorca.eu\/es\/#organization","name":"Urologie Mallorca","url":"https:\/\/www.urologie-mallorca.eu\/es\/","logo":{"@type":"ImageObject","inLanguage":"es","@id":"https:\/\/www.urologie-mallorca.eu\/es\/#\/schema\/logo\/image\/","url":"https:\/\/www.urologie-mallorca.eu\/wp-content\/uploads\/2025\/07\/urologie-social-card.png","contentUrl":"https:\/\/www.urologie-mallorca.eu\/wp-content\/uploads\/2025\/07\/urologie-social-card.png","width":880,"height":660,"caption":"Urologie Mallorca"},"image":{"@id":"https:\/\/www.urologie-mallorca.eu\/es\/#\/schema\/logo\/image\/"}}]}},"_links":{"self":[{"href":"https:\/\/www.urologie-mallorca.eu\/es\/wp-json\/wp\/v2\/pages\/108","targetHints":{"allow":["GET"]}}],"collection":[{"href":"https:\/\/www.urologie-mallorca.eu\/es\/wp-json\/wp\/v2\/pages"}],"about":[{"href":"https:\/\/www.urologie-mallorca.eu\/es\/wp-json\/wp\/v2\/types\/page"}],"author":[{"embeddable":true,"href":"https:\/\/www.urologie-mallorca.eu\/es\/wp-json\/wp\/v2\/users\/1"}],"replies":[{"embeddable":true,"href":"https:\/\/www.urologie-mallorca.eu\/es\/wp-json\/wp\/v2\/comments?post=108"}],"version-history":[{"count":1,"href":"https:\/\/www.urologie-mallorca.eu\/es\/wp-json\/wp\/v2\/pages\/108\/revisions"}],"predecessor-version":[{"id":113,"href":"https:\/\/www.urologie-mallorca.eu\/es\/wp-json\/wp\/v2\/pages\/108\/revisions\/113"}],"wp:featuredmedia":[{"embeddable":true,"href":"https:\/\/www.urologie-mallorca.eu\/es\/wp-json\/wp\/v2\/media\/110"}],"wp:attachment":[{"href":"https:\/\/www.urologie-mallorca.eu\/es\/wp-json\/wp\/v2\/media?parent=108"}],"curies":[{"name":"wp","href":"https:\/\/api.w.org\/{rel}","templated":true}]}}