{"id":272,"date":"2025-08-15T08:50:06","date_gmt":"2025-08-15T07:50:06","guid":{"rendered":"https:\/\/www.urologie-mallorca.eu\/cookie-policy\/"},"modified":"2026-04-13T11:28:16","modified_gmt":"2026-04-13T10:28:16","slug":"cookie-richtlinie","status":"publish","type":"page","link":"https:\/\/www.urologie-mallorca.eu\/de\/cookie-richtlinie\/","title":{"rendered":"Cookie-Richtlinie"},"content":{"rendered":"\n<p>Gem\u00e4\u00df den Bestimmungen von Artikel 22.2 des geltenden Gesetzes 34\/2002 vom 11. Juli \u00fcber Dienste der Informationsgesellschaft und den elektronischen Gesch\u00e4ftsverkehr (LSSI-CE) kommt Urologie Mallorca der Verpflichtung nach, \u00fcber die verwendeten Cookies und deren Zwecke zu informieren.<\/p>\n\n\n\n<p>Diese Website verwendet Cookies und\/oder \u00e4hnliche Technologien, die Informationen beim Surfen speichern und abrufen. Cookies erm\u00f6glichen es einer Website unter anderem, Informationen \u00fcber die Surfgewohnheiten eines Nutzers oder seines Ger\u00e4ts zu speichern und abzurufen, und k\u00f6nnen je nach den enthaltenen Informationen und der Art und Weise, wie das Ger\u00e4t verwendet wird, dazu dienen, den Nutzer wiederzuerkennen.<\/p>\n\n\n\n<p>Cookies sind f\u00fcr das Funktionieren des Internets unerl\u00e4sslich und bieten unz\u00e4hlige Vorteile bei der Bereitstellung interaktiver Dienste, da sie dem Nutzer das Navigieren und die Nutzung unserer Website erleichtern.<\/p>\n\n\n\n<p>Die folgenden Informationen helfen Ihnen, die verschiedenen Arten von Cookies zu verstehen:<\/p>\n\n\n\n<h3 class=\"wp-block-heading\"><strong>Arten von Cookies<\/strong><\/h3>\n\n\n\n<p><strong>Nach der Instanz, die sie verwaltet:<\/strong><\/p>\n\n\n\n<ul class=\"wp-block-list\">\n<li><strong>EIGENE COOKIES:<\/strong> Dies sind Cookies, die von einem Computer oder einer Dom\u00e4ne, die vom Herausgeber selbst verwaltet wird und von der aus der vom Nutzer angeforderte Dienst erbracht wird, an das Endger\u00e4t des Nutzers gesendet werden.<\/li>\n\n\n\n<li><strong>DRITTANBIETER-COOKIES:<\/strong> Dies sind Cookies, die von einem Computer oder einer Dom\u00e4ne an das Endger\u00e4t des Nutzers gesendet werden, die nicht vom Herausgeber, sondern von einer anderen Instanz verwaltet wird, die die durch die Cookies gewonnenen Daten verarbeitet.<\/li>\n<\/ul>\n\n\n\n<p><strong>Nach dem Zeitraum, in dem sie aktiv bleiben:<\/strong><\/p>\n\n\n\n<ul class=\"wp-block-list\">\n<li><strong>SITZUNGS-COOKIES (SESSION COOKIES):<\/strong> Diese sind darauf ausgelegt, Daten zu erfassen und zu speichern, w\u00e4hrend der Nutzer auf eine Website zugreift. Sie werden in der Regel verwendet, um Informationen zu speichern, die nur f\u00fcr die Erbringung der vom Nutzer angeforderten Dienstleistung bei einer einzigen Gelegenheit relevant sind (z. B. eine Liste der gekauften Produkte), und verschwinden am Ende der Sitzung.<\/li>\n\n\n\n<li><strong>DAUERHAFTE COOKIES (PERSISTENT COOKIES):<\/strong> Bei diesen bleiben die Daten auf dem Endger\u00e4t gespeichert und k\u00f6nnen f\u00fcr einen vom Cookie-Verantwortlichen festgelegten Zeitraum, der von einigen Minuten bis zu mehreren Jahren reichen kann, abgerufen und verarbeitet werden.<\/li>\n<\/ul>\n\n\n\n<p><strong>Nach ihrem Verwendungszweck:<\/strong><\/p>\n\n\n\n<ul class=\"wp-block-list\">\n<li><strong>TECHNISCHE COOKIES:<\/strong> Diese erm\u00f6glichen dem Nutzer die Navigation durch eine Website, Plattform oder Anwendung und die Nutzung der dort vorhandenen verschiedenen Optionen oder Dienste.<\/li>\n\n\n\n<li><strong>PERSONALISIERUNGS-COOKIES:<\/strong> Diese erm\u00f6glichen es, pers\u00f6nliche Merkmale f\u00fcr das Surfen des Nutzers auf der Website anzuwenden (z. B. die Sprache).<\/li>\n\n\n\n<li><strong>ANALYSE-COOKIES:<\/strong> Diese erm\u00f6glichen es dem Verantwortlichen, das Verhalten der Nutzer der Websites, mit denen sie verkn\u00fcpft sind, zu \u00fcberwachen und zu analysieren, einschlie\u00dflich der Quantifizierung der Wirkung von Werbeanzeigen. Die durch diese Art von Cookies gesammelten Informationen werden verwendet, um die Aktivit\u00e4t der Websites, Anwendungen oder Plattformen zu messen, um auf der Grundlage der Analyse der Nutzungsdaten Verbesserungen einzuf\u00fchren.<\/li>\n\n\n\n<li><strong>WERBE-COOKIES:<\/strong> Diese erm\u00f6glichen es dem Herausgeber, Werbefl\u00e4chen auf der Website entsprechend dem Inhalt der Website selbst einzubinden.<\/li>\n\n\n\n<li><strong>VERHALTENSBEZOGENE WERBE-COOKIES:<\/strong> Diese speichern Informationen \u00fcber das Verhalten der Nutzer, die durch die kontinuierliche Beobachtung ihrer Surfgewohnheiten gewonnen werden, was die Erstellung eines spezifischen Profils erm\u00f6glicht, um darauf basierende Werbung anzuzeigen.<\/li>\n<\/ul>\n\n\n\n<hr class=\"wp-block-separator has-alpha-channel-opacity\"\/>\n\n\n\n<p>Zus\u00e4tzlich stellt Urologie Mallorca detailliertere Informationen \u00fcber die verwendeten Cookies, deren Verantwortliche, den spezifischen Verwendungszweck, die Aufbewahrungsfristen sowie m\u00f6gliche internationale Datentransfers f\u00fcr jedes der auf unserer Website verwendeten Cookies bereit:<\/p>\n\n\n\n<figure class=\"wp-block-table\"><table class=\"has-fixed-layout\"><thead><tr><td><strong>Cookie-ID<\/strong><\/td><td><strong>Typ<\/strong><\/td><td><strong>Ablauf\/Dauer<\/strong><\/td><td><strong>Dom\u00e4ne<\/strong><\/td><td><strong>Beschreibung\/Zweck<\/strong><\/td><\/tr><\/thead><tbody><tr><td><strong>wp-wpml_current_language<\/strong><\/td><td>Eigen<\/td><td>Sitzung<\/td><td>urologie-mallorca.eu<\/td><td>UNBEDINGT ERFORDERLICH<\/td><\/tr><tr><td><strong>cmplz_banner-status<\/strong><\/td><td>Eigen<\/td><td>Dauerhaft (1 Jahr)<\/td><td>urologie-mallorca.eu<\/td><td>UNBEDINGT ERFORDERLICH<\/td><\/tr><tr><td><strong>cmplz_consented_services<\/strong><\/td><td>Eigen<\/td><td>Dauerhaft (1 Jahr)<\/td><td>urologie-mallorca.eu<\/td><td>UNBEDINGT ERFORDERLICH<\/td><\/tr><tr><td><strong>cmplz_functional<\/strong><\/td><td>Eigen<\/td><td>Dauerhaft (1 Jahr)<\/td><td>urologie-mallorca.eu<\/td><td>UNBEDINGT ERFORDERLICH<\/td><\/tr><tr><td><strong>cmplz_marketing<\/strong><\/td><td>Eigen<\/td><td>Dauerhaft (1 Jahr)<\/td><td>urologie-mallorca.eu<\/td><td>UNBEDINGT ERFORDERLICH<\/td><\/tr><tr><td><strong>cmplz_policy_id<\/strong><\/td><td>Eigen<\/td><td>Dauerhaft (1 Jahr)<\/td><td>urologie-mallorca.eu<\/td><td>UNBEDINGT ERFORDERLICH<\/td><\/tr><tr><td><strong>cmplz_preferences<\/strong><\/td><td>Eigen<\/td><td>Dauerhaft (1 Jahr)<\/td><td>urologie-mallorca.eu<\/td><td>UNBEDINGT ERFORDERLICH<\/td><\/tr><tr><td><strong>cmplz_statistics<\/strong><\/td><td>Eigen<\/td><td>Dauerhaft (1 Jahr)<\/td><td>urologie-mallorca.eu<\/td><td>UNBEDINGT ERFORDERLICH<\/td><\/tr><\/tbody><\/table><\/figure>\n\n\n\n<p>Bitte beachten Sie, dass Sie Drittanbieter-Cookies, wenn Sie diese akzeptieren, \u00fcber die Browser-Optionen oder \u00fcber das vom Drittanbieter selbst angebotene System l\u00f6schen m\u00fcssen.<\/p>\n\n\n\n<p>Nachfolgend finden Sie Links zu verschiedenen Browsern, \u00fcber die Sie Ihre Browsereinstellungen bez\u00fcglich der Verwendung von Cookies \u00e4ndern k\u00f6nnen:<\/p>\n\n\n\n<ul class=\"wp-block-list\">\n<li><strong>Chrome:<\/strong> <a href=\"http:\/\/support.google.com\/chrome\/bin\/answer.py?hl=es&amp;answer=95647\" target=\"_blank\" rel=\"noreferrer noopener\">http:\/\/support.google.com\/chrome\/bin\/answer.py?hl=es&amp;answer=95647<\/a><\/li>\n\n\n\n<li><strong>Microsoft Edge:<\/strong> <a href=\"https:\/\/support.microsoft.com\/es-es\/microsoft-edge\/eliminar-las-cookies-en-microsoft-edge-63947406-40ac-c3b8-57b9-2a946a29ae09\" target=\"_blank\" rel=\"noreferrer noopener\">https:\/\/support.microsoft.com\/es-es\/microsoft-edge\/eliminar-las-cookies-en-microsoft-edge-63947406-40ac-c3b8-57b9-2a946a29ae09<\/a><\/li>\n\n\n\n<li><strong>Firefox:<\/strong> <a href=\"https:\/\/support.mozilla.org\/es\/kb\/cookies-informacion-que-los-sitios-web-guardan-en-\" target=\"_blank\" rel=\"noreferrer noopener\">https:\/\/support.mozilla.org\/es\/kb\/cookies-informacion-que-los-sitios-web-guardan-en-<\/a><\/li>\n\n\n\n<li><strong>Safari:<\/strong> <a href=\"https:\/\/support.apple.com\/kb\/ph17191?locale=es_ES\" target=\"_blank\" rel=\"noreferrer noopener\">https:\/\/support.apple.com\/kb\/ph17191?locale=es_ES<\/a><\/li>\n\n\n\n<li><strong>Opera:<\/strong> <a href=\"https:\/\/help.opera.com\/en\/latest\/web-preferences\/#cookies\" target=\"_blank\" rel=\"noreferrer noopener\">https:\/\/help.opera.com\/en\/latest\/web-preferences\/#cookies<\/a><\/li>\n<\/ul>\n\n\n\n<p>Um weitere Informationen \u00fcber die Verarbeitung personenbezogener Daten zu erhalten, empfehlen wir Ihnen, unseren Abschnitt \u201eDatenschutzrichtlinie\u201c zu besuchen.<\/p>\n\n\n\n<p><strong>Letzte Aktualisierung:<\/strong> 15 April 2026<\/p>\n","protected":false},"excerpt":{"rendered":"<p>Gem\u00e4\u00df den Bestimmungen von Artikel 22.2 des geltenden Gesetzes 34\/2002 vom 11. Juli \u00fcber Dienste der Informationsgesellschaft und den elektronischen Gesch\u00e4ftsverkehr (LSSI-CE) kommt Urologie Mallorca der Verpflichtung nach, \u00fcber die verwendeten Cookies und deren Zwecke zu informieren. Diese Website verwendet Cookies und\/oder \u00e4hnliche Technologien, die Informationen beim Surfen speichern und abrufen. Cookies erm\u00f6glichen es einer [&hellip;]<\/p>\n","protected":false},"author":1,"featured_media":0,"parent":0,"menu_order":0,"comment_status":"closed","ping_status":"closed","template":"","meta":{"footnotes":""},"class_list":["post-272","page","type-page","status-publish","hentry"],"yoast_head":"<!-- This site is optimized with the Yoast SEO plugin v27.3 - https:\/\/yoast.com\/product\/yoast-seo-wordpress\/ -->\n<title>Cookie-Richtlinie | Urologie Mallorca<\/title>\n<meta name=\"description\" content=\"Erfahren Sie, wie wir Cookies verwenden, um Ihre Erfahrung auf unserer Website zu verbessern.\" \/>\n<meta name=\"robots\" content=\"index, follow, max-snippet:-1, max-image-preview:large, max-video-preview:-1\" \/>\n<link rel=\"canonical\" href=\"https:\/\/www.urologie-mallorca.eu\/de\/cookie-richtlinie\/\" \/>\n<meta property=\"og:locale\" content=\"de_DE\" \/>\n<meta property=\"og:type\" content=\"article\" \/>\n<meta property=\"og:title\" content=\"Cookie-Richtlinie | Urologie Mallorca\" \/>\n<meta property=\"og:description\" content=\"Erfahren Sie, wie wir Cookies verwenden, um Ihre Erfahrung auf unserer Website zu verbessern.\" \/>\n<meta property=\"og:url\" content=\"https:\/\/www.urologie-mallorca.eu\/de\/cookie-richtlinie\/\" \/>\n<meta property=\"og:site_name\" content=\"Urologie Mallorca\" \/>\n<meta property=\"article:modified_time\" content=\"2026-04-13T10:28:16+00:00\" \/>\n<meta property=\"og:image\" content=\"https:\/\/www.urologie-mallorca.eu\/wp-content\/uploads\/2025\/07\/urologie-social-card.png\" \/>\n\t<meta property=\"og:image:width\" content=\"880\" \/>\n\t<meta property=\"og:image:height\" content=\"660\" \/>\n\t<meta property=\"og:image:type\" content=\"image\/png\" \/>\n<meta name=\"twitter:card\" content=\"summary_large_image\" \/>\n<meta name=\"twitter:label1\" content=\"Gesch\u00e4tzte Lesezeit\" \/>\n\t<meta name=\"twitter:data1\" content=\"3\u00a0Minuten\" \/>\n<script type=\"application\/ld+json\" class=\"yoast-schema-graph\">{\"@context\":\"https:\\\/\\\/schema.org\",\"@graph\":[{\"@type\":\"WebPage\",\"@id\":\"https:\\\/\\\/www.urologie-mallorca.eu\\\/de\\\/cookie-richtlinie\\\/\",\"url\":\"https:\\\/\\\/www.urologie-mallorca.eu\\\/de\\\/cookie-richtlinie\\\/\",\"name\":\"Cookie-Richtlinie | Urologie Mallorca\",\"isPartOf\":{\"@id\":\"https:\\\/\\\/www.urologie-mallorca.eu\\\/de\\\/#website\"},\"datePublished\":\"2025-08-15T07:50:06+00:00\",\"dateModified\":\"2026-04-13T10:28:16+00:00\",\"description\":\"Erfahren Sie, wie wir Cookies verwenden, um Ihre Erfahrung auf unserer Website zu verbessern.\",\"breadcrumb\":{\"@id\":\"https:\\\/\\\/www.urologie-mallorca.eu\\\/de\\\/cookie-richtlinie\\\/#breadcrumb\"},\"inLanguage\":\"de\",\"potentialAction\":[{\"@type\":\"ReadAction\",\"target\":[\"https:\\\/\\\/www.urologie-mallorca.eu\\\/de\\\/cookie-richtlinie\\\/\"]}]},{\"@type\":\"BreadcrumbList\",\"@id\":\"https:\\\/\\\/www.urologie-mallorca.eu\\\/de\\\/cookie-richtlinie\\\/#breadcrumb\",\"itemListElement\":[{\"@type\":\"ListItem\",\"position\":1,\"name\":\"Home\",\"item\":\"https:\\\/\\\/www.urologie-mallorca.eu\\\/de\\\/\"},{\"@type\":\"ListItem\",\"position\":2,\"name\":\"Cookie-Richtlinie\"}]},{\"@type\":\"WebSite\",\"@id\":\"https:\\\/\\\/www.urologie-mallorca.eu\\\/de\\\/#website\",\"url\":\"https:\\\/\\\/www.urologie-mallorca.eu\\\/de\\\/\",\"name\":\"Urologie Mallorca\",\"description\":\"\",\"publisher\":{\"@id\":\"https:\\\/\\\/www.urologie-mallorca.eu\\\/de\\\/#organization\"},\"potentialAction\":[{\"@type\":\"SearchAction\",\"target\":{\"@type\":\"EntryPoint\",\"urlTemplate\":\"https:\\\/\\\/www.urologie-mallorca.eu\\\/de\\\/?s={search_term_string}\"},\"query-input\":{\"@type\":\"PropertyValueSpecification\",\"valueRequired\":true,\"valueName\":\"search_term_string\"}}],\"inLanguage\":\"de\"},{\"@type\":\"Organization\",\"@id\":\"https:\\\/\\\/www.urologie-mallorca.eu\\\/de\\\/#organization\",\"name\":\"Urologie Mallorca\",\"url\":\"https:\\\/\\\/www.urologie-mallorca.eu\\\/de\\\/\",\"logo\":{\"@type\":\"ImageObject\",\"inLanguage\":\"de\",\"@id\":\"https:\\\/\\\/www.urologie-mallorca.eu\\\/de\\\/#\\\/schema\\\/logo\\\/image\\\/\",\"url\":\"https:\\\/\\\/www.urologie-mallorca.eu\\\/wp-content\\\/uploads\\\/2025\\\/07\\\/urologie-social-card.png\",\"contentUrl\":\"https:\\\/\\\/www.urologie-mallorca.eu\\\/wp-content\\\/uploads\\\/2025\\\/07\\\/urologie-social-card.png\",\"width\":880,\"height\":660,\"caption\":\"Urologie Mallorca\"},\"image\":{\"@id\":\"https:\\\/\\\/www.urologie-mallorca.eu\\\/de\\\/#\\\/schema\\\/logo\\\/image\\\/\"}}]}<\/script>\n<!-- \/ Yoast SEO plugin. -->","yoast_head_json":{"title":"Cookie-Richtlinie | Urologie Mallorca","description":"Erfahren Sie, wie wir Cookies verwenden, um Ihre Erfahrung auf unserer Website zu verbessern.","robots":{"index":"index","follow":"follow","max-snippet":"max-snippet:-1","max-image-preview":"max-image-preview:large","max-video-preview":"max-video-preview:-1"},"canonical":"https:\/\/www.urologie-mallorca.eu\/de\/cookie-richtlinie\/","og_locale":"de_DE","og_type":"article","og_title":"Cookie-Richtlinie | Urologie Mallorca","og_description":"Erfahren Sie, wie wir Cookies verwenden, um Ihre Erfahrung auf unserer Website zu verbessern.","og_url":"https:\/\/www.urologie-mallorca.eu\/de\/cookie-richtlinie\/","og_site_name":"Urologie Mallorca","article_modified_time":"2026-04-13T10:28:16+00:00","og_image":[{"width":880,"height":660,"url":"https:\/\/www.urologie-mallorca.eu\/wp-content\/uploads\/2025\/07\/urologie-social-card.png","type":"image\/png"}],"twitter_card":"summary_large_image","twitter_misc":{"Gesch\u00e4tzte Lesezeit":"3\u00a0Minuten"},"schema":{"@context":"https:\/\/schema.org","@graph":[{"@type":"WebPage","@id":"https:\/\/www.urologie-mallorca.eu\/de\/cookie-richtlinie\/","url":"https:\/\/www.urologie-mallorca.eu\/de\/cookie-richtlinie\/","name":"Cookie-Richtlinie | Urologie Mallorca","isPartOf":{"@id":"https:\/\/www.urologie-mallorca.eu\/de\/#website"},"datePublished":"2025-08-15T07:50:06+00:00","dateModified":"2026-04-13T10:28:16+00:00","description":"Erfahren Sie, wie wir Cookies verwenden, um Ihre Erfahrung auf unserer Website zu verbessern.","breadcrumb":{"@id":"https:\/\/www.urologie-mallorca.eu\/de\/cookie-richtlinie\/#breadcrumb"},"inLanguage":"de","potentialAction":[{"@type":"ReadAction","target":["https:\/\/www.urologie-mallorca.eu\/de\/cookie-richtlinie\/"]}]},{"@type":"BreadcrumbList","@id":"https:\/\/www.urologie-mallorca.eu\/de\/cookie-richtlinie\/#breadcrumb","itemListElement":[{"@type":"ListItem","position":1,"name":"Home","item":"https:\/\/www.urologie-mallorca.eu\/de\/"},{"@type":"ListItem","position":2,"name":"Cookie-Richtlinie"}]},{"@type":"WebSite","@id":"https:\/\/www.urologie-mallorca.eu\/de\/#website","url":"https:\/\/www.urologie-mallorca.eu\/de\/","name":"Urologie Mallorca","description":"","publisher":{"@id":"https:\/\/www.urologie-mallorca.eu\/de\/#organization"},"potentialAction":[{"@type":"SearchAction","target":{"@type":"EntryPoint","urlTemplate":"https:\/\/www.urologie-mallorca.eu\/de\/?s={search_term_string}"},"query-input":{"@type":"PropertyValueSpecification","valueRequired":true,"valueName":"search_term_string"}}],"inLanguage":"de"},{"@type":"Organization","@id":"https:\/\/www.urologie-mallorca.eu\/de\/#organization","name":"Urologie Mallorca","url":"https:\/\/www.urologie-mallorca.eu\/de\/","logo":{"@type":"ImageObject","inLanguage":"de","@id":"https:\/\/www.urologie-mallorca.eu\/de\/#\/schema\/logo\/image\/","url":"https:\/\/www.urologie-mallorca.eu\/wp-content\/uploads\/2025\/07\/urologie-social-card.png","contentUrl":"https:\/\/www.urologie-mallorca.eu\/wp-content\/uploads\/2025\/07\/urologie-social-card.png","width":880,"height":660,"caption":"Urologie Mallorca"},"image":{"@id":"https:\/\/www.urologie-mallorca.eu\/de\/#\/schema\/logo\/image\/"}}]}},"_links":{"self":[{"href":"https:\/\/www.urologie-mallorca.eu\/de\/wp-json\/wp\/v2\/pages\/272","targetHints":{"allow":["GET"]}}],"collection":[{"href":"https:\/\/www.urologie-mallorca.eu\/de\/wp-json\/wp\/v2\/pages"}],"about":[{"href":"https:\/\/www.urologie-mallorca.eu\/de\/wp-json\/wp\/v2\/types\/page"}],"author":[{"embeddable":true,"href":"https:\/\/www.urologie-mallorca.eu\/de\/wp-json\/wp\/v2\/users\/1"}],"replies":[{"embeddable":true,"href":"https:\/\/www.urologie-mallorca.eu\/de\/wp-json\/wp\/v2\/comments?post=272"}],"version-history":[{"count":1,"href":"https:\/\/www.urologie-mallorca.eu\/de\/wp-json\/wp\/v2\/pages\/272\/revisions"}],"predecessor-version":[{"id":275,"href":"https:\/\/www.urologie-mallorca.eu\/de\/wp-json\/wp\/v2\/pages\/272\/revisions\/275"}],"wp:attachment":[{"href":"https:\/\/www.urologie-mallorca.eu\/de\/wp-json\/wp\/v2\/media?parent=272"}],"curies":[{"name":"wp","href":"https:\/\/api.w.org\/{rel}","templated":true}]}}