{"id":245,"date":"2025-02-26T10:57:44","date_gmt":"2025-02-26T10:57:44","guid":{"rendered":"https:\/\/www.urologie-mallorca.eu\/privacy-policy\/"},"modified":"2026-04-13T11:14:31","modified_gmt":"2026-04-13T10:14:31","slug":"datenschutzrichtlinie","status":"publish","type":"page","link":"https:\/\/www.urologie-mallorca.eu\/de\/datenschutzrichtlinie\/","title":{"rendered":"Datenschutzrichtlinie"},"content":{"rendered":"\n<h3 class=\"wp-block-heading\"><strong>Informationen des Website-Inhabers:<\/strong><\/h3>\n\n\n\n<figure class=\"wp-block-table\"><table class=\"has-fixed-layout\"><tbody><tr><td><strong>UNTERNEHMENSNAME<\/strong><\/td><td>Stefan Kamp<\/td><\/tr><tr><td><strong>NIF (Steuernummer)<\/strong><\/td><td>X7590143M<\/td><\/tr><tr><td><strong>DOMAIN<\/strong><\/td><td><a href=\"https:\/\/www.urologie-mallorca.eu\/de\/\" target=\"_blank\" rel=\"noreferrer noopener\">urologie-mallorca.eu<\/a><\/td><\/tr><tr><td><strong>POSTANSCHRIFT<\/strong><\/td><td>Cam\u00ed dels Reis, 308, Edificio 3A, Norte, 07011 Palma<\/td><\/tr><tr><td><strong>E-MAIL-ADRESSE<\/strong><\/td><td><a href=\"mailto:urology@palma-clinic.com\">urology@palma-clinic.com<\/a><\/td><\/tr><tr><td><strong>TELEFONNUMMER<\/strong><\/td><td>(+34) 971 905 202<\/td><\/tr><\/tbody><\/table><\/figure>\n\n\n\n<h2 class=\"wp-block-heading\"><strong>Datenschutz<\/strong><\/h2>\n\n\n\n<p>In \u00dcbereinstimmung mit den geltenden und anwendbaren Vorschriften zum Schutz personenbezogener Daten informieren wir Sie dar\u00fcber, dass Ihre Daten in das Verarbeitungssystem von Stefan Kamp mit der NIF X7590143M aufgenommen werden. Im Folgenden fassen wir die wichtigsten Aspekte der durchgef\u00fchrten Datenverarbeitung zusammen:<\/p>\n\n\n\n<figure class=\"wp-block-table\"><table class=\"has-fixed-layout\"><thead><tr><td><strong>T\u00e4tigkeit<\/strong><\/td><td><strong>Details der Verarbeitung<\/strong><\/td><\/tr><\/thead><tbody><tr><td><strong>Webformular Werbeaktionen<\/strong><\/td><td><strong>Zweck:<\/strong> Erfassung, Registrierung und Verarbeitung von Daten zur Bearbeitung Ihrer Anfragen und\/oder W\u00fcnsche sowie f\u00fcr Werbung und kommerzielle Kundenwerbung.<br><strong>Aufbewahrungsfrist:<\/strong> Solange die erteilte Einwilligung besteht, au\u00dfer bei gesetzlicher Verpflichtung.<br><strong>Rechtsgrundlage:<\/strong> Die Einwilligung der betroffenen Person.<br><strong>Grunddaten:<\/strong> Vor- und Nachname, E-Mail-Adresse.<\/td><\/tr><tr><td><strong>Web-Nutzerverwaltung<\/strong><\/td><td><strong>Zweck:<\/strong> Erfassung, Registrierung und Verarbeitung von Nutzerdaten.<br><strong>Aufbewahrungsfrist:<\/strong> Solange die erteilte Einwilligung besteht, au\u00dfer bei gesetzlicher Verpflichtung.<br><strong>Rechtsgrundlage:<\/strong> Die Einwilligung der betroffenen Person.<br><strong>Grunddaten:<\/strong> Vor- und Nachname, E-Mail-Adresse.<\/td><\/tr><tr><td><strong>Newsletter<\/strong><\/td><td><strong>Zweck:<\/strong> Verwaltung des Newsletter-Abonnements zur Durchf\u00fchrung der entsprechenden Zusendungen.<br><strong>Aufbewahrungsfrist:<\/strong> Solange die erteilte Einwilligung besteht.<br><strong>Rechtsgrundlage:<\/strong> Die Einwilligung der betroffenen Person.<br><strong>Grunddaten:<\/strong> Vor- und Nachname, E-Mail-Adresse.<\/td><\/tr><tr><td><strong>Cookie-Installation<\/strong><\/td><td><strong>Zweck:<\/strong> Verwaltung und Installation von Cookies.<br><strong>Aufbewahrungsfrist:<\/strong> Solange die erteilte Einwilligung besteht.<br><strong>Rechtsgrundlage:<\/strong> Die Einwilligung der betroffenen Person.<br><strong>Grunddaten:<\/strong> E-Mail-Adresse, IP-Adresse.<\/td><\/tr><tr><td><strong>Web-Nutzer<\/strong><\/td><td><strong>Zweck:<\/strong> Bearbeitung Ihrer Anfragen und\/oder W\u00fcnsche sowie Installation von Cookies.<br><strong>Aufbewahrungsfrist:<\/strong> Solange die erteilte Einwilligung besteht.<br><strong>Rechtsgrundlage:<\/strong> Die Einwilligung der betroffenen Person.<br><strong>Grunddaten:<\/strong> Vor- und Nachname, E-Mail-Adresse, IP-Adresse.<\/td><\/tr><\/tbody><\/table><\/figure>\n\n\n\n<h2 class=\"wp-block-heading\"><strong>Rechte der betroffenen Personen<\/strong><\/h2>\n\n\n\n<p>Urologie Mallorca informiert die Nutzer dar\u00fcber, dass sie gegen\u00fcber dem Verantwortlichen die Rechte auf Auskunft, Berichtigung, Einschr\u00e4nkung der Verarbeitung, L\u00f6schung, Daten\u00fcbertragbarkeit, Widerspruch gegen die Verarbeitung ihrer personenbezogenen Daten sowie das Recht, nicht einer automatisierten Entscheidung (einschlie\u00dflich Profiling) unterworfen zu werden, aus\u00fcben k\u00f6nnen. Ebenso besteht das Recht auf Widerruf der erteilten Einwilligung.<\/p>\n\n\n\n<ul class=\"wp-block-list\">\n<li><strong>Recht auf Auskunft:<\/strong> Dies ist das Recht des Nutzers, eine Best\u00e4tigung dar\u00fcber zu erhalten, ob seine Daten verarbeitet werden, und wenn ja, welche spezifischen personenbezogenen Daten verarbeitet werden und welche rechtlichen Informationen \u00fcber die Verarbeitung vorliegen (Zwecke, Rechtsgrundlage, Aufbewahrungsfristen, \u00dcbermittlungen, Herkunft der Daten usw.).<\/li>\n\n\n\n<li><strong>Recht auf Berichtigung:<\/strong> Dies ist das Recht der betroffenen Person, unrichtige oder unvollst\u00e4ndige Daten \u00e4ndern zu lassen. In Bezug auf die Website kann dies nur f\u00fcr Informationen erf\u00fcllt werden, die unter der Kontrolle der Website stehen, z. B. das L\u00f6schen von Kommentaren, Bildern oder Webinhalten, in denen personenbezogene Daten des Nutzers erscheinen.<\/li>\n\n\n\n<li><strong>Recht auf Einschr\u00e4nkung der Verarbeitung:<\/strong> Dies ist das Recht, die urspr\u00fcnglich vom Verantwortlichen vorgesehenen Zwecke der Verarbeitung in bestimmten F\u00e4llen einschr\u00e4nken zu lassen.<\/li>\n\n\n\n<li><strong>Recht auf L\u00f6schung:<\/strong> Dies ist das Recht auf L\u00f6schung der personenbezogenen Daten des Nutzers, mit Ausnahme der in der DSGVO selbst vorgesehenen Ausnahmen (Meinungs- und Informationsfreiheit, Aufbewahrungspflichten, Geltendmachung, Aus\u00fcbung oder Verteidigung von Rechtsanspr\u00fcchen usw.).<\/li>\n\n\n\n<li><strong>Recht auf Daten\u00fcbertragbarkeit:<\/strong> Das Recht, die vom Nutzer bereitgestellten personenbezogenen Daten in einem strukturierten, g\u00e4ngigen und maschinenlesbaren Format zu erhalten und sie an einen anderen Verantwortlichen zu \u00fcbermitteln, wenn die Verarbeitung auf einer Einwilligung oder einem Vertrag beruht und mit automatisierten Mitteln erfolgt.<\/li>\n\n\n\n<li><strong>Recht auf Widerspruch:<\/strong> Das Recht des Nutzers, die Verarbeitung seiner personenbezogenen Daten zu verhindern oder zu beenden, wenn die Verarbeitung auf einem berechtigten Interesse, dem \u00f6ffentlichen Interesse oder auf Direktmarketing beruht.<\/li>\n\n\n\n<li><strong>Recht, nicht einer automatisierten Entscheidung (einschlie\u00dflich Profiling) unterworfen zu werden:<\/strong> Wenn die Verarbeitung nicht f\u00fcr den Abschluss oder die Erf\u00fcllung eines Vertrags erforderlich ist, nicht durch Rechtsvorschriften der EU oder der Mitgliedstaaten zul\u00e4ssig ist oder nicht auf einer Einwilligung beruht, haben Sie das Recht, nicht einer ausschlie\u00dflich auf einer automatisierten Verarbeitung beruhenden Entscheidung unterworfen zu werden, die Ihnen gegen\u00fcber rechtliche Wirkung entfaltet oder Sie in \u00e4hnlicher Weise erheblich beeintr\u00e4chtigt.<\/li>\n\n\n\n<li><strong>Recht auf Widerruf der Einwilligung:<\/strong> Bei Verarbeitungen, die auf Ihrer Einwilligung beruhen, haben Sie das Recht, diese jederzeit und kostenlos zu widerrufen.<\/li>\n<\/ul>\n\n\n\n<p>Um eines der oben beschriebenen Datenschutzrechte auszu\u00fcben, m\u00fcssen Sie die folgenden Anweisungen befolgen:<\/p>\n\n\n\n<ol start=\"1\" class=\"wp-block-list\">\n<li>Reichen Sie einen schriftlichen Antrag an die Adresse <strong>Cam\u00ed dels Reis, 308, Edificio 3A, Norte, 07011 Palma, Spanien<\/strong> (zu H\u00e4nden von Urologie Mallorca) oder per E-Mail an <strong>urology@palma-clinic.com<\/strong> ein.<\/li>\n\n\n\n<li>Der vom Betroffenen eingereichte schriftliche Antrag muss Folgendes ber\u00fccksichtigen:\n<ul class=\"wp-block-list\">\n<li>Der Antragsteller muss <strong>eindeutig identifizierbar<\/strong> sein. Bei Zweifeln an der Identit\u00e4t kann um eine Erg\u00e4nzung gebeten werden (z. B. durch Anforderung weiterer Informationen wie der NIF-Nummer, des Ausweisdokuments, der angegebenen E-Mail-Adresse usw.).<\/li>\n\n\n\n<li>Der Antrag kann durch einen gesetzlichen oder gewillk\u00fcrten Vertreter gestellt werden, sofern dieser ordnungsgem\u00e4\u00df identifiziert und vom Betroffenen bevollm\u00e4chtigt ist.<\/li>\n\n\n\n<li>Das <strong>konkrete Begehren<\/strong> (auszu\u00fcbende Rechte). Wenn keine spezifische Verarbeitung genannt wird, erfolgt eine Antwort bez\u00fcglich aller Verarbeitungen Ihrer Daten. Wenn Sie Informationen zu einem bestimmten Prozess anfordern, werden nur diese bereitgestellt. Telefonische Anfragen werden nicht beantwortet; Sie werden darauf hingewiesen, dies schriftlich zu tun.<\/li>\n\n\n\n<li><strong>Post- oder E-Mail-Adresse<\/strong> f\u00fcr Benachrichtigungszwecke.<\/li>\n\n\n\n<li>Dokumente, die den Antrag gegebenenfalls begr\u00fcnden.<\/li>\n\n\n\n<li>Der Antragsteller sollte ein Mittel w\u00e4hlen, das den <strong>Nachweis \u00fcber Versand und Empfang<\/strong> des Antrags erm\u00f6glicht.<\/li>\n<\/ul>\n<\/li>\n<\/ol>\n\n\n\n<p>Schlie\u00dflich informieren wir Sie dar\u00fcber, dass Sie das Recht haben, eine Beschwerde bei der <strong>spanischen Datenschutzbeh\u00f6rde (AEPD)<\/strong> einzureichen, falls Sie einen Versto\u00df gegen die geltenden Datenschutzvorschriften feststellen oder vermuten.<\/p>\n\n\n\n<p>Urologie Mallorca verpflichtet sich, die erforderlichen technischen und organisatorischen Ma\u00dfnahmen zu ergreifen, um die Integrit\u00e4t, Vertraulichkeit und Verf\u00fcgbarkeit der Daten entsprechend dem mit der Verarbeitung verbundenen Risiko zu gew\u00e4hrleisten.<\/p>\n","protected":false},"excerpt":{"rendered":"<p>Informationen des Website-Inhabers: UNTERNEHMENSNAME Stefan Kamp NIF (Steuernummer) X7590143M DOMAIN urologie-mallorca.eu POSTANSCHRIFT Cam\u00ed dels Reis, 308, Edificio 3A, Norte, 07011 Palma E-MAIL-ADRESSE urology@palma-clinic.com TELEFONNUMMER (+34) 971 905 202 Datenschutz In \u00dcbereinstimmung mit den geltenden und anwendbaren Vorschriften zum Schutz personenbezogener Daten informieren wir Sie dar\u00fcber, dass Ihre Daten in das Verarbeitungssystem von Stefan Kamp mit [&hellip;]<\/p>\n","protected":false},"author":1,"featured_media":0,"parent":0,"menu_order":0,"comment_status":"closed","ping_status":"open","template":"","meta":{"footnotes":""},"class_list":["post-245","page","type-page","status-publish","hentry"],"yoast_head":"<!-- This site is optimized with the Yoast SEO plugin v27.3 - https:\/\/yoast.com\/product\/yoast-seo-wordpress\/ -->\n<title>Datenschutzrichtlinie | Urologie Mallorca<\/title>\n<meta name=\"description\" content=\"Wir sch\u00fctzen Ihre personenbezogenen Daten mit voller Transparenz. Erfahren Sie, wie wir Ihre Informationen sicher und vertraulich verwalten.\" \/>\n<meta name=\"robots\" content=\"index, follow, max-snippet:-1, max-image-preview:large, max-video-preview:-1\" \/>\n<link rel=\"canonical\" href=\"https:\/\/www.urologie-mallorca.eu\/de\/datenschutzrichtlinie\/\" \/>\n<meta property=\"og:locale\" content=\"de_DE\" \/>\n<meta property=\"og:type\" content=\"article\" \/>\n<meta property=\"og:title\" content=\"Datenschutzrichtlinie | Urologie Mallorca\" \/>\n<meta property=\"og:description\" content=\"Wir sch\u00fctzen Ihre personenbezogenen Daten mit voller Transparenz. Erfahren Sie, wie wir Ihre Informationen sicher und vertraulich verwalten.\" \/>\n<meta property=\"og:url\" content=\"https:\/\/www.urologie-mallorca.eu\/de\/datenschutzrichtlinie\/\" \/>\n<meta property=\"og:site_name\" content=\"Urologie Mallorca\" \/>\n<meta property=\"article:modified_time\" content=\"2026-04-13T10:14:31+00:00\" \/>\n<meta property=\"og:image\" content=\"https:\/\/www.urologie-mallorca.eu\/wp-content\/uploads\/2025\/07\/urologie-social-card.png\" \/>\n\t<meta property=\"og:image:width\" content=\"880\" \/>\n\t<meta property=\"og:image:height\" content=\"660\" \/>\n\t<meta property=\"og:image:type\" content=\"image\/png\" \/>\n<meta name=\"twitter:card\" content=\"summary_large_image\" \/>\n<meta name=\"twitter:label1\" content=\"Gesch\u00e4tzte Lesezeit\" \/>\n\t<meta name=\"twitter:data1\" content=\"4\u00a0Minuten\" \/>\n<script type=\"application\/ld+json\" class=\"yoast-schema-graph\">{\"@context\":\"https:\\\/\\\/schema.org\",\"@graph\":[{\"@type\":\"WebPage\",\"@id\":\"https:\\\/\\\/www.urologie-mallorca.eu\\\/de\\\/datenschutzrichtlinie\\\/\",\"url\":\"https:\\\/\\\/www.urologie-mallorca.eu\\\/de\\\/datenschutzrichtlinie\\\/\",\"name\":\"Datenschutzrichtlinie | Urologie Mallorca\",\"isPartOf\":{\"@id\":\"https:\\\/\\\/www.urologie-mallorca.eu\\\/de\\\/#website\"},\"datePublished\":\"2025-02-26T10:57:44+00:00\",\"dateModified\":\"2026-04-13T10:14:31+00:00\",\"description\":\"Wir sch\u00fctzen Ihre personenbezogenen Daten mit voller Transparenz. Erfahren Sie, wie wir Ihre Informationen sicher und vertraulich verwalten.\",\"breadcrumb\":{\"@id\":\"https:\\\/\\\/www.urologie-mallorca.eu\\\/de\\\/datenschutzrichtlinie\\\/#breadcrumb\"},\"inLanguage\":\"de\",\"potentialAction\":[{\"@type\":\"ReadAction\",\"target\":[\"https:\\\/\\\/www.urologie-mallorca.eu\\\/de\\\/datenschutzrichtlinie\\\/\"]}]},{\"@type\":\"BreadcrumbList\",\"@id\":\"https:\\\/\\\/www.urologie-mallorca.eu\\\/de\\\/datenschutzrichtlinie\\\/#breadcrumb\",\"itemListElement\":[{\"@type\":\"ListItem\",\"position\":1,\"name\":\"Home\",\"item\":\"https:\\\/\\\/www.urologie-mallorca.eu\\\/de\\\/\"},{\"@type\":\"ListItem\",\"position\":2,\"name\":\"Datenschutzrichtlinie\"}]},{\"@type\":\"WebSite\",\"@id\":\"https:\\\/\\\/www.urologie-mallorca.eu\\\/de\\\/#website\",\"url\":\"https:\\\/\\\/www.urologie-mallorca.eu\\\/de\\\/\",\"name\":\"Urologie Mallorca\",\"description\":\"\",\"publisher\":{\"@id\":\"https:\\\/\\\/www.urologie-mallorca.eu\\\/de\\\/#organization\"},\"potentialAction\":[{\"@type\":\"SearchAction\",\"target\":{\"@type\":\"EntryPoint\",\"urlTemplate\":\"https:\\\/\\\/www.urologie-mallorca.eu\\\/de\\\/?s={search_term_string}\"},\"query-input\":{\"@type\":\"PropertyValueSpecification\",\"valueRequired\":true,\"valueName\":\"search_term_string\"}}],\"inLanguage\":\"de\"},{\"@type\":\"Organization\",\"@id\":\"https:\\\/\\\/www.urologie-mallorca.eu\\\/de\\\/#organization\",\"name\":\"Urologie Mallorca\",\"url\":\"https:\\\/\\\/www.urologie-mallorca.eu\\\/de\\\/\",\"logo\":{\"@type\":\"ImageObject\",\"inLanguage\":\"de\",\"@id\":\"https:\\\/\\\/www.urologie-mallorca.eu\\\/de\\\/#\\\/schema\\\/logo\\\/image\\\/\",\"url\":\"https:\\\/\\\/www.urologie-mallorca.eu\\\/wp-content\\\/uploads\\\/2025\\\/07\\\/urologie-social-card.png\",\"contentUrl\":\"https:\\\/\\\/www.urologie-mallorca.eu\\\/wp-content\\\/uploads\\\/2025\\\/07\\\/urologie-social-card.png\",\"width\":880,\"height\":660,\"caption\":\"Urologie Mallorca\"},\"image\":{\"@id\":\"https:\\\/\\\/www.urologie-mallorca.eu\\\/de\\\/#\\\/schema\\\/logo\\\/image\\\/\"}}]}<\/script>\n<!-- \/ Yoast SEO plugin. -->","yoast_head_json":{"title":"Datenschutzrichtlinie | Urologie Mallorca","description":"Wir sch\u00fctzen Ihre personenbezogenen Daten mit voller Transparenz. Erfahren Sie, wie wir Ihre Informationen sicher und vertraulich verwalten.","robots":{"index":"index","follow":"follow","max-snippet":"max-snippet:-1","max-image-preview":"max-image-preview:large","max-video-preview":"max-video-preview:-1"},"canonical":"https:\/\/www.urologie-mallorca.eu\/de\/datenschutzrichtlinie\/","og_locale":"de_DE","og_type":"article","og_title":"Datenschutzrichtlinie | Urologie Mallorca","og_description":"Wir sch\u00fctzen Ihre personenbezogenen Daten mit voller Transparenz. Erfahren Sie, wie wir Ihre Informationen sicher und vertraulich verwalten.","og_url":"https:\/\/www.urologie-mallorca.eu\/de\/datenschutzrichtlinie\/","og_site_name":"Urologie Mallorca","article_modified_time":"2026-04-13T10:14:31+00:00","og_image":[{"width":880,"height":660,"url":"https:\/\/www.urologie-mallorca.eu\/wp-content\/uploads\/2025\/07\/urologie-social-card.png","type":"image\/png"}],"twitter_card":"summary_large_image","twitter_misc":{"Gesch\u00e4tzte Lesezeit":"4\u00a0Minuten"},"schema":{"@context":"https:\/\/schema.org","@graph":[{"@type":"WebPage","@id":"https:\/\/www.urologie-mallorca.eu\/de\/datenschutzrichtlinie\/","url":"https:\/\/www.urologie-mallorca.eu\/de\/datenschutzrichtlinie\/","name":"Datenschutzrichtlinie | Urologie Mallorca","isPartOf":{"@id":"https:\/\/www.urologie-mallorca.eu\/de\/#website"},"datePublished":"2025-02-26T10:57:44+00:00","dateModified":"2026-04-13T10:14:31+00:00","description":"Wir sch\u00fctzen Ihre personenbezogenen Daten mit voller Transparenz. Erfahren Sie, wie wir Ihre Informationen sicher und vertraulich verwalten.","breadcrumb":{"@id":"https:\/\/www.urologie-mallorca.eu\/de\/datenschutzrichtlinie\/#breadcrumb"},"inLanguage":"de","potentialAction":[{"@type":"ReadAction","target":["https:\/\/www.urologie-mallorca.eu\/de\/datenschutzrichtlinie\/"]}]},{"@type":"BreadcrumbList","@id":"https:\/\/www.urologie-mallorca.eu\/de\/datenschutzrichtlinie\/#breadcrumb","itemListElement":[{"@type":"ListItem","position":1,"name":"Home","item":"https:\/\/www.urologie-mallorca.eu\/de\/"},{"@type":"ListItem","position":2,"name":"Datenschutzrichtlinie"}]},{"@type":"WebSite","@id":"https:\/\/www.urologie-mallorca.eu\/de\/#website","url":"https:\/\/www.urologie-mallorca.eu\/de\/","name":"Urologie Mallorca","description":"","publisher":{"@id":"https:\/\/www.urologie-mallorca.eu\/de\/#organization"},"potentialAction":[{"@type":"SearchAction","target":{"@type":"EntryPoint","urlTemplate":"https:\/\/www.urologie-mallorca.eu\/de\/?s={search_term_string}"},"query-input":{"@type":"PropertyValueSpecification","valueRequired":true,"valueName":"search_term_string"}}],"inLanguage":"de"},{"@type":"Organization","@id":"https:\/\/www.urologie-mallorca.eu\/de\/#organization","name":"Urologie Mallorca","url":"https:\/\/www.urologie-mallorca.eu\/de\/","logo":{"@type":"ImageObject","inLanguage":"de","@id":"https:\/\/www.urologie-mallorca.eu\/de\/#\/schema\/logo\/image\/","url":"https:\/\/www.urologie-mallorca.eu\/wp-content\/uploads\/2025\/07\/urologie-social-card.png","contentUrl":"https:\/\/www.urologie-mallorca.eu\/wp-content\/uploads\/2025\/07\/urologie-social-card.png","width":880,"height":660,"caption":"Urologie Mallorca"},"image":{"@id":"https:\/\/www.urologie-mallorca.eu\/de\/#\/schema\/logo\/image\/"}}]}},"_links":{"self":[{"href":"https:\/\/www.urologie-mallorca.eu\/de\/wp-json\/wp\/v2\/pages\/245","targetHints":{"allow":["GET"]}}],"collection":[{"href":"https:\/\/www.urologie-mallorca.eu\/de\/wp-json\/wp\/v2\/pages"}],"about":[{"href":"https:\/\/www.urologie-mallorca.eu\/de\/wp-json\/wp\/v2\/types\/page"}],"author":[{"embeddable":true,"href":"https:\/\/www.urologie-mallorca.eu\/de\/wp-json\/wp\/v2\/users\/1"}],"replies":[{"embeddable":true,"href":"https:\/\/www.urologie-mallorca.eu\/de\/wp-json\/wp\/v2\/comments?post=245"}],"version-history":[{"count":1,"href":"https:\/\/www.urologie-mallorca.eu\/de\/wp-json\/wp\/v2\/pages\/245\/revisions"}],"predecessor-version":[{"id":247,"href":"https:\/\/www.urologie-mallorca.eu\/de\/wp-json\/wp\/v2\/pages\/245\/revisions\/247"}],"wp:attachment":[{"href":"https:\/\/www.urologie-mallorca.eu\/de\/wp-json\/wp\/v2\/media?parent=245"}],"curies":[{"name":"wp","href":"https:\/\/api.w.org\/{rel}","templated":true}]}}