{"id":237,"date":"2025-08-15T08:37:41","date_gmt":"2025-08-15T07:37:41","guid":{"rendered":"https:\/\/www.urologie-mallorca.eu\/legal-note\/"},"modified":"2026-04-13T11:01:54","modified_gmt":"2026-04-13T10:01:54","slug":"rechtlicher-hinweis","status":"publish","type":"page","link":"https:\/\/www.urologie-mallorca.eu\/de\/rechtlicher-hinweis\/","title":{"rendered":"Rechtlicher Hinweis"},"content":{"rendered":"\n<h2 class=\"wp-block-heading\"><strong>Einleitung<\/strong><\/h2>\n\n\n\n<p>In \u00dcbereinstimmung mit dem Gesetz 34\/2002 vom 11. Juli \u00fcber Dienste der Informationsgesellschaft und den elektronischen Gesch\u00e4ftsverkehr (LSSI-CE) informiert Urologie Mallorca dar\u00fcber, dass sie Inhaberin der Website ist. Gem\u00e4\u00df den Anforderungen von Artikel 10 des genannten Gesetzes stellt Urologie Mallorca die folgenden Angaben zur Verf\u00fcgung:<\/p>\n\n\n\n<figure class=\"wp-block-table\"><table class=\"has-fixed-layout\"><tbody><tr><td><strong>UNTERNEHMENSNAME<\/strong><\/td><td>Stefan Kamp<\/td><\/tr><tr><td><strong>NIF (Steuernummer)<\/strong><\/td><td>X7590143M<\/td><\/tr><tr><td><strong>DOMAIN<\/strong><\/td><td><a href=\"https:\/\/www.urologie-mallorca.eu\/de\/\" target=\"_blank\" rel=\"noreferrer noopener\">urologie-mallorca.eu<\/a><\/td><\/tr><tr><td><strong>POSTANSCHRIFT<\/strong><\/td><td>Cam\u00ed dels Reis, 308, Edificio 3A, Norte, 07011 Palma<\/td><\/tr><tr><td><strong>E-MAIL-ADRESSE<\/strong><\/td><td><a href=\"mailto:urology@palma-clinic.com\">urology@palma-clinic.com<\/a><\/td><\/tr><tr><td><strong>TELEFONNUMMER<\/strong><\/td><td>(+34) 971 905 202<\/td><\/tr><\/tbody><\/table><\/figure>\n\n\n\n<h2 class=\"wp-block-heading\"><strong>Nutzer- und Haftungsregelung<\/strong><\/h2>\n\n\n\n<p>Das Surfen, der Zugriff und die Nutzung der Website von Urologie Mallorca verleiht den Status eines Nutzers.<\/p>\n\n\n\n<p>Die Website von Urologie Mallorca bietet eine gro\u00dfe Vielfalt an Informationen, Dienstleistungen und Daten. Der Nutzer \u00fcbernimmt die Verantwortung f\u00fcr die korrekte Nutzung der Website. Diese Verantwortung erstreckt sich auf:<\/p>\n\n\n\n<ul class=\"wp-block-list\">\n<li><strong>Die Richtigkeit und Rechtm\u00e4\u00dfigkeit<\/strong> der vom Nutzer in den von Urologie Mallorca bereitgestellten Formularen f\u00fcr den Zugriff auf bestimmte Inhalte oder Dienstleistungen der Website gemachten Angaben.<\/li>\n\n\n\n<li><strong>Die Nutzung der von Urologie Mallorca angebotenen Informationen<\/strong>, Dienste und Daten entgegen den Bestimmungen dieser Bedingungen, dem Gesetz, der Moral, den guten Sitten oder der \u00f6ffentlichen Ordnung oder in einer Weise, die die Rechte Dritter oder das ordnungsgem\u00e4\u00dfe Funktionieren der Website selbst beeintr\u00e4chtigen k\u00f6nnte.<\/li>\n<\/ul>\n\n\n\n<h2 class=\"wp-block-heading\"><strong>Link-Richtlinie und Haftungsausschl\u00fcsse<\/strong><\/h2>\n\n\n\n<p>Urologie Mallorca ist nicht verantwortlich f\u00fcr den Inhalt der Websites, auf die der Nutzer \u00fcber die auf ihrer Website eingerichteten Links zugreifen kann, sofern sie keine tats\u00e4chliche Kenntnis davon hat, dass die T\u00e4tigkeit oder Information, auf die verwiesen oder die empfohlen wird, rechtswidrig ist oder das Eigentum oder die Rechte eines Dritten verletzt, die entsch\u00e4digungspflichtig sind, oder, falls sie eine solche Kenntnis hat, mit der gebotenen Sorgfalt handelt, um den entsprechenden Link zu entfernen oder zu deaktivieren.<\/p>\n\n\n\n<p>Es wird davon ausgegangen, dass Urologie Mallorca die im vorigen Absatz genannte tats\u00e4chliche Kenntnis hat, wenn eine zust\u00e4ndige Stelle die Rechtswidrigkeit der Daten erkl\u00e4rt, deren Entfernung angeordnet oder den Zugriff darauf unm\u00f6glich gemacht hat oder das Bestehen des Schadens festgestellt wurde und Urologie Mallorca Kenntnis von der entsprechenden Entscheidung hatte; unbeschadet der Verfahren zur Erkennung und Entfernung von Inhalten, die Urologie Mallorca aufgrund freiwilliger Vereinbarungen und anderer Mittel der tats\u00e4chlichen Kenntnis, die eingerichtet werden k\u00f6nnen, anwendet.<\/p>\n\n\n\n<p>Urologie Mallorca erkl\u00e4rt, alle notwendigen Ma\u00dfnahmen ergriffen zu haben, um jegliche Sch\u00e4den f\u00fcr die Nutzer ihrer Website zu vermeiden, die sich aus dem Surfen auf ihrer Website ergeben k\u00f6nnten. Folglich ist Urologie Mallorca unter keinen Umst\u00e4nden verantwortlich f\u00fcr eventuelle Sch\u00e4den, die der Nutzer durch das Surfen im Internet erleiden k\u00f6nnte. Ebenso garantiert sie nicht die technische Verf\u00fcgbarkeit, Genauigkeit, Wahrhaftigkeit, G\u00fcltigkeit oder Rechtm\u00e4\u00dfigkeit von Websites, die nicht in ihrem Eigentum stehen und auf die \u00fcber die Links zugegriffen werden kann.<\/p>\n\n\n\n<h2 class=\"wp-block-heading\"><strong>\u00c4nderungen<\/strong><\/h2>\n\n\n\n<p>Urologie Mallorca beh\u00e4lt sich das Recht vor, ohne vorherige Ank\u00fcndigung die \u00c4nderungen an der Website vorzunehmen, die sie f\u00fcr angemessen h\u00e4lt. Dies gilt sowohl f\u00fcr die Inhalte der Website als auch f\u00fcr deren Nutzungsbedingungen oder die allgemeinen Gesch\u00e4ftsbedingungen. Die in diesem Abschnitt genannten \u00c4nderungen haben keine Auswirkungen auf Vertr\u00e4ge, die vor dem Datum ihrer Ver\u00f6ffentlichung abgeschlossen wurden.<\/p>\n\n\n\n<p>Diese \u00c4nderungen k\u00f6nnen \u00fcber die Website mit allen rechtlich zul\u00e4ssigen Mitteln vorgenommen werden und sind w\u00e4hrend der Zeit ihrer Ver\u00f6ffentlichung auf der Website bindend, bis sie durch sp\u00e4tere \u00c4nderungen wirksam ersetzt werden.<\/p>\n\n\n\n<h2 class=\"wp-block-heading\"><strong>Preisinformationen<\/strong><\/h2>\n\n\n\n<p>F\u00fcr den Fall, dass Preise f\u00fcr Produkte und\/oder Dienstleistungen angezeigt werden, sind die auf dem Bildschirm angezeigten Preise die jeweils aktuell g\u00fcltigen. Die Preise werden in Euro angegeben und enthalten die Mehrwertsteuer (MwSt.). Sollte die Mehrwertsteuer nicht im Preis enthalten sein, wird dies ausdr\u00fccklich angegeben, und der Nutzer kann den vollst\u00e4ndigen Endpreis einsehen.<\/p>\n\n\n\n<p>Ebenso wird auf jede andere anwendbare Steuer hingewiesen, einschlie\u00dflich gegebenenfalls der H\u00f6he von Aufschl\u00e4gen oder Rabatten, die f\u00fcr das Angebot gelten, sowie aller zus\u00e4tzlichen Kosten, die an den Verbraucher oder Nutzer weitergegeben werden k\u00f6nnen.<\/p>\n\n\n\n<h2 class=\"wp-block-heading\"><strong>Geistiges und gewerbliches Eigentum<\/strong><\/h2>\n\n\n\n<p id=\"p-rc_a9b92cd063f86efe-20\">Urologie Mallorca ist entweder selbst oder als Rechtsnachfolgerin Inhaberin aller geistigen und gewerblichen Eigentumsrechte an ihrer Website sowie an den darin enthaltenen Elementen (einschlie\u00dflich, aber nicht beschr\u00e4nkt auf Bilder, Ton, Audio, Video, Software oder Texte; Marken oder Logos, Farbkombinationen, Struktur und Design, Auswahl der verwendeten Materialien, Computerprogramme, die f\u00fcr <sup><\/sup>den Betrieb, den Zugriff und die Nutzung erforderlich sind, usw.), die Eigentum von Urologie Mallorca sind. Folglich handelt es sich um Werke, die als geistiges Eigentum durch die spanische Rechtsordnung gesch\u00fctzt sind, wobei sowohl die spanischen und EU-Vorschriften auf diesem Gebiet als auch die von Spanien unterzeichneten internationalen Vertr\u00e4ge in dieser Angelegenheit anwendbar sind.<\/p>\n\n\n\n<p>Alle Rechte vorbehalten. Gem\u00e4\u00df den Bestimmungen des Gesetzes \u00fcber das geistige Eigentum ist die Vervielf\u00e4ltigung, Verbreitung und \u00f6ffentliche Wiedergabe, einschlie\u00dflich der Art und Weise der Bereitstellung, des gesamten oder eines Teils des Inhalts dieser Website zu kommerziellen Zwecken auf jedem Medium und mit jedem technischen Mittel ohne die Genehmigung von Urologie Mallorca ausdr\u00fccklich untersagt.<\/p>\n\n\n\n<p>Der Nutzer verpflichtet sich, die geistigen und gewerblichen Eigentumsrechte von Urologie Mallorca zu respektieren. Er kann die Elemente des Portals ansehen und sogar ausdrucken, kopieren und auf der Festplatte seines Computers oder auf einem anderen physischen Medium speichern, sofern dies einzig und allein f\u00fcr seinen pers\u00f6nlichen und privaten Gebrauch geschieht. Der Nutzer hat es zu unterlassen, Schutzvorrichtungen oder Sicherheitssysteme, die auf den Seiten von Urologie Mallorca installiert sind, zu l\u00f6schen, zu ver\u00e4ndern, zu umgehen oder zu manipulieren.<\/p>\n\n\n\n<h2 class=\"wp-block-heading\"><strong>Rechtliche Schritte, anwendbares Recht und Gerichtsstand<\/strong><\/h2>\n\n\n\n<p>Wenn der Nutzer eine Beschwerde einreichen m\u00f6chte, muss er uns \u00fcber die E-Mail-Adresse urology@palma-clinic.com kontaktieren. Urologie Mallorca h\u00e4lt zudem offizielle Beschwerdeformulare f\u00fcr Verbraucher und Nutzer bereit.<\/p>\n\n\n\n<p>Urologie Mallorca beh\u00e4lt sich das Recht vor, zivil- oder strafrechtliche Schritte einzuleiten, die sie f\u00fcr die unsachgem\u00e4\u00dfe Nutzung ihrer Website und ihrer Inhalte oder f\u00fcr den Versto\u00df gegen diese Bedingungen f\u00fcr angemessen h\u00e4lt.<\/p>\n\n\n\n<p>Die Beziehung zwischen dem Nutzer und dem Anbieter richtet sich nach den geltenden und im spanischen Hoheitsgebiet anwendbaren Vorschriften. Sollten Streitigkeiten entstehen, k\u00f6nnen die Parteien ihre Konflikte einem Schiedsverfahren unterziehen oder die ordentlichen Gerichte anrufen, wobei die Regeln \u00fcber die gerichtliche Zust\u00e4ndigkeit und Kompetenz zu beachten sind. Urologie Mallorca hat ihren Sitz in ILLES BALEARS, Spanien.<\/p>\n","protected":false},"excerpt":{"rendered":"<p>Einleitung In \u00dcbereinstimmung mit dem Gesetz 34\/2002 vom 11. Juli \u00fcber Dienste der Informationsgesellschaft und den elektronischen Gesch\u00e4ftsverkehr (LSSI-CE) informiert Urologie Mallorca dar\u00fcber, dass sie Inhaberin der Website ist. Gem\u00e4\u00df den Anforderungen von Artikel 10 des genannten Gesetzes stellt Urologie Mallorca die folgenden Angaben zur Verf\u00fcgung: UNTERNEHMENSNAME Stefan Kamp NIF (Steuernummer) X7590143M DOMAIN urologie-mallorca.eu POSTANSCHRIFT [&hellip;]<\/p>\n","protected":false},"author":1,"featured_media":0,"parent":0,"menu_order":0,"comment_status":"closed","ping_status":"closed","template":"","meta":{"footnotes":""},"class_list":["post-237","page","type-page","status-publish","hentry"],"yoast_head":"<!-- This site is optimized with the Yoast SEO plugin v27.3 - https:\/\/yoast.com\/product\/yoast-seo-wordpress\/ -->\n<title>Rechtlicher Hinweis | Urologie Mallorca<\/title>\n<meta name=\"description\" content=\"Informieren Sie sich \u00fcber unsere Nutzungsbedingungen, Datenschutzrichtlinien und Servicebedingungen. Klare und transparente Rechtsinformationen, denen Sie vertrauen k\u00f6nnen.\" \/>\n<meta name=\"robots\" content=\"index, follow, max-snippet:-1, max-image-preview:large, max-video-preview:-1\" \/>\n<link rel=\"canonical\" href=\"https:\/\/www.urologie-mallorca.eu\/de\/rechtlicher-hinweis\/\" \/>\n<meta property=\"og:locale\" content=\"de_DE\" \/>\n<meta property=\"og:type\" content=\"article\" \/>\n<meta property=\"og:title\" content=\"Rechtlicher Hinweis | Urologie Mallorca\" \/>\n<meta property=\"og:description\" content=\"Informieren Sie sich \u00fcber unsere Nutzungsbedingungen, Datenschutzrichtlinien und Servicebedingungen. Klare und transparente Rechtsinformationen, denen Sie vertrauen k\u00f6nnen.\" \/>\n<meta property=\"og:url\" content=\"https:\/\/www.urologie-mallorca.eu\/de\/rechtlicher-hinweis\/\" \/>\n<meta property=\"og:site_name\" content=\"Urologie Mallorca\" \/>\n<meta property=\"article:modified_time\" content=\"2026-04-13T10:01:54+00:00\" \/>\n<meta property=\"og:image\" content=\"https:\/\/www.urologie-mallorca.eu\/wp-content\/uploads\/2025\/07\/urologie-social-card.png\" \/>\n\t<meta property=\"og:image:width\" content=\"880\" \/>\n\t<meta property=\"og:image:height\" content=\"660\" \/>\n\t<meta property=\"og:image:type\" content=\"image\/png\" \/>\n<meta name=\"twitter:card\" content=\"summary_large_image\" \/>\n<meta name=\"twitter:label1\" content=\"Gesch\u00e4tzte Lesezeit\" \/>\n\t<meta name=\"twitter:data1\" content=\"5\u00a0Minuten\" \/>\n<script type=\"application\/ld+json\" class=\"yoast-schema-graph\">{\"@context\":\"https:\\\/\\\/schema.org\",\"@graph\":[{\"@type\":\"WebPage\",\"@id\":\"https:\\\/\\\/www.urologie-mallorca.eu\\\/de\\\/rechtlicher-hinweis\\\/\",\"url\":\"https:\\\/\\\/www.urologie-mallorca.eu\\\/de\\\/rechtlicher-hinweis\\\/\",\"name\":\"Rechtlicher Hinweis | Urologie Mallorca\",\"isPartOf\":{\"@id\":\"https:\\\/\\\/www.urologie-mallorca.eu\\\/de\\\/#website\"},\"datePublished\":\"2025-08-15T07:37:41+00:00\",\"dateModified\":\"2026-04-13T10:01:54+00:00\",\"description\":\"Informieren Sie sich \u00fcber unsere Nutzungsbedingungen, Datenschutzrichtlinien und Servicebedingungen. Klare und transparente Rechtsinformationen, denen Sie vertrauen k\u00f6nnen.\",\"breadcrumb\":{\"@id\":\"https:\\\/\\\/www.urologie-mallorca.eu\\\/de\\\/rechtlicher-hinweis\\\/#breadcrumb\"},\"inLanguage\":\"de\",\"potentialAction\":[{\"@type\":\"ReadAction\",\"target\":[\"https:\\\/\\\/www.urologie-mallorca.eu\\\/de\\\/rechtlicher-hinweis\\\/\"]}]},{\"@type\":\"BreadcrumbList\",\"@id\":\"https:\\\/\\\/www.urologie-mallorca.eu\\\/de\\\/rechtlicher-hinweis\\\/#breadcrumb\",\"itemListElement\":[{\"@type\":\"ListItem\",\"position\":1,\"name\":\"Home\",\"item\":\"https:\\\/\\\/www.urologie-mallorca.eu\\\/de\\\/\"},{\"@type\":\"ListItem\",\"position\":2,\"name\":\"Rechtlicher Hinweis\"}]},{\"@type\":\"WebSite\",\"@id\":\"https:\\\/\\\/www.urologie-mallorca.eu\\\/de\\\/#website\",\"url\":\"https:\\\/\\\/www.urologie-mallorca.eu\\\/de\\\/\",\"name\":\"Urologie Mallorca\",\"description\":\"\",\"publisher\":{\"@id\":\"https:\\\/\\\/www.urologie-mallorca.eu\\\/de\\\/#organization\"},\"potentialAction\":[{\"@type\":\"SearchAction\",\"target\":{\"@type\":\"EntryPoint\",\"urlTemplate\":\"https:\\\/\\\/www.urologie-mallorca.eu\\\/de\\\/?s={search_term_string}\"},\"query-input\":{\"@type\":\"PropertyValueSpecification\",\"valueRequired\":true,\"valueName\":\"search_term_string\"}}],\"inLanguage\":\"de\"},{\"@type\":\"Organization\",\"@id\":\"https:\\\/\\\/www.urologie-mallorca.eu\\\/de\\\/#organization\",\"name\":\"Urologie Mallorca\",\"url\":\"https:\\\/\\\/www.urologie-mallorca.eu\\\/de\\\/\",\"logo\":{\"@type\":\"ImageObject\",\"inLanguage\":\"de\",\"@id\":\"https:\\\/\\\/www.urologie-mallorca.eu\\\/de\\\/#\\\/schema\\\/logo\\\/image\\\/\",\"url\":\"https:\\\/\\\/www.urologie-mallorca.eu\\\/wp-content\\\/uploads\\\/2025\\\/07\\\/urologie-social-card.png\",\"contentUrl\":\"https:\\\/\\\/www.urologie-mallorca.eu\\\/wp-content\\\/uploads\\\/2025\\\/07\\\/urologie-social-card.png\",\"width\":880,\"height\":660,\"caption\":\"Urologie Mallorca\"},\"image\":{\"@id\":\"https:\\\/\\\/www.urologie-mallorca.eu\\\/de\\\/#\\\/schema\\\/logo\\\/image\\\/\"}}]}<\/script>\n<!-- \/ Yoast SEO plugin. -->","yoast_head_json":{"title":"Rechtlicher Hinweis | Urologie Mallorca","description":"Informieren Sie sich \u00fcber unsere Nutzungsbedingungen, Datenschutzrichtlinien und Servicebedingungen. Klare und transparente Rechtsinformationen, denen Sie vertrauen k\u00f6nnen.","robots":{"index":"index","follow":"follow","max-snippet":"max-snippet:-1","max-image-preview":"max-image-preview:large","max-video-preview":"max-video-preview:-1"},"canonical":"https:\/\/www.urologie-mallorca.eu\/de\/rechtlicher-hinweis\/","og_locale":"de_DE","og_type":"article","og_title":"Rechtlicher Hinweis | Urologie Mallorca","og_description":"Informieren Sie sich \u00fcber unsere Nutzungsbedingungen, Datenschutzrichtlinien und Servicebedingungen. Klare und transparente Rechtsinformationen, denen Sie vertrauen k\u00f6nnen.","og_url":"https:\/\/www.urologie-mallorca.eu\/de\/rechtlicher-hinweis\/","og_site_name":"Urologie Mallorca","article_modified_time":"2026-04-13T10:01:54+00:00","og_image":[{"width":880,"height":660,"url":"https:\/\/www.urologie-mallorca.eu\/wp-content\/uploads\/2025\/07\/urologie-social-card.png","type":"image\/png"}],"twitter_card":"summary_large_image","twitter_misc":{"Gesch\u00e4tzte Lesezeit":"5\u00a0Minuten"},"schema":{"@context":"https:\/\/schema.org","@graph":[{"@type":"WebPage","@id":"https:\/\/www.urologie-mallorca.eu\/de\/rechtlicher-hinweis\/","url":"https:\/\/www.urologie-mallorca.eu\/de\/rechtlicher-hinweis\/","name":"Rechtlicher Hinweis | Urologie Mallorca","isPartOf":{"@id":"https:\/\/www.urologie-mallorca.eu\/de\/#website"},"datePublished":"2025-08-15T07:37:41+00:00","dateModified":"2026-04-13T10:01:54+00:00","description":"Informieren Sie sich \u00fcber unsere Nutzungsbedingungen, Datenschutzrichtlinien und Servicebedingungen. Klare und transparente Rechtsinformationen, denen Sie vertrauen k\u00f6nnen.","breadcrumb":{"@id":"https:\/\/www.urologie-mallorca.eu\/de\/rechtlicher-hinweis\/#breadcrumb"},"inLanguage":"de","potentialAction":[{"@type":"ReadAction","target":["https:\/\/www.urologie-mallorca.eu\/de\/rechtlicher-hinweis\/"]}]},{"@type":"BreadcrumbList","@id":"https:\/\/www.urologie-mallorca.eu\/de\/rechtlicher-hinweis\/#breadcrumb","itemListElement":[{"@type":"ListItem","position":1,"name":"Home","item":"https:\/\/www.urologie-mallorca.eu\/de\/"},{"@type":"ListItem","position":2,"name":"Rechtlicher Hinweis"}]},{"@type":"WebSite","@id":"https:\/\/www.urologie-mallorca.eu\/de\/#website","url":"https:\/\/www.urologie-mallorca.eu\/de\/","name":"Urologie Mallorca","description":"","publisher":{"@id":"https:\/\/www.urologie-mallorca.eu\/de\/#organization"},"potentialAction":[{"@type":"SearchAction","target":{"@type":"EntryPoint","urlTemplate":"https:\/\/www.urologie-mallorca.eu\/de\/?s={search_term_string}"},"query-input":{"@type":"PropertyValueSpecification","valueRequired":true,"valueName":"search_term_string"}}],"inLanguage":"de"},{"@type":"Organization","@id":"https:\/\/www.urologie-mallorca.eu\/de\/#organization","name":"Urologie Mallorca","url":"https:\/\/www.urologie-mallorca.eu\/de\/","logo":{"@type":"ImageObject","inLanguage":"de","@id":"https:\/\/www.urologie-mallorca.eu\/de\/#\/schema\/logo\/image\/","url":"https:\/\/www.urologie-mallorca.eu\/wp-content\/uploads\/2025\/07\/urologie-social-card.png","contentUrl":"https:\/\/www.urologie-mallorca.eu\/wp-content\/uploads\/2025\/07\/urologie-social-card.png","width":880,"height":660,"caption":"Urologie Mallorca"},"image":{"@id":"https:\/\/www.urologie-mallorca.eu\/de\/#\/schema\/logo\/image\/"}}]}},"_links":{"self":[{"href":"https:\/\/www.urologie-mallorca.eu\/de\/wp-json\/wp\/v2\/pages\/237","targetHints":{"allow":["GET"]}}],"collection":[{"href":"https:\/\/www.urologie-mallorca.eu\/de\/wp-json\/wp\/v2\/pages"}],"about":[{"href":"https:\/\/www.urologie-mallorca.eu\/de\/wp-json\/wp\/v2\/types\/page"}],"author":[{"embeddable":true,"href":"https:\/\/www.urologie-mallorca.eu\/de\/wp-json\/wp\/v2\/users\/1"}],"replies":[{"embeddable":true,"href":"https:\/\/www.urologie-mallorca.eu\/de\/wp-json\/wp\/v2\/comments?post=237"}],"version-history":[{"count":3,"href":"https:\/\/www.urologie-mallorca.eu\/de\/wp-json\/wp\/v2\/pages\/237\/revisions"}],"predecessor-version":[{"id":241,"href":"https:\/\/www.urologie-mallorca.eu\/de\/wp-json\/wp\/v2\/pages\/237\/revisions\/241"}],"wp:attachment":[{"href":"https:\/\/www.urologie-mallorca.eu\/de\/wp-json\/wp\/v2\/media?parent=237"}],"curies":[{"name":"wp","href":"https:\/\/api.w.org\/{rel}","templated":true}]}}