{"id":222,"date":"2026-03-31T09:32:43","date_gmt":"2026-03-31T08:32:43","guid":{"rendered":"https:\/\/www.urologie-mallorca.eu\/dr-stefan-kamp\/"},"modified":"2026-04-13T10:41:05","modified_gmt":"2026-04-13T09:41:05","slug":"ueber-uns","status":"publish","type":"page","link":"https:\/\/www.urologie-mallorca.eu\/de\/ueber-uns\/","title":{"rendered":"\u00dcber uns"},"content":{"rendered":"\n<p>Dr. Kamp und sein Team sind auf schonende, sogenannte <strong>minimalinvasive chirurgische Techniken<\/strong> spezialisiert, die sowohl bei gutartigen als auch bei b\u00f6sartigen Erkrankungen der Niere, des Harnleiters, der Blase, der Prostata und der Harnr\u00f6hre zum Einsatz kommen. Besondere Expertise besitzt er in der <strong>potenzerhaltenden endoskopischen Chirurgie<\/strong> bei Prostatakrebs sowie in <strong>organerhaltenden Operationsverfahren<\/strong> bei der Behandlung von Nierenkrebs.<\/p>\n\n\n\n<p>Weitere Schwerpunkte seiner Arbeit sind:<\/p>\n\n\n\n<ul class=\"wp-block-list\">\n<li>Die lasergest\u00fctzte Behandlung der gutartigen Prostatavergr\u00f6\u00dferung (BPH) sowie von Nieren- und Harnleitersteinen.<\/li>\n\n\n\n<li>Schonende Methoden zur Behandlung von Blasenschw\u00e4che.<\/li>\n\n\n\n<li>Die medikament\u00f6se Therapie von Tumorerkrankungen.<\/li>\n\n\n\n<li>Die Behandlung von Unfruchtbarkeit (Infertilit\u00e4t) sowie von altersbedingten Hormonst\u00f6rungen.<\/li>\n<\/ul>\n\n\n\n<p>Aufgrund seiner langj\u00e4hrigen Erfahrung in der Allgemein- und Herzchirurgie, seiner spezialisierten Ausbildung an der Urologischen Universit\u00e4tsklinik Mannheim und seiner T\u00e4tigkeit als Chefarzt kann Dr. Kamp auf <strong>20 Jahre klinische Erfahrung<\/strong> und ein breites medizinisches Spektrum zur\u00fcckblicken. Er hat dabei mehr als 2.000 Operationen durchgef\u00fchrt und \u00fcber 4.000 Patienten medizinisch betreut.<\/p>\n\n\n\n<p>Dr. Kamp ist Mitglied verschiedener internationaler Fachgesellschaften und war als Koordinator an zahlreichen wissenschaftlichen Studien im Bereich der Krebstherapie beteiligt. Zudem war er als Spezialist f\u00fcr die Behandlung des Prostatakarzinoms f\u00fcr die <strong>EUrology Academy<\/strong> t\u00e4tig. Er ist Mitglied des <em>European Board of Urology<\/em>, der <em>European Association of Urology<\/em>, der <em>Deutschen Gesellschaft f\u00fcr<sup><\/sup> Urologie<\/em> sowie der <em>Mannheim-Harvard-Medical-Education A<sup><\/sup>lliance<\/em>.<\/p>\n\n\n\n<figure class=\"wp-block-gallery has-nested-images columns-default is-cropped wp-block-gallery-1 is-layout-flex wp-block-gallery-is-layout-flex\">\n<figure data-wp-context=\"{&quot;imageId&quot;:&quot;69dcf33446f10&quot;}\" data-wp-interactive=\"core\/image\" data-wp-key=\"69dcf33446f10\" class=\"wp-block-image size-large wp-lightbox-container\"><img loading=\"lazy\" decoding=\"async\" width=\"1024\" height=\"682\" data-wp-class--hide=\"state.isContentHidden\" data-wp-class--show=\"state.isContentVisible\" data-wp-init=\"callbacks.setButtonStyles\" data-wp-on--click=\"actions.showLightbox\" data-wp-on--load=\"callbacks.setButtonStyles\" data-wp-on-window--resize=\"callbacks.setButtonStyles\" data-id=\"61\" src=\"https:\/\/www.urologie-mallorca.eu\/wp-content\/uploads\/2025\/08\/urologie-mallorca-clinic-1-1024x682.jpg\" alt=\"\" class=\"wp-image-61\" srcset=\"https:\/\/www.urologie-mallorca.eu\/wp-content\/uploads\/2025\/08\/urologie-mallorca-clinic-1-1024x682.jpg 1024w, https:\/\/www.urologie-mallorca.eu\/wp-content\/uploads\/2025\/08\/urologie-mallorca-clinic-1-300x200.jpg 300w, https:\/\/www.urologie-mallorca.eu\/wp-content\/uploads\/2025\/08\/urologie-mallorca-clinic-1-768x512.jpg 768w, https:\/\/www.urologie-mallorca.eu\/wp-content\/uploads\/2025\/08\/urologie-mallorca-clinic-1-1536x1023.jpg 1536w, https:\/\/www.urologie-mallorca.eu\/wp-content\/uploads\/2025\/08\/urologie-mallorca-clinic-1-1568x1045.jpg 1568w, https:\/\/www.urologie-mallorca.eu\/wp-content\/uploads\/2025\/08\/urologie-mallorca-clinic-1-414x276.jpg 414w, https:\/\/www.urologie-mallorca.eu\/wp-content\/uploads\/2025\/08\/urologie-mallorca-clinic-1-828x552.jpg 828w, https:\/\/www.urologie-mallorca.eu\/wp-content\/uploads\/2025\/08\/urologie-mallorca-clinic-1-1440x959.jpg 1440w, https:\/\/www.urologie-mallorca.eu\/wp-content\/uploads\/2025\/08\/urologie-mallorca-clinic-1.jpg 1600w\" sizes=\"auto, (max-width: 1024px) 100vw, 1024px\" \/><button\n\t\t\tclass=\"lightbox-trigger\"\n\t\t\ttype=\"button\"\n\t\t\taria-haspopup=\"dialog\"\n\t\t\taria-label=\"Vergr\u00f6\u00dfern\"\n\t\t\tdata-wp-init=\"callbacks.initTriggerButton\"\n\t\t\tdata-wp-on--click=\"actions.showLightbox\"\n\t\t\tdata-wp-style--right=\"state.imageButtonRight\"\n\t\t\tdata-wp-style--top=\"state.imageButtonTop\"\n\t\t>\n\t\t\t<svg xmlns=\"http:\/\/www.w3.org\/2000\/svg\" width=\"12\" height=\"12\" fill=\"none\" viewBox=\"0 0 12 12\">\n\t\t\t\t<path fill=\"#fff\" d=\"M2 0a2 2 0 0 0-2 2v2h1.5V2a.5.5 0 0 1 .5-.5h2V0H2Zm2 10.5H2a.5.5 0 0 1-.5-.5V8H0v2a2 2 0 0 0 2 2h2v-1.5ZM8 12v-1.5h2a.5.5 0 0 0 .5-.5V8H12v2a2 2 0 0 1-2 2H8Zm2-12a2 2 0 0 1 2 2v2h-1.5V2a.5.5 0 0 0-.5-.5H8V0h2Z\" \/>\n\t\t\t<\/svg>\n\t\t<\/button><\/figure>\n\n\n\n<figure data-wp-context=\"{&quot;imageId&quot;:&quot;69dcf33447aed&quot;}\" data-wp-interactive=\"core\/image\" data-wp-key=\"69dcf33447aed\" class=\"wp-block-image size-large wp-lightbox-container\"><img loading=\"lazy\" decoding=\"async\" width=\"1024\" height=\"599\" data-wp-class--hide=\"state.isContentHidden\" data-wp-class--show=\"state.isContentVisible\" data-wp-init=\"callbacks.setButtonStyles\" data-wp-on--click=\"actions.showLightbox\" data-wp-on--load=\"callbacks.setButtonStyles\" data-wp-on-window--resize=\"callbacks.setButtonStyles\" data-id=\"62\" src=\"https:\/\/www.urologie-mallorca.eu\/wp-content\/uploads\/2025\/08\/urologie-mallorca-clinic-3-1024x599.jpg\" alt=\"\" class=\"wp-image-62\" srcset=\"https:\/\/www.urologie-mallorca.eu\/wp-content\/uploads\/2025\/08\/urologie-mallorca-clinic-3-1024x599.jpg 1024w, https:\/\/www.urologie-mallorca.eu\/wp-content\/uploads\/2025\/08\/urologie-mallorca-clinic-3-300x176.jpg 300w, https:\/\/www.urologie-mallorca.eu\/wp-content\/uploads\/2025\/08\/urologie-mallorca-clinic-3-768x449.jpg 768w, https:\/\/www.urologie-mallorca.eu\/wp-content\/uploads\/2025\/08\/urologie-mallorca-clinic-3-1536x899.jpg 1536w, https:\/\/www.urologie-mallorca.eu\/wp-content\/uploads\/2025\/08\/urologie-mallorca-clinic-3-1568x917.jpg 1568w, https:\/\/www.urologie-mallorca.eu\/wp-content\/uploads\/2025\/08\/urologie-mallorca-clinic-3-414x242.jpg 414w, https:\/\/www.urologie-mallorca.eu\/wp-content\/uploads\/2025\/08\/urologie-mallorca-clinic-3-828x484.jpg 828w, https:\/\/www.urologie-mallorca.eu\/wp-content\/uploads\/2025\/08\/urologie-mallorca-clinic-3-1440x842.jpg 1440w, https:\/\/www.urologie-mallorca.eu\/wp-content\/uploads\/2025\/08\/urologie-mallorca-clinic-3.jpg 1600w\" sizes=\"auto, (max-width: 1024px) 100vw, 1024px\" \/><button\n\t\t\tclass=\"lightbox-trigger\"\n\t\t\ttype=\"button\"\n\t\t\taria-haspopup=\"dialog\"\n\t\t\taria-label=\"Vergr\u00f6\u00dfern\"\n\t\t\tdata-wp-init=\"callbacks.initTriggerButton\"\n\t\t\tdata-wp-on--click=\"actions.showLightbox\"\n\t\t\tdata-wp-style--right=\"state.imageButtonRight\"\n\t\t\tdata-wp-style--top=\"state.imageButtonTop\"\n\t\t>\n\t\t\t<svg xmlns=\"http:\/\/www.w3.org\/2000\/svg\" width=\"12\" height=\"12\" fill=\"none\" viewBox=\"0 0 12 12\">\n\t\t\t\t<path fill=\"#fff\" d=\"M2 0a2 2 0 0 0-2 2v2h1.5V2a.5.5 0 0 1 .5-.5h2V0H2Zm2 10.5H2a.5.5 0 0 1-.5-.5V8H0v2a2 2 0 0 0 2 2h2v-1.5ZM8 12v-1.5h2a.5.5 0 0 0 .5-.5V8H12v2a2 2 0 0 1-2 2H8Zm2-12a2 2 0 0 1 2 2v2h-1.5V2a.5.5 0 0 0-.5-.5H8V0h2Z\" \/>\n\t\t\t<\/svg>\n\t\t<\/button><\/figure>\n\n\n\n<figure data-wp-context=\"{&quot;imageId&quot;:&quot;69dcf334486a8&quot;}\" data-wp-interactive=\"core\/image\" data-wp-key=\"69dcf334486a8\" class=\"wp-block-image size-large wp-lightbox-container\"><img loading=\"lazy\" decoding=\"async\" width=\"1024\" height=\"663\" data-wp-class--hide=\"state.isContentHidden\" data-wp-class--show=\"state.isContentVisible\" data-wp-init=\"callbacks.setButtonStyles\" data-wp-on--click=\"actions.showLightbox\" data-wp-on--load=\"callbacks.setButtonStyles\" data-wp-on-window--resize=\"callbacks.setButtonStyles\" data-id=\"63\" src=\"https:\/\/www.urologie-mallorca.eu\/wp-content\/uploads\/2025\/08\/urologie-mallorca-clinic-4-1024x663.jpg\" alt=\"\" class=\"wp-image-63\" srcset=\"https:\/\/www.urologie-mallorca.eu\/wp-content\/uploads\/2025\/08\/urologie-mallorca-clinic-4-1024x663.jpg 1024w, https:\/\/www.urologie-mallorca.eu\/wp-content\/uploads\/2025\/08\/urologie-mallorca-clinic-4-300x194.jpg 300w, https:\/\/www.urologie-mallorca.eu\/wp-content\/uploads\/2025\/08\/urologie-mallorca-clinic-4-768x497.jpg 768w, https:\/\/www.urologie-mallorca.eu\/wp-content\/uploads\/2025\/08\/urologie-mallorca-clinic-4-1536x995.jpg 1536w, https:\/\/www.urologie-mallorca.eu\/wp-content\/uploads\/2025\/08\/urologie-mallorca-clinic-4-1568x1015.jpg 1568w, https:\/\/www.urologie-mallorca.eu\/wp-content\/uploads\/2025\/08\/urologie-mallorca-clinic-4-414x268.jpg 414w, https:\/\/www.urologie-mallorca.eu\/wp-content\/uploads\/2025\/08\/urologie-mallorca-clinic-4-828x536.jpg 828w, https:\/\/www.urologie-mallorca.eu\/wp-content\/uploads\/2025\/08\/urologie-mallorca-clinic-4-1440x932.jpg 1440w, https:\/\/www.urologie-mallorca.eu\/wp-content\/uploads\/2025\/08\/urologie-mallorca-clinic-4.jpg 1600w\" sizes=\"auto, (max-width: 1024px) 100vw, 1024px\" \/><button\n\t\t\tclass=\"lightbox-trigger\"\n\t\t\ttype=\"button\"\n\t\t\taria-haspopup=\"dialog\"\n\t\t\taria-label=\"Vergr\u00f6\u00dfern\"\n\t\t\tdata-wp-init=\"callbacks.initTriggerButton\"\n\t\t\tdata-wp-on--click=\"actions.showLightbox\"\n\t\t\tdata-wp-style--right=\"state.imageButtonRight\"\n\t\t\tdata-wp-style--top=\"state.imageButtonTop\"\n\t\t>\n\t\t\t<svg xmlns=\"http:\/\/www.w3.org\/2000\/svg\" width=\"12\" height=\"12\" fill=\"none\" viewBox=\"0 0 12 12\">\n\t\t\t\t<path fill=\"#fff\" d=\"M2 0a2 2 0 0 0-2 2v2h1.5V2a.5.5 0 0 1 .5-.5h2V0H2Zm2 10.5H2a.5.5 0 0 1-.5-.5V8H0v2a2 2 0 0 0 2 2h2v-1.5ZM8 12v-1.5h2a.5.5 0 0 0 .5-.5V8H12v2a2 2 0 0 1-2 2H8Zm2-12a2 2 0 0 1 2 2v2h-1.5V2a.5.5 0 0 0-.5-.5H8V0h2Z\" \/>\n\t\t\t<\/svg>\n\t\t<\/button><\/figure>\n\n\n\n<figure data-wp-context=\"{&quot;imageId&quot;:&quot;69dcf33448ff3&quot;}\" data-wp-interactive=\"core\/image\" data-wp-key=\"69dcf33448ff3\" class=\"wp-block-image size-large wp-lightbox-container\"><img loading=\"lazy\" decoding=\"async\" width=\"1024\" height=\"650\" data-wp-class--hide=\"state.isContentHidden\" data-wp-class--show=\"state.isContentVisible\" data-wp-init=\"callbacks.setButtonStyles\" data-wp-on--click=\"actions.showLightbox\" data-wp-on--load=\"callbacks.setButtonStyles\" data-wp-on-window--resize=\"callbacks.setButtonStyles\" data-id=\"64\" src=\"https:\/\/www.urologie-mallorca.eu\/wp-content\/uploads\/2025\/08\/urologie-mallorca-clinic-5-1024x650.jpg\" alt=\"\" class=\"wp-image-64\" srcset=\"https:\/\/www.urologie-mallorca.eu\/wp-content\/uploads\/2025\/08\/urologie-mallorca-clinic-5-1024x650.jpg 1024w, https:\/\/www.urologie-mallorca.eu\/wp-content\/uploads\/2025\/08\/urologie-mallorca-clinic-5-300x191.jpg 300w, https:\/\/www.urologie-mallorca.eu\/wp-content\/uploads\/2025\/08\/urologie-mallorca-clinic-5-768x488.jpg 768w, https:\/\/www.urologie-mallorca.eu\/wp-content\/uploads\/2025\/08\/urologie-mallorca-clinic-5-1536x975.jpg 1536w, https:\/\/www.urologie-mallorca.eu\/wp-content\/uploads\/2025\/08\/urologie-mallorca-clinic-5-1568x996.jpg 1568w, https:\/\/www.urologie-mallorca.eu\/wp-content\/uploads\/2025\/08\/urologie-mallorca-clinic-5-414x263.jpg 414w, https:\/\/www.urologie-mallorca.eu\/wp-content\/uploads\/2025\/08\/urologie-mallorca-clinic-5-828x526.jpg 828w, https:\/\/www.urologie-mallorca.eu\/wp-content\/uploads\/2025\/08\/urologie-mallorca-clinic-5-1440x914.jpg 1440w, https:\/\/www.urologie-mallorca.eu\/wp-content\/uploads\/2025\/08\/urologie-mallorca-clinic-5.jpg 1600w\" sizes=\"auto, (max-width: 1024px) 100vw, 1024px\" \/><button\n\t\t\tclass=\"lightbox-trigger\"\n\t\t\ttype=\"button\"\n\t\t\taria-haspopup=\"dialog\"\n\t\t\taria-label=\"Vergr\u00f6\u00dfern\"\n\t\t\tdata-wp-init=\"callbacks.initTriggerButton\"\n\t\t\tdata-wp-on--click=\"actions.showLightbox\"\n\t\t\tdata-wp-style--right=\"state.imageButtonRight\"\n\t\t\tdata-wp-style--top=\"state.imageButtonTop\"\n\t\t>\n\t\t\t<svg xmlns=\"http:\/\/www.w3.org\/2000\/svg\" width=\"12\" height=\"12\" fill=\"none\" viewBox=\"0 0 12 12\">\n\t\t\t\t<path fill=\"#fff\" d=\"M2 0a2 2 0 0 0-2 2v2h1.5V2a.5.5 0 0 1 .5-.5h2V0H2Zm2 10.5H2a.5.5 0 0 1-.5-.5V8H0v2a2 2 0 0 0 2 2h2v-1.5ZM8 12v-1.5h2a.5.5 0 0 0 .5-.5V8H12v2a2 2 0 0 1-2 2H8Zm2-12a2 2 0 0 1 2 2v2h-1.5V2a.5.5 0 0 0-.5-.5H8V0h2Z\" \/>\n\t\t\t<\/svg>\n\t\t<\/button><\/figure>\n\n\n\n<figure data-wp-context=\"{&quot;imageId&quot;:&quot;69dcf33449925&quot;}\" data-wp-interactive=\"core\/image\" data-wp-key=\"69dcf33449925\" class=\"wp-block-image size-large wp-lightbox-container\"><img loading=\"lazy\" decoding=\"async\" width=\"1024\" height=\"682\" data-wp-class--hide=\"state.isContentHidden\" data-wp-class--show=\"state.isContentVisible\" data-wp-init=\"callbacks.setButtonStyles\" data-wp-on--click=\"actions.showLightbox\" data-wp-on--load=\"callbacks.setButtonStyles\" data-wp-on-window--resize=\"callbacks.setButtonStyles\" data-id=\"67\" src=\"https:\/\/www.urologie-mallorca.eu\/wp-content\/uploads\/2025\/08\/urologie-mallorca-clinic-6-1024x682.jpg\" alt=\"\" class=\"wp-image-67\" srcset=\"https:\/\/www.urologie-mallorca.eu\/wp-content\/uploads\/2025\/08\/urologie-mallorca-clinic-6-1024x682.jpg 1024w, https:\/\/www.urologie-mallorca.eu\/wp-content\/uploads\/2025\/08\/urologie-mallorca-clinic-6-300x200.jpg 300w, https:\/\/www.urologie-mallorca.eu\/wp-content\/uploads\/2025\/08\/urologie-mallorca-clinic-6-768x512.jpg 768w, https:\/\/www.urologie-mallorca.eu\/wp-content\/uploads\/2025\/08\/urologie-mallorca-clinic-6-1536x1023.jpg 1536w, https:\/\/www.urologie-mallorca.eu\/wp-content\/uploads\/2025\/08\/urologie-mallorca-clinic-6-1568x1045.jpg 1568w, https:\/\/www.urologie-mallorca.eu\/wp-content\/uploads\/2025\/08\/urologie-mallorca-clinic-6-414x276.jpg 414w, https:\/\/www.urologie-mallorca.eu\/wp-content\/uploads\/2025\/08\/urologie-mallorca-clinic-6-828x552.jpg 828w, https:\/\/www.urologie-mallorca.eu\/wp-content\/uploads\/2025\/08\/urologie-mallorca-clinic-6-1440x959.jpg 1440w, https:\/\/www.urologie-mallorca.eu\/wp-content\/uploads\/2025\/08\/urologie-mallorca-clinic-6.jpg 1600w\" sizes=\"auto, (max-width: 1024px) 100vw, 1024px\" \/><button\n\t\t\tclass=\"lightbox-trigger\"\n\t\t\ttype=\"button\"\n\t\t\taria-haspopup=\"dialog\"\n\t\t\taria-label=\"Vergr\u00f6\u00dfern\"\n\t\t\tdata-wp-init=\"callbacks.initTriggerButton\"\n\t\t\tdata-wp-on--click=\"actions.showLightbox\"\n\t\t\tdata-wp-style--right=\"state.imageButtonRight\"\n\t\t\tdata-wp-style--top=\"state.imageButtonTop\"\n\t\t>\n\t\t\t<svg xmlns=\"http:\/\/www.w3.org\/2000\/svg\" width=\"12\" height=\"12\" fill=\"none\" viewBox=\"0 0 12 12\">\n\t\t\t\t<path fill=\"#fff\" d=\"M2 0a2 2 0 0 0-2 2v2h1.5V2a.5.5 0 0 1 .5-.5h2V0H2Zm2 10.5H2a.5.5 0 0 1-.5-.5V8H0v2a2 2 0 0 0 2 2h2v-1.5ZM8 12v-1.5h2a.5.5 0 0 0 .5-.5V8H12v2a2 2 0 0 1-2 2H8Zm2-12a2 2 0 0 1 2 2v2h-1.5V2a.5.5 0 0 0-.5-.5H8V0h2Z\" \/>\n\t\t\t<\/svg>\n\t\t<\/button><\/figure>\n<\/figure>\n","protected":false},"excerpt":{"rendered":"<p>Dr. Kamp und sein Team sind auf schonende, sogenannte minimalinvasive chirurgische Techniken spezialisiert, die sowohl bei gutartigen als auch bei b\u00f6sartigen Erkrankungen der Niere, des Harnleiters, der Blase, der Prostata und der Harnr\u00f6hre zum Einsatz kommen. Besondere Expertise besitzt er in der potenzerhaltenden endoskopischen Chirurgie bei Prostatakrebs sowie in organerhaltenden Operationsverfahren bei der Behandlung von [&hellip;]<\/p>\n","protected":false},"author":1,"featured_media":223,"parent":0,"menu_order":0,"comment_status":"closed","ping_status":"closed","template":"page-templates\/page_company.php","meta":{"footnotes":""},"class_list":["post-222","page","type-page","status-publish","has-post-thumbnail","hentry"],"yoast_head":"<!-- This site is optimized with the Yoast SEO plugin v27.3 - https:\/\/yoast.com\/product\/yoast-seo-wordpress\/ -->\n<title>\u00dcber uns | Urologie Mallorca<\/title>\n<meta name=\"description\" content=\"Mit \u00fcber 20 Jahren Erfahrung bieten Dr. Kamp und sein Team eine fortschrittliche, minimalinvasive urologische Versorgung, die auf die Bed\u00fcrfnisse jedes einzelnen Patienten zugeschnitten ist.\" \/>\n<meta name=\"robots\" content=\"index, follow, max-snippet:-1, max-image-preview:large, max-video-preview:-1\" \/>\n<link rel=\"canonical\" href=\"https:\/\/www.urologie-mallorca.eu\/de\/ueber-uns\/\" \/>\n<meta property=\"og:locale\" content=\"de_DE\" \/>\n<meta property=\"og:type\" content=\"article\" \/>\n<meta property=\"og:title\" content=\"\u00dcber uns | Urologie Mallorca\" \/>\n<meta property=\"og:description\" content=\"Mit \u00fcber 20 Jahren Erfahrung bieten Dr. Kamp und sein Team eine fortschrittliche, minimalinvasive urologische Versorgung, die auf die Bed\u00fcrfnisse jedes einzelnen Patienten zugeschnitten ist.\" \/>\n<meta property=\"og:url\" content=\"https:\/\/www.urologie-mallorca.eu\/de\/ueber-uns\/\" \/>\n<meta property=\"og:site_name\" content=\"Urologie Mallorca\" \/>\n<meta property=\"article:modified_time\" content=\"2026-04-13T09:41:05+00:00\" \/>\n<meta property=\"og:image\" content=\"https:\/\/www.urologie-mallorca.eu\/wp-content\/uploads\/2025\/08\/urologie-mallorca-clinic-2.jpg\" \/>\n\t<meta property=\"og:image:width\" content=\"1600\" \/>\n\t<meta property=\"og:image:height\" content=\"936\" \/>\n\t<meta property=\"og:image:type\" content=\"image\/jpeg\" \/>\n<meta name=\"twitter:card\" content=\"summary_large_image\" \/>\n<meta name=\"twitter:label1\" content=\"Gesch\u00e4tzte Lesezeit\" \/>\n\t<meta name=\"twitter:data1\" content=\"3\u00a0Minuten\" \/>\n<script type=\"application\/ld+json\" class=\"yoast-schema-graph\">{\"@context\":\"https:\\\/\\\/schema.org\",\"@graph\":[{\"@type\":\"WebPage\",\"@id\":\"https:\\\/\\\/www.urologie-mallorca.eu\\\/de\\\/ueber-uns\\\/\",\"url\":\"https:\\\/\\\/www.urologie-mallorca.eu\\\/de\\\/ueber-uns\\\/\",\"name\":\"\u00dcber uns | Urologie Mallorca\",\"isPartOf\":{\"@id\":\"https:\\\/\\\/www.urologie-mallorca.eu\\\/de\\\/#website\"},\"primaryImageOfPage\":{\"@id\":\"https:\\\/\\\/www.urologie-mallorca.eu\\\/de\\\/ueber-uns\\\/#primaryimage\"},\"image\":{\"@id\":\"https:\\\/\\\/www.urologie-mallorca.eu\\\/de\\\/ueber-uns\\\/#primaryimage\"},\"thumbnailUrl\":\"https:\\\/\\\/www.urologie-mallorca.eu\\\/wp-content\\\/uploads\\\/2025\\\/08\\\/urologie-mallorca-clinic-2.jpg\",\"datePublished\":\"2026-03-31T08:32:43+00:00\",\"dateModified\":\"2026-04-13T09:41:05+00:00\",\"description\":\"Mit \u00fcber 20 Jahren Erfahrung bieten Dr. Kamp und sein Team eine fortschrittliche, minimalinvasive urologische Versorgung, die auf die Bed\u00fcrfnisse jedes einzelnen Patienten zugeschnitten ist.\",\"breadcrumb\":{\"@id\":\"https:\\\/\\\/www.urologie-mallorca.eu\\\/de\\\/ueber-uns\\\/#breadcrumb\"},\"inLanguage\":\"de\",\"potentialAction\":[{\"@type\":\"ReadAction\",\"target\":[\"https:\\\/\\\/www.urologie-mallorca.eu\\\/de\\\/ueber-uns\\\/\"]}]},{\"@type\":\"ImageObject\",\"inLanguage\":\"de\",\"@id\":\"https:\\\/\\\/www.urologie-mallorca.eu\\\/de\\\/ueber-uns\\\/#primaryimage\",\"url\":\"https:\\\/\\\/www.urologie-mallorca.eu\\\/wp-content\\\/uploads\\\/2025\\\/08\\\/urologie-mallorca-clinic-2.jpg\",\"contentUrl\":\"https:\\\/\\\/www.urologie-mallorca.eu\\\/wp-content\\\/uploads\\\/2025\\\/08\\\/urologie-mallorca-clinic-2.jpg\",\"width\":1600,\"height\":936},{\"@type\":\"BreadcrumbList\",\"@id\":\"https:\\\/\\\/www.urologie-mallorca.eu\\\/de\\\/ueber-uns\\\/#breadcrumb\",\"itemListElement\":[{\"@type\":\"ListItem\",\"position\":1,\"name\":\"Home\",\"item\":\"https:\\\/\\\/www.urologie-mallorca.eu\\\/de\\\/\"},{\"@type\":\"ListItem\",\"position\":2,\"name\":\"\u00dcber uns\"}]},{\"@type\":\"WebSite\",\"@id\":\"https:\\\/\\\/www.urologie-mallorca.eu\\\/de\\\/#website\",\"url\":\"https:\\\/\\\/www.urologie-mallorca.eu\\\/de\\\/\",\"name\":\"Urologie Mallorca\",\"description\":\"\",\"publisher\":{\"@id\":\"https:\\\/\\\/www.urologie-mallorca.eu\\\/de\\\/#organization\"},\"potentialAction\":[{\"@type\":\"SearchAction\",\"target\":{\"@type\":\"EntryPoint\",\"urlTemplate\":\"https:\\\/\\\/www.urologie-mallorca.eu\\\/de\\\/?s={search_term_string}\"},\"query-input\":{\"@type\":\"PropertyValueSpecification\",\"valueRequired\":true,\"valueName\":\"search_term_string\"}}],\"inLanguage\":\"de\"},{\"@type\":\"Organization\",\"@id\":\"https:\\\/\\\/www.urologie-mallorca.eu\\\/de\\\/#organization\",\"name\":\"Urologie Mallorca\",\"url\":\"https:\\\/\\\/www.urologie-mallorca.eu\\\/de\\\/\",\"logo\":{\"@type\":\"ImageObject\",\"inLanguage\":\"de\",\"@id\":\"https:\\\/\\\/www.urologie-mallorca.eu\\\/de\\\/#\\\/schema\\\/logo\\\/image\\\/\",\"url\":\"https:\\\/\\\/www.urologie-mallorca.eu\\\/wp-content\\\/uploads\\\/2025\\\/07\\\/urologie-social-card.png\",\"contentUrl\":\"https:\\\/\\\/www.urologie-mallorca.eu\\\/wp-content\\\/uploads\\\/2025\\\/07\\\/urologie-social-card.png\",\"width\":880,\"height\":660,\"caption\":\"Urologie Mallorca\"},\"image\":{\"@id\":\"https:\\\/\\\/www.urologie-mallorca.eu\\\/de\\\/#\\\/schema\\\/logo\\\/image\\\/\"}}]}<\/script>\n<!-- \/ Yoast SEO plugin. -->","yoast_head_json":{"title":"\u00dcber uns | Urologie Mallorca","description":"Mit \u00fcber 20 Jahren Erfahrung bieten Dr. Kamp und sein Team eine fortschrittliche, minimalinvasive urologische Versorgung, die auf die Bed\u00fcrfnisse jedes einzelnen Patienten zugeschnitten ist.","robots":{"index":"index","follow":"follow","max-snippet":"max-snippet:-1","max-image-preview":"max-image-preview:large","max-video-preview":"max-video-preview:-1"},"canonical":"https:\/\/www.urologie-mallorca.eu\/de\/ueber-uns\/","og_locale":"de_DE","og_type":"article","og_title":"\u00dcber uns | Urologie Mallorca","og_description":"Mit \u00fcber 20 Jahren Erfahrung bieten Dr. Kamp und sein Team eine fortschrittliche, minimalinvasive urologische Versorgung, die auf die Bed\u00fcrfnisse jedes einzelnen Patienten zugeschnitten ist.","og_url":"https:\/\/www.urologie-mallorca.eu\/de\/ueber-uns\/","og_site_name":"Urologie Mallorca","article_modified_time":"2026-04-13T09:41:05+00:00","og_image":[{"width":1600,"height":936,"url":"https:\/\/www.urologie-mallorca.eu\/wp-content\/uploads\/2025\/08\/urologie-mallorca-clinic-2.jpg","type":"image\/jpeg"}],"twitter_card":"summary_large_image","twitter_misc":{"Gesch\u00e4tzte Lesezeit":"3\u00a0Minuten"},"schema":{"@context":"https:\/\/schema.org","@graph":[{"@type":"WebPage","@id":"https:\/\/www.urologie-mallorca.eu\/de\/ueber-uns\/","url":"https:\/\/www.urologie-mallorca.eu\/de\/ueber-uns\/","name":"\u00dcber uns | Urologie Mallorca","isPartOf":{"@id":"https:\/\/www.urologie-mallorca.eu\/de\/#website"},"primaryImageOfPage":{"@id":"https:\/\/www.urologie-mallorca.eu\/de\/ueber-uns\/#primaryimage"},"image":{"@id":"https:\/\/www.urologie-mallorca.eu\/de\/ueber-uns\/#primaryimage"},"thumbnailUrl":"https:\/\/www.urologie-mallorca.eu\/wp-content\/uploads\/2025\/08\/urologie-mallorca-clinic-2.jpg","datePublished":"2026-03-31T08:32:43+00:00","dateModified":"2026-04-13T09:41:05+00:00","description":"Mit \u00fcber 20 Jahren Erfahrung bieten Dr. Kamp und sein Team eine fortschrittliche, minimalinvasive urologische Versorgung, die auf die Bed\u00fcrfnisse jedes einzelnen Patienten zugeschnitten ist.","breadcrumb":{"@id":"https:\/\/www.urologie-mallorca.eu\/de\/ueber-uns\/#breadcrumb"},"inLanguage":"de","potentialAction":[{"@type":"ReadAction","target":["https:\/\/www.urologie-mallorca.eu\/de\/ueber-uns\/"]}]},{"@type":"ImageObject","inLanguage":"de","@id":"https:\/\/www.urologie-mallorca.eu\/de\/ueber-uns\/#primaryimage","url":"https:\/\/www.urologie-mallorca.eu\/wp-content\/uploads\/2025\/08\/urologie-mallorca-clinic-2.jpg","contentUrl":"https:\/\/www.urologie-mallorca.eu\/wp-content\/uploads\/2025\/08\/urologie-mallorca-clinic-2.jpg","width":1600,"height":936},{"@type":"BreadcrumbList","@id":"https:\/\/www.urologie-mallorca.eu\/de\/ueber-uns\/#breadcrumb","itemListElement":[{"@type":"ListItem","position":1,"name":"Home","item":"https:\/\/www.urologie-mallorca.eu\/de\/"},{"@type":"ListItem","position":2,"name":"\u00dcber uns"}]},{"@type":"WebSite","@id":"https:\/\/www.urologie-mallorca.eu\/de\/#website","url":"https:\/\/www.urologie-mallorca.eu\/de\/","name":"Urologie Mallorca","description":"","publisher":{"@id":"https:\/\/www.urologie-mallorca.eu\/de\/#organization"},"potentialAction":[{"@type":"SearchAction","target":{"@type":"EntryPoint","urlTemplate":"https:\/\/www.urologie-mallorca.eu\/de\/?s={search_term_string}"},"query-input":{"@type":"PropertyValueSpecification","valueRequired":true,"valueName":"search_term_string"}}],"inLanguage":"de"},{"@type":"Organization","@id":"https:\/\/www.urologie-mallorca.eu\/de\/#organization","name":"Urologie Mallorca","url":"https:\/\/www.urologie-mallorca.eu\/de\/","logo":{"@type":"ImageObject","inLanguage":"de","@id":"https:\/\/www.urologie-mallorca.eu\/de\/#\/schema\/logo\/image\/","url":"https:\/\/www.urologie-mallorca.eu\/wp-content\/uploads\/2025\/07\/urologie-social-card.png","contentUrl":"https:\/\/www.urologie-mallorca.eu\/wp-content\/uploads\/2025\/07\/urologie-social-card.png","width":880,"height":660,"caption":"Urologie Mallorca"},"image":{"@id":"https:\/\/www.urologie-mallorca.eu\/de\/#\/schema\/logo\/image\/"}}]}},"_links":{"self":[{"href":"https:\/\/www.urologie-mallorca.eu\/de\/wp-json\/wp\/v2\/pages\/222","targetHints":{"allow":["GET"]}}],"collection":[{"href":"https:\/\/www.urologie-mallorca.eu\/de\/wp-json\/wp\/v2\/pages"}],"about":[{"href":"https:\/\/www.urologie-mallorca.eu\/de\/wp-json\/wp\/v2\/types\/page"}],"author":[{"embeddable":true,"href":"https:\/\/www.urologie-mallorca.eu\/de\/wp-json\/wp\/v2\/users\/1"}],"replies":[{"embeddable":true,"href":"https:\/\/www.urologie-mallorca.eu\/de\/wp-json\/wp\/v2\/comments?post=222"}],"version-history":[{"count":2,"href":"https:\/\/www.urologie-mallorca.eu\/de\/wp-json\/wp\/v2\/pages\/222\/revisions"}],"predecessor-version":[{"id":233,"href":"https:\/\/www.urologie-mallorca.eu\/de\/wp-json\/wp\/v2\/pages\/222\/revisions\/233"}],"wp:featuredmedia":[{"embeddable":true,"href":"https:\/\/www.urologie-mallorca.eu\/de\/wp-json\/wp\/v2\/media\/223"}],"wp:attachment":[{"href":"https:\/\/www.urologie-mallorca.eu\/de\/wp-json\/wp\/v2\/media?parent=222"}],"curies":[{"name":"wp","href":"https:\/\/api.w.org\/{rel}","templated":true}]}}